{"id":18436,"date":"2021-08-24T10:33:49","date_gmt":"2021-08-24T08:33:49","guid":{"rendered":"https:\/\/www.campinglesdunes.fr\/services\/"},"modified":"2024-06-04T11:50:17","modified_gmt":"2024-06-04T09:50:17","slug":"dienstleistungen","status":"publish","type":"page","link":"https:\/\/www.campinglesdunes.fr\/de\/dienstleistungen\/","title":{"rendered":"DIENSTLEISTUNGEN"},"content":{"rendered":"<div class=\"bloc-texte full\"><div class=\"texte center\"><p>Auf dem Campingplatz Les Dunes in Br\u00e9tignolles stehen zahlreiche Dienstleistungen f\u00fcr die ganze Familie zur Verf\u00fcgung. W\u00e4hrend der Allerheiligen-Feiertage: Brotabgabe an der Rezeption auf Bestellung sp\u00e4testens am Vortag. Restaurants, Snackbars und Pizzerien in der Rue des Dunes sind w\u00e4hrend der Allerheiligenfeiertage ge\u00f6ffnet.<\/p>\n<\/div><\/div>\n\n<div class=\"text-image-new style1 image-right background-marron\"><div class=\"text-image-new-colonne\"><H2 class=\"text-image-new-titre\">Camping les Dunes : die Bar \/ das Restaurant<\/H2><div class=\"text-image-new-content\"><p>Was Urlauber in der Vend\u00e9e am meisten sch\u00e4tzen, sind nicht nur die Str\u00e4nde, Outdoor-Aktivit\u00e4ten oder Vergn\u00fcgungsparks, sie sind auch von der K\u00fcche und ihren traditionellen Rezepten fasziniert. Auf dem 5-Sterne-Campingplatz mit Restaurant l&#8217;escale des Dunes in Br\u00e9tignolles haben Sie nicht nur die M\u00f6glichkeit, Spa\u00df zu haben, sondern auch Ihren Gaumen zu verw\u00f6hnen. Vor Ort finden Sie tats\u00e4chlich ein Restaurant, das Ihnen alle Arten von Gerichten zum Essen vor Ort oder zum Mitnehmen anbietet.<\/p>\n<p>F\u00fcr dieses Jahr bietet Ihnen das Restaurant Escale des Dunes eines unabh\u00e4ngigen Campingplatzbetreibers seine neue Speisekarte mit abwechslungsreichen Men\u00fcs an. So m\u00fcssen Sie an den Feiertagen nicht mehr Ihre Mahlzeiten zubereiten, wenn Sie keine Lust dazu haben. Sie k\u00f6nnen sich darauf verlassen, dass das Restaurantpersonal k\u00f6stliche Mahlzeiten f\u00fcr Sie zubereitet und jeden Moment auf dem Campingplatz mit Spa\u00df und Freude mit Ihren Lieben genie\u00dft. Sie k\u00f6nnen sich Pizza, Pfannkuchen oder Burger g\u00f6nnen.<\/p>\n<\/div><p class=\"lire-plus\">Mehr lesen<\/p><div class=\"text-image-new-content-more hide\"><p>Schauen Sie im Restaurant vorbei, wenn Sie sich ein Eis zur Abk\u00fchlung g\u00f6nnen oder gegrilltes Fleisch mit der Familie auf Ihrer Terrasse genie\u00dfen m\u00f6chten. Das Restaurant bietet auch Salate, Muscheln und Pommes, Men\u00fcs bestehend aus Gerichten und Cocktails. W\u00e4hrend Sie auf dem Campingplatz Les Dunes auf Ihre Mahlzeit im Restaurant warten, k\u00f6nnen Sie das Spielzimmer nutzen, das Ihnen zur Verf\u00fcgung steht. Denken Sie auch daran, dass das Restaurant des Campingplatzes tags\u00fcber und abends ein sehr lebhafter Ort ist, ebenso wie die Bar, die Cocktails zur Erfrischung anbietet.<\/p>\n<p>J\u00e4hrliche Schlie\u00dfung des Zwischenstopps \u201eD\u00fcnen\u201c am 29.09.2024<\/p>\n<\/div><p class=\"lire-moins hide\">Lese weniger<\/p><\/div><div class=\"text-image-new-colonne\"><img decoding=\"async\" src=\"https:\/\/www.campinglesdunes.fr\/wp-content\/uploads\/2024\/04\/restaurant-camping-les-dunes.jpg\" alt=\"Restaurant Campingplatz Les Dunes\" class=\"text-image-new-thumb\" \/><\/div><\/div>\n\n<div class=\"text-image-new style1 image-left\"><div class=\"text-image-new-colonne\"><div class=\"text-image-new-content\"><p>Der Campingplatz Les Dunes liegt in Br\u00e9tignolles sur Mer und ist die ideale Adresse f\u00fcr Spazierg\u00e4nge und Wanderungen aller Art. Und in diesem Zusammenhang bietet der Campingplatz einen Fahrradverleih an, damit Sie die sch\u00f6nsten Orte der Vend\u00e9e entdecken k\u00f6nnen. Insgesamt finden Sie in der Umgebung von Br\u00e9tignolles sur mer 17 Radwege, die Ihren Ausflugswunsch erf\u00fcllen. Beginnen Sie Ihre Reise mit dem Radweg, der am Campingplatz vorbeif\u00fchrt und Sie nach Les Sables-d&#8217;Olonne f\u00fchrt, einem f\u00fcr Wohnmobile unumg\u00e4nglichen Ort Urlaub in der Vend\u00e9e.<\/p>\n<\/div><p class=\"lire-plus\">Mehr lesen<\/p><div class=\"text-image-new-content-more hide\"><p>Nutzen Sie auch Ihren Aufenthalt auf dem Campingplatz Les Dunes, um die sch\u00f6nsten Erinnerungen zu schaffen und so viel Zeit wie m\u00f6glich mit Ihrer Familie zu verbringen. Dank des Fahrradverleihs in Br\u00e9tignolles auf dem Campingplatz k\u00f6nnen Sie sogar eine Wanderung durch den Wald organisieren. Sie k\u00f6nnen herrliche Orte an der K\u00fcste entdecken oder am Rande eines Sumpfes neue Kraft tanken. Daf\u00fcr stellt Ihnen die Einrichtung Fahrr\u00e4der zur Verf\u00fcgung, die an Ihre Reiseroute und Ihr Tempo angepasst sind: Mountainbikes und Hybridr\u00e4der, aber auch Kinderfahrr\u00e4der. Keine Reservierung erforderlich: Die von der Firma Loc and Go verwalteten Best\u00e4nde decken immer die Nachfrage der Urlauber.<\/p>\n<p><a href=\"https:\/\/www.campinglesdunes.fr\/wp-content\/uploads\/2022\/09\/2022-LOCANDGO-fiche-tarifs-A4-2022-BAT.pdf\">Fahrradverleihpreise<\/a><\/p>\n<\/div><p class=\"lire-moins hide\">Lese weniger<\/p><\/div><div class=\"text-image-new-colonne\"><img decoding=\"async\" src=\"https:\/\/www.campinglesdunes.fr\/wp-content\/uploads\/2024\/04\/vendee-a-velo.jpg\" alt=\"Fahrradverleih Camping Les Dunes\" class=\"text-image-new-thumb\" \/><\/div><\/div>\n\n<div class=\"text-image-new style1 image-right background-marron\"><div class=\"text-image-new-colonne\"><H2 class=\"text-image-new-titre\">Der W\u00e4scheservice auf dem Campingplatz Les Dunes in Br\u00e9tignolles<\/H2><div class=\"text-image-new-content\"><p>Wenn Sie in den Urlaub fahren, sind die Dienstleistungen ebenso wichtig wie die Qualit\u00e4t der Unterkunft und der Freizeitaktivit\u00e4ten. Auf dem 5-Sterne-Campingplatz in Br\u00e9tignolles Les Dunes sind wir uns Ihrer Erwartungen bewusst und bem\u00fchen uns stets, Ihre Bed\u00fcrfnisse bestm\u00f6glich zu erf\u00fcllen. Zus\u00e4tzlich zu den vielen praktischen Dienstleistungen, die wir Ihnen zur Verf\u00fcgung stellen, finden Sie auf dem Campingplatz auch einen W\u00e4schebereich. Dieser Service ist von 9 bis 20 Uhr ge\u00f6ffnet und mit Waschmaschinen, Trocknern und B\u00fcgeleisen ausgestattet.<\/p>\n<\/div><p class=\"lire-plus\">Mehr lesen<\/p><div class=\"text-image-new-content-more hide\"><p>Jeder Automat arbeitet automatisch mit einem M\u00fcnzmechanismus. F\u00fcr Waschmaschinen und Trockner gilt der gleiche Preis: zwei 2-Euro-M\u00fcnzen und eine 1-Euro-M\u00fcnze f\u00fcr jeden Waschvorgang. Wir haben rund zehn Maschinen geplant, um den Bed\u00fcrfnissen aller Urlauber auf dem Campingplatz gerecht zu werden. Machen Sie sich also keine Sorgen, w\u00e4hrend Ihres Aufenthalts steht Ihnen in Ihrem Mobilheim nur saubere Bettw\u00e4sche zur Verf\u00fcgung. Wir legen gro\u00dfen Wert auf die Sicherheit von Wohnmobilen. Daher werden die Maschinen, die wir Ihnen zur Verf\u00fcgung stellen, mit einem Konformit\u00e4tszertifikat geliefert und ihre ordnungsgem\u00e4\u00dfe Funktion wird regelm\u00e4\u00dfig \u00fcberpr\u00fcft.<\/p>\n<\/div><p class=\"lire-moins hide\">Lese weniger<\/p><\/div><div class=\"text-image-new-colonne\"><img decoding=\"async\" src=\"https:\/\/www.campinglesdunes.fr\/wp-content\/uploads\/2024\/04\/laverie-camping-les-dunes.jpg\" alt=\"W\u00e4scherei auf dem Campingplatz Les Dunes in Br\u00e9tignolles in der Vend\u00e9e\" class=\"text-image-new-thumb\" \/><\/div><\/div>\n\n<div class=\"text-image-new style1 image-left\"><div class=\"text-image-new-colonne\"><H2 class=\"text-image-new-titre\">Der Lebensmittelservice auf dem Campingplatz Les Dunes<\/H2><div class=\"text-image-new-content\"><p>Wenn Sie auf einem 5-Sterne-Campingplatz in Br\u00e9tignolles \u00fcbernachten, erwarten Sie logischerweise, dass Sie in allen Punkten zufrieden sind: Dienstleistungen, Freizeit, Unterkunft usw. Und in diesem Sinne ist auf dem Campingplatz Les Dunes alles geplant, um jeden Ihrer W\u00fcnsche zu erf\u00fcllen. Um Ihren Aufenthalt noch angenehmer zu gestalten, finden Sie vor Ort ein Lebensmittelgesch\u00e4ft. Sie m\u00fcssen den Campingplatz nicht verlassen, um Ihre Eink\u00e4ufe zu erledigen. Im Lebensmittelgesch\u00e4ft des Campingplatzes finden Sie alles, was Sie brauchen. Der Minimarkt befindet sich in der N\u00e4he der Schwimmb\u00e4der und verf\u00fcgt \u00fcber eine gro\u00dfe Auswahl an Produkten, die allen Bed\u00fcrfnissen gerecht werden.<\/p>\n<p>Der Lebensmittelladen des Campingplatzes Les Dunes ist vom 6. April 2024 bis zum 15. September 2024 t\u00e4glich ge\u00f6ffnet, in der Nebensaison von Montag bis Donnerstag und Freitag bis Sonntag sowie in den Schulferien und an Feiertagen ab 8 Uhr. von 16:30 bis 19:30 Uhr. Um Ihren W\u00fcnschen in der Hochsaison gerecht zu werden, hat der Supermarkt vom 6. Juli 2024 bis 1. September 2024 von 8.00 bis 13.00 Uhr und von 16.30 bis 20.00 Uhr ge\u00f6ffnet. In seinen Abteilungen bietet es Ihnen alle Arten von Verbrauchsg\u00fctern: lokale Produkte, Tiefk\u00fchlkost, Obst und Gem\u00fcse usw.<\/p>\n<\/div><p class=\"lire-plus\">Mehr lesen<\/p><div class=\"text-image-new-content-more hide\"><p>F\u00fcr Ihr Fr\u00fchst\u00fcck bietet der Supermarkt leckere Br\u00f6tchen und Geb\u00e4ck. Auch Presseartikel werden vor Ort verkauft, falls Sie w\u00e4hrend Ihrer Entspannungsmomente ein paar Artikel lesen m\u00f6chten. Vergessen Sie oft Ihren Badeanzug? Keine Panik, gehen Sie zum Lebensmittelladen, kaufen Sie eins und genie\u00dfen Sie ein tolles Bad im Wasserpark des Campingplatzes.<\/p>\n<\/div><p class=\"lire-moins hide\">Lese weniger<\/p><\/div><div class=\"text-image-new-colonne\"><img decoding=\"async\" src=\"https:\/\/www.campinglesdunes.fr\/wp-content\/uploads\/2024\/04\/epicerie-camping-les-dunes.jpg\" alt=\"Lebensmittelgesch\u00e4ft Camping Les Dunes\" class=\"text-image-new-thumb\" \/><\/div><\/div>","protected":false},"excerpt":{"rendered":"","protected":false},"author":1,"featured_media":14665,"parent":0,"menu_order":0,"comment_status":"closed","ping_status":"closed","template":"","meta":{"_acf_changed":false,"footnotes":""},"class_list":["post-18436","page","type-page","status-publish","has-post-thumbnail","hentry"],"acf":[],"yoast_head":"<!-- This site is optimized with the Yoast SEO plugin v27.4 - https:\/\/yoast.com\/product\/yoast-seo-wordpress\/ -->\n<title>Dienstleistungen auf dem Campingplatz Les Dunes in Br\u00e9tignolles in der Vend\u00e9e<\/title>\n<meta name=\"description\" content=\"Entdecken Sie die Dienstleistungen des Campingplatzes Les Dunes in Br\u00e9tignolles und buchen Sie Ihren Aufenthalt auf diesem Campingplatz in der Vend\u00e9e.\" \/>\n<meta name=\"robots\" content=\"index, follow, max-snippet:-1, max-image-preview:large, max-video-preview:-1\" \/>\n<link rel=\"canonical\" href=\"https:\/\/www.campinglesdunes.fr\/de\/dienstleistungen\/\" \/>\n<meta property=\"og:locale\" content=\"de_DE\" \/>\n<meta property=\"og:type\" content=\"article\" \/>\n<meta property=\"og:title\" content=\"Dienstleistungen auf dem Campingplatz Les Dunes in Br\u00e9tignolles in der Vend\u00e9e\" \/>\n<meta property=\"og:description\" content=\"Entdecken Sie die Dienstleistungen des Campingplatzes Les Dunes in Br\u00e9tignolles und buchen Sie Ihren Aufenthalt auf diesem Campingplatz in der Vend\u00e9e.\" \/>\n<meta property=\"og:url\" content=\"https:\/\/www.campinglesdunes.fr\/de\/dienstleistungen\/\" \/>\n<meta property=\"og:site_name\" content=\"Camping des Dunes\" \/>\n<meta property=\"article:modified_time\" content=\"2024-06-04T09:50:17+00:00\" \/>\n<meta property=\"og:image\" content=\"https:\/\/www.campinglesdunes.fr\/wp-content\/uploads\/2023\/01\/SERVICES-1-scaled.jpg\" \/>\n\t<meta property=\"og:image:width\" content=\"2560\" \/>\n\t<meta property=\"og:image:height\" content=\"1297\" \/>\n\t<meta property=\"og:image:type\" content=\"image\/jpeg\" \/>\n<meta name=\"twitter:card\" content=\"summary_large_image\" \/>\n<meta name=\"twitter:label1\" content=\"Gesch\u00e4tzte Lesezeit\" \/>\n\t<meta name=\"twitter:data1\" content=\"1\u00a0Minute\" \/>\n<script type=\"application\/ld+json\" class=\"yoast-schema-graph\">{\"@context\":\"https:\\\/\\\/schema.org\",\"@graph\":[{\"@type\":\"WebPage\",\"@id\":\"https:\\\/\\\/www.campinglesdunes.fr\\\/de\\\/dienstleistungen\\\/\",\"url\":\"https:\\\/\\\/www.campinglesdunes.fr\\\/de\\\/dienstleistungen\\\/\",\"name\":\"Dienstleistungen auf dem Campingplatz Les Dunes in Br\u00e9tignolles in der Vend\u00e9e\",\"isPartOf\":{\"@id\":\"https:\\\/\\\/www.campinglesdunes.fr\\\/de\\\/#website\"},\"primaryImageOfPage\":{\"@id\":\"https:\\\/\\\/www.campinglesdunes.fr\\\/de\\\/dienstleistungen\\\/#primaryimage\"},\"image\":{\"@id\":\"https:\\\/\\\/www.campinglesdunes.fr\\\/de\\\/dienstleistungen\\\/#primaryimage\"},\"thumbnailUrl\":\"https:\\\/\\\/www.campinglesdunes.fr\\\/wp-content\\\/uploads\\\/2023\\\/01\\\/SERVICES-1-scaled.jpg\",\"datePublished\":\"2021-08-24T08:33:49+00:00\",\"dateModified\":\"2024-06-04T09:50:17+00:00\",\"description\":\"Entdecken Sie die Dienstleistungen des Campingplatzes Les Dunes in Br\u00e9tignolles und buchen Sie Ihren Aufenthalt auf diesem Campingplatz in der Vend\u00e9e.\",\"breadcrumb\":{\"@id\":\"https:\\\/\\\/www.campinglesdunes.fr\\\/de\\\/dienstleistungen\\\/#breadcrumb\"},\"inLanguage\":\"de\",\"potentialAction\":[{\"@type\":\"ReadAction\",\"target\":[\"https:\\\/\\\/www.campinglesdunes.fr\\\/de\\\/dienstleistungen\\\/\"]}]},{\"@type\":\"ImageObject\",\"inLanguage\":\"de\",\"@id\":\"https:\\\/\\\/www.campinglesdunes.fr\\\/de\\\/dienstleistungen\\\/#primaryimage\",\"url\":\"https:\\\/\\\/www.campinglesdunes.fr\\\/wp-content\\\/uploads\\\/2023\\\/01\\\/SERVICES-1-scaled.jpg\",\"contentUrl\":\"https:\\\/\\\/www.campinglesdunes.fr\\\/wp-content\\\/uploads\\\/2023\\\/01\\\/SERVICES-1-scaled.jpg\",\"width\":\"2560\",\"height\":\"1297\"},{\"@type\":\"BreadcrumbList\",\"@id\":\"https:\\\/\\\/www.campinglesdunes.fr\\\/de\\\/dienstleistungen\\\/#breadcrumb\",\"itemListElement\":[{\"@type\":\"ListItem\",\"position\":1,\"name\":\"Camping Vend\u00e9e\",\"item\":\"https:\\\/\\\/www.campinglesdunes.fr\\\/de\\\/\"},{\"@type\":\"ListItem\",\"position\":2,\"name\":\"DIENSTLEISTUNGEN\"}]},{\"@type\":\"WebSite\",\"@id\":\"https:\\\/\\\/www.campinglesdunes.fr\\\/de\\\/#website\",\"url\":\"https:\\\/\\\/www.campinglesdunes.fr\\\/de\\\/\",\"name\":\"Camping des Dunes\",\"description\":\"Votre camping 5 \u00e9toiles en Vend\u00e9e\",\"publisher\":{\"@id\":\"https:\\\/\\\/www.campinglesdunes.fr\\\/de\\\/#organization\"},\"potentialAction\":[{\"@type\":\"SearchAction\",\"target\":{\"@type\":\"EntryPoint\",\"urlTemplate\":\"https:\\\/\\\/www.campinglesdunes.fr\\\/de\\\/?s={search_term_string}\"},\"query-input\":{\"@type\":\"PropertyValueSpecification\",\"valueRequired\":true,\"valueName\":\"search_term_string\"}}],\"inLanguage\":\"de\"},{\"@type\":\"Organization\",\"@id\":\"https:\\\/\\\/www.campinglesdunes.fr\\\/de\\\/#organization\",\"name\":\"Camping Bretignolles sur Mer en Vend\u00e9e\",\"url\":\"https:\\\/\\\/www.campinglesdunes.fr\\\/de\\\/\",\"logo\":{\"@type\":\"ImageObject\",\"inLanguage\":\"de\",\"@id\":\"https:\\\/\\\/www.campinglesdunes.fr\\\/de\\\/#\\\/schema\\\/logo\\\/image\\\/\",\"url\":\"https:\\\/\\\/www.campinglesdunes.fr\\\/wp-content\\\/uploads\\\/2022\\\/06\\\/logo-4.png\",\"contentUrl\":\"https:\\\/\\\/www.campinglesdunes.fr\\\/wp-content\\\/uploads\\\/2022\\\/06\\\/logo-4.png\",\"width\":187,\"height\":80,\"caption\":\"Camping Bretignolles sur Mer en Vend\u00e9e\"},\"image\":{\"@id\":\"https:\\\/\\\/www.campinglesdunes.fr\\\/de\\\/#\\\/schema\\\/logo\\\/image\\\/\"}}]}<\/script>\n<!-- \/ Yoast SEO plugin. -->","yoast_head_json":{"title":"Dienstleistungen auf dem Campingplatz Les Dunes in Br\u00e9tignolles in der Vend\u00e9e","description":"Entdecken Sie die Dienstleistungen des Campingplatzes Les Dunes in Br\u00e9tignolles und buchen Sie Ihren Aufenthalt auf diesem Campingplatz in der Vend\u00e9e.","robots":{"index":"index","follow":"follow","max-snippet":"max-snippet:-1","max-image-preview":"max-image-preview:large","max-video-preview":"max-video-preview:-1"},"canonical":"https:\/\/www.campinglesdunes.fr\/de\/dienstleistungen\/","og_locale":"de_DE","og_type":"article","og_title":"Dienstleistungen auf dem Campingplatz Les Dunes in Br\u00e9tignolles in der Vend\u00e9e","og_description":"Entdecken Sie die Dienstleistungen des Campingplatzes Les Dunes in Br\u00e9tignolles und buchen Sie Ihren Aufenthalt auf diesem Campingplatz in der Vend\u00e9e.","og_url":"https:\/\/www.campinglesdunes.fr\/de\/dienstleistungen\/","og_site_name":"Camping des Dunes","article_modified_time":"2024-06-04T09:50:17+00:00","og_image":[{"width":2560,"height":1297,"url":"https:\/\/www.campinglesdunes.fr\/wp-content\/uploads\/2023\/01\/SERVICES-1-scaled.jpg","type":"image\/jpeg"}],"twitter_card":"summary_large_image","twitter_misc":{"Gesch\u00e4tzte Lesezeit":"1\u00a0Minute"},"schema":{"@context":"https:\/\/schema.org","@graph":[{"@type":"WebPage","@id":"https:\/\/www.campinglesdunes.fr\/de\/dienstleistungen\/","url":"https:\/\/www.campinglesdunes.fr\/de\/dienstleistungen\/","name":"Dienstleistungen auf dem Campingplatz Les Dunes in Br\u00e9tignolles in der Vend\u00e9e","isPartOf":{"@id":"https:\/\/www.campinglesdunes.fr\/de\/#website"},"primaryImageOfPage":{"@id":"https:\/\/www.campinglesdunes.fr\/de\/dienstleistungen\/#primaryimage"},"image":{"@id":"https:\/\/www.campinglesdunes.fr\/de\/dienstleistungen\/#primaryimage"},"thumbnailUrl":"https:\/\/www.campinglesdunes.fr\/wp-content\/uploads\/2023\/01\/SERVICES-1-scaled.jpg","datePublished":"2021-08-24T08:33:49+00:00","dateModified":"2024-06-04T09:50:17+00:00","description":"Entdecken Sie die Dienstleistungen des Campingplatzes Les Dunes in Br\u00e9tignolles und buchen Sie Ihren Aufenthalt auf diesem Campingplatz in der Vend\u00e9e.","breadcrumb":{"@id":"https:\/\/www.campinglesdunes.fr\/de\/dienstleistungen\/#breadcrumb"},"inLanguage":"de","potentialAction":[{"@type":"ReadAction","target":["https:\/\/www.campinglesdunes.fr\/de\/dienstleistungen\/"]}]},{"@type":"ImageObject","inLanguage":"de","@id":"https:\/\/www.campinglesdunes.fr\/de\/dienstleistungen\/#primaryimage","url":"https:\/\/www.campinglesdunes.fr\/wp-content\/uploads\/2023\/01\/SERVICES-1-scaled.jpg","contentUrl":"https:\/\/www.campinglesdunes.fr\/wp-content\/uploads\/2023\/01\/SERVICES-1-scaled.jpg","width":"2560","height":"1297"},{"@type":"BreadcrumbList","@id":"https:\/\/www.campinglesdunes.fr\/de\/dienstleistungen\/#breadcrumb","itemListElement":[{"@type":"ListItem","position":1,"name":"Camping Vend\u00e9e","item":"https:\/\/www.campinglesdunes.fr\/de\/"},{"@type":"ListItem","position":2,"name":"DIENSTLEISTUNGEN"}]},{"@type":"WebSite","@id":"https:\/\/www.campinglesdunes.fr\/de\/#website","url":"https:\/\/www.campinglesdunes.fr\/de\/","name":"Camping des Dunes","description":"Votre camping 5 \u00e9toiles en Vend\u00e9e","publisher":{"@id":"https:\/\/www.campinglesdunes.fr\/de\/#organization"},"potentialAction":[{"@type":"SearchAction","target":{"@type":"EntryPoint","urlTemplate":"https:\/\/www.campinglesdunes.fr\/de\/?s={search_term_string}"},"query-input":{"@type":"PropertyValueSpecification","valueRequired":true,"valueName":"search_term_string"}}],"inLanguage":"de"},{"@type":"Organization","@id":"https:\/\/www.campinglesdunes.fr\/de\/#organization","name":"Camping Bretignolles sur Mer en Vend\u00e9e","url":"https:\/\/www.campinglesdunes.fr\/de\/","logo":{"@type":"ImageObject","inLanguage":"de","@id":"https:\/\/www.campinglesdunes.fr\/de\/#\/schema\/logo\/image\/","url":"https:\/\/www.campinglesdunes.fr\/wp-content\/uploads\/2022\/06\/logo-4.png","contentUrl":"https:\/\/www.campinglesdunes.fr\/wp-content\/uploads\/2022\/06\/logo-4.png","width":187,"height":80,"caption":"Camping Bretignolles sur Mer en Vend\u00e9e"},"image":{"@id":"https:\/\/www.campinglesdunes.fr\/de\/#\/schema\/logo\/image\/"}}]}},"_links":{"self":[{"href":"https:\/\/www.campinglesdunes.fr\/de\/wp-json\/wp\/v2\/pages\/18436","targetHints":{"allow":["GET"]}}],"collection":[{"href":"https:\/\/www.campinglesdunes.fr\/de\/wp-json\/wp\/v2\/pages"}],"about":[{"href":"https:\/\/www.campinglesdunes.fr\/de\/wp-json\/wp\/v2\/types\/page"}],"author":[{"embeddable":true,"href":"https:\/\/www.campinglesdunes.fr\/de\/wp-json\/wp\/v2\/users\/1"}],"replies":[{"embeddable":true,"href":"https:\/\/www.campinglesdunes.fr\/de\/wp-json\/wp\/v2\/comments?post=18436"}],"version-history":[{"count":0,"href":"https:\/\/www.campinglesdunes.fr\/de\/wp-json\/wp\/v2\/pages\/18436\/revisions"}],"wp:featuredmedia":[{"embeddable":true,"href":"https:\/\/www.campinglesdunes.fr\/de\/wp-json\/wp\/v2\/media\/14665"}],"wp:attachment":[{"href":"https:\/\/www.campinglesdunes.fr\/de\/wp-json\/wp\/v2\/media?parent=18436"}],"curies":[{"name":"wp","href":"https:\/\/api.w.org\/{rel}","templated":true}]}}