{"id":18604,"date":"2021-11-29T12:06:16","date_gmt":"2021-11-29T11:06:16","guid":{"rendered":"https:\/\/www.campinglesdunes.fr\/camping-pas-cher-vendee\/"},"modified":"2024-06-04T14:45:42","modified_gmt":"2024-06-04T12:45:42","slug":"guenstiges-campingplatz-vendee","status":"publish","type":"page","link":"https:\/\/www.campinglesdunes.fr\/de\/guenstiges-campingplatz-vendee\/","title":{"rendered":"Entdecken Sie unsere Preise und Angebote"},"content":{"rendered":"<div class=\"bloc-texte full\"><div class=\"texte center\"><p>Der <a href=\"\/de\/\">Campingplatz Les Dunes<\/a> bietet alles. Dieser Campingplatz an der K\u00fcste der Vend\u00e9e bietet Ihnen einen angenehmen Urlaub mit den F\u00fc\u00dfen im Wasser, nur zwei Gehminuten von einem wundersch\u00f6nen Sandstrand entfernt. Dieses Resort im Herzen der Sandd\u00fcne eignet sich perfekt f\u00fcr einen erholsamen Aufenthalt und bietet Ihnen zahlreiche Freizeit- und Entspannungsm\u00f6glichkeiten sowie verschiedene Aktivit\u00e4ten f\u00fcr die ganze Familie. Es wird auch f\u00fcr die Qualit\u00e4t seiner Dienstleistungen und den Komfort seiner Unterk\u00fcnfte gesch\u00e4tzt.<\/p>\n<\/div><\/div>\n\n<div class=\"text-image-new style1 image-left\"><div class=\"text-image-new-colonne\"><H2 class=\"text-image-new-titre\">Profitieren Sie von unseren tollen Angeboten und Aktionen auf dem Campingplatz!<\/H2><div class=\"text-image-new-content\"><p>Zun\u00e4chst m\u00f6chten wir Ihnen unser Angebot f\u00fcr Verliebte vorstellen:<\/p>\n<ul>\n<li><strong>Spezielles Angebot f\u00fcr Paare<\/strong><br \/>\n\u2013 20 % pro Woche bei einem Aufenthalt von 7 N\u00e4chten f\u00fcr die Mobilheime Fr\u00e9gate und Go\u00e9land.<br \/>\nNur g\u00fcltig f\u00fcr 2 Personen vom 21.05. bis 06.07.2024 und vom 31.08. bis 02.11.2024.<\/li>\n<\/ul>\n<p><em>NICHT KUMULIERENDE ANGEBOTE<\/em><\/p>\n<\/div><\/div><div class=\"text-image-new-colonne\"><img decoding=\"async\" src=\"https:\/\/www.campinglesdunes.fr\/wp-content\/uploads\/2024\/04\/tourisme-ile-dyeu.webp\" alt=\"Gute Angebote f\u00fcr Camping in der Vend\u00e9e, Angebote und Aktionen\" class=\"text-image-new-thumb\" \/><\/div><\/div>\n\n<div class=\"text-image-new style1 image-right background-marron\"><div class=\"text-image-new-colonne\"><H2 class=\"text-image-new-titre\">Die besten Angebote zur Vermietung von Mobilheimen auf dem Campingplatz<\/H2><div class=\"text-image-new-content\"><p>Der preiswerte Campingplatz in der Vend\u00e9e bietet f\u00fcr Ihren Urlaub mehrere Mobilheime mit zwei oder drei Schlafzimmern und einer Kapazit\u00e4t von vier bis acht Personen. Diese Unterk\u00fcnfte sind praktisch f\u00fcr Aufenthalte zu zweit oder mit der Familie und verf\u00fcgen alle \u00fcber eine Holzterrasse mit Gartenm\u00f6beln. Sie sind au\u00dferdem mit einem TV, elektrischer Heizung, Decken und Bettdecken ausgestattet. Es ist auch m\u00f6glich, direkt von Ihrer Unterkunft aus auf WLAN zuzugreifen.<\/p>\n<\/div><\/div><div class=\"text-image-new-colonne\"><img decoding=\"async\" src=\"https:\/\/www.campinglesdunes.fr\/wp-content\/uploads\/2021\/09\/clairdelune-Ext-800x534-1.jpg\" alt=\"Mobilheimvermietung auf einem g\u00fcnstigen Campingplatz in der Vend\u00e9e\" class=\"text-image-new-thumb\" \/><\/div><\/div>\n\n<div class=\"text-image-new style1 image-left\"><div class=\"text-image-new-colonne\"><div class=\"text-image-new-content\"><p>Um Ihnen einen \u00dcberblick zu geben, nehmen wir als Beispiele drei der auf dem Campingplatz verf\u00fcgbaren Mietobjekte:<\/p>\n<h3>Fregate-Mobilheim<\/h3>\n<ul>\n<li>Fl\u00e4che von 24 m\u00b2,<\/li>\n<li>Zwei R\u00e4ume,<\/li>\n<li>Bietet Platz f\u00fcr 4 Personen.<\/li>\n<li>\u00dcberdachte Terrasse<\/li>\n<li>K\u00fcche mit Herd, K\u00fchlschrank, Geschirr, Mikrowelle,<\/li>\n<li>Angenehmer Aufenthalt,<\/li>\n<li>Ausgestattetes Badezimmer.<\/li>\n<li>Ab 345 \u20ac pro Woche.<\/li>\n<\/ul>\n<\/div><\/div><div class=\"text-image-new-colonne\"><img decoding=\"async\" src=\"https:\/\/www.campinglesdunes.fr\/wp-content\/uploads\/2021\/11\/mh-fregate.jpg\" alt=\"Vermietung von Mobilheimen bei Fregate\" class=\"text-image-new-thumb\" \/><\/div><\/div>\n\n<div class=\"text-image-new style1 image-right background-marron\"><div class=\"text-image-new-colonne\"><H2 class=\"text-image-new-titre\">Mobilheim Oc\u00e9ane<\/H2><div class=\"text-image-new-content\"><ul>\n<li>Fl\u00e4che von 31 m\u00b2,<\/li>\n<li>Zwei R\u00e4ume,<\/li>\n<li>Wohnbereich mit ausziehbarem Doppelbett,<\/li>\n<li>Bietet Platz f\u00fcr bis zu sechs Personen.<\/li>\n<li>K\u00fcche mit: K\u00fchlschrank, Mikrowelle, Herd\u2026<\/li>\n<li>Badezimmer mit Dusche, Waschbecken und Toilette,<\/li>\n<li>Gepflasterte Terrasse mit geschlossener Markise.<\/li>\n<li>Preis ab 462 \u20ac pro Woche<\/li>\n<\/ul>\n<\/div><\/div><div class=\"text-image-new-colonne\"><img decoding=\"async\" src=\"https:\/\/www.campinglesdunes.fr\/wp-content\/uploads\/2021\/11\/pict_17_1.jpeg\" alt=\"Mobilheimvermietung Oceane Campingplatz Les Dunes\" class=\"text-image-new-thumb\" \/><\/div><\/div>\n\n<div class=\"text-image-new style1 image-left\"><div class=\"text-image-new-colonne\"><H2 class=\"text-image-new-titre\">Mobilheim Albatros<\/H2><div class=\"text-image-new-content\"><p>Gehobene Residenz.<\/p>\n<ul>\n<li>Wohnfl\u00e4che von 30 m\u00b2,<\/li>\n<li>Drei R\u00e4ume<\/li>\n<li>6 Personen f\u00fcr eine oder mehrere N\u00e4chte,<\/li>\n<li>Voll ausgestatteter K\u00fcchenbereich,<\/li>\n<li>Gem\u00fctlicher Wohnbereich mit TV,<\/li>\n<li>Komplettes Badezimmer,<\/li>\n<li>Gartenm\u00f6bel mit Liegest\u00fchlen, Sonnenschirm und Grill, \u00fcberdachte Holzterrasse.<\/li>\n<li>Ab 475 \u20ac pro Woche f\u00fcr einen Urlaub in der N\u00e4he des Strandes Br\u00e9tignolles in Les Sables d&#8217;Olonne in Frankreich.<\/li>\n<\/ul>\n<p>Wenn das Mobilheim (oder Chalet) eine hervorragende Unterkunftsm\u00f6glichkeit ist, erm\u00f6glicht Ihnen die Lage auch, den Aufenthalt auf diesem preiswerten Campingplatz in der Vend\u00e9e in vollen Z\u00fcgen zu genie\u00dfen.<\/p>\n<\/div><\/div><div class=\"text-image-new-colonne\"><img decoding=\"async\" src=\"https:\/\/www.campinglesdunes.fr\/wp-content\/uploads\/2021\/11\/mobil_home_albatross.jpg\" alt=\"Vermietung von Albatros-Mobilheimen\" class=\"text-image-new-thumb\" \/><\/div><\/div>\n\n<div class=\"text-image-new style1 image-right background-marron\"><div class=\"text-image-new-colonne\"><H2 class=\"text-image-new-titre\">Mieten Sie einen Stellplatz auf einem g\u00fcnstigen Campingplatz in der Vend\u00e9e<\/H2><div class=\"text-image-new-content\"><p>Auf dem Campingplatz Les Dunes stehen mehrere Mobilheime zur Miete zur Verf\u00fcgung, und es gibt auch zahlreiche M\u00f6glichkeiten, wo Sie \u00fcbernachten k\u00f6nnen. Das Freilufthotel verf\u00fcgt \u00fcber insgesamt rund f\u00fcnfzig Grundst\u00fccke von ca. 90 m\u00b2 in unmittelbarer N\u00e4he zum Atlantik. Perfekt angelegt und durch Hecken abgegrenzt, sind sie f\u00fcr die Zelte mehrerer Personen konzipiert. Die Stellpl\u00e4tze sind \u2013 ebenso wie die nahegelegenen Sanit\u00e4ranlagen \u2013 f\u00fcr Menschen mit eingeschr\u00e4nkter Mobilit\u00e4t zug\u00e4nglich und verf\u00fcgen alle \u00fcber Wasser- und Stromanschluss. Die maximale Kapazit\u00e4t betr\u00e4gt sieben Personen; Der Stellplatz ist ger\u00e4umig genug, um neben den Zelten auch ein Fahrzeug unterzubringen. Auf den Stellpl\u00e4tzen ist auch WLAN verf\u00fcgbar.<br \/>\nGenie\u00dfen Sie auch unseren herrlichen Wasserpark mit beheiztem Schwimmbad.<\/p>\n<\/div><\/div><div class=\"text-image-new-colonne\"><img decoding=\"async\" src=\"https:\/\/www.campinglesdunes.fr\/wp-content\/uploads\/2024\/04\/camping-bretignolles-sur-mer.jpg\" alt=\"Mieten Sie einen Stellplatz auf einem g\u00fcnstigen Campingplatz in der Vend\u00e9e\" class=\"text-image-new-thumb\" \/><\/div><\/div>\n\n<div class=\"text-image-new style1 image-left\"><div class=\"text-image-new-colonne\"><H2 class=\"text-image-new-titre\">Ihr g\u00fcnstiger Campingaufenthalt<\/H2><div class=\"text-image-new-content\"><p>W\u00e4hrend dieses g\u00fcnstigen Campingaufenthalts in der Vend\u00e9e k\u00f6nnen Sie nicht nur erholsame N\u00e4chte verbringen, sondern auch an den verschiedenen Aktivit\u00e4ten und Unterhaltungsangeboten des Personals teilnehmen: Tanzabende, Karaoke-Abende, kreative Workshops und Schatzsuchen f\u00fcr die Kinder der Clubkinder, Sport Aktivit\u00e4ten f\u00fcr die ganze Familie und vieles mehr. Sie haben selbstverst\u00e4ndlich Zugang zu allen Infrastrukturen der Einrichtung, vom Tennisplatz bis zum Multisportplatz, einschlie\u00dflich des P\u00e9tanque-Platzes, den Tischtennisplatten, aber auch dem Wasserpark mit seinen Schwimmb\u00e4dern und beheizten Planschbecken, seinen Rutschen und Solariumterrassen .<\/p>\n<\/div><p class=\"lire-plus\">Mehr lesen<\/p><div class=\"text-image-new-content-more hide\"><p>Nutzen Sie auch die Gelegenheit, die f\u00fcr Sie passende Wassersportaktivit\u00e4t auszu\u00fcben (Stand-Up-Paddle, Tauchen, Kitesurfen, Surfen, Windsurfen usw.) oder einige der sehenswerten Attraktionen der Vend\u00e9e zu entdecken: Puy du Fou, Les Sables &#8211; d&#8217;Olonne, La Roche-sur-Yon, Saint-Gilles-Croix-de-Vie, die Poitevin-S\u00fcmpfe, die Salzwiesen, all diese wundersch\u00f6nen Ziele in Sables d&#8217;Olonne<\/p>\n<\/div><p class=\"lire-moins hide\">Lese weniger<\/p><\/div><div class=\"text-image-new-colonne\"><img decoding=\"async\" src=\"https:\/\/www.campinglesdunes.fr\/wp-content\/uploads\/2024\/04\/camping-parc-aquatique-vendee.jpg\" alt=\"G\u00fcnstiger Campingplatz mit Schwimmbad\" class=\"text-image-new-thumb\" \/><\/div><\/div>","protected":false},"excerpt":{"rendered":"","protected":false},"author":1,"featured_media":13645,"parent":0,"menu_order":0,"comment_status":"closed","ping_status":"closed","template":"","meta":{"_acf_changed":false,"footnotes":""},"class_list":["post-18604","page","type-page","status-publish","has-post-thumbnail","hentry"],"acf":[],"yoast_head":"<!-- This site is optimized with the Yoast SEO plugin v27.4 - https:\/\/yoast.com\/product\/yoast-seo-wordpress\/ -->\n<title>G\u00fcnstiger Campingplatz in der Vend\u00e9e | Genie\u00dfen Sie einen 5-Sterne-Campingplatz zu einem g\u00fcnstigen Preis in der Vend\u00e9e<\/title>\n<meta name=\"description\" content=\"Was w\u00e4re, wenn Sie Ihren Urlaub auf einem g\u00fcnstigen Campingplatz in der Vend\u00e9e buchen w\u00fcrden? Kommen Sie und genie\u00dfen Sie die zahlreichen Dienstleistungen und Aktivit\u00e4ten f\u00fcr die ganze Familie.\" \/>\n<meta name=\"robots\" content=\"index, follow, max-snippet:-1, max-image-preview:large, max-video-preview:-1\" \/>\n<link rel=\"canonical\" href=\"https:\/\/www.campinglesdunes.fr\/de\/guenstiges-campingplatz-vendee\/\" \/>\n<meta property=\"og:locale\" content=\"de_DE\" \/>\n<meta property=\"og:type\" content=\"article\" \/>\n<meta property=\"og:title\" content=\"G\u00fcnstiger Campingplatz in der Vend\u00e9e | Genie\u00dfen Sie einen 5-Sterne-Campingplatz zu einem g\u00fcnstigen Preis in der Vend\u00e9e\" \/>\n<meta property=\"og:description\" content=\"Was w\u00e4re, wenn Sie Ihren Urlaub auf einem g\u00fcnstigen Campingplatz in der Vend\u00e9e buchen w\u00fcrden? Kommen Sie und genie\u00dfen Sie die zahlreichen Dienstleistungen und Aktivit\u00e4ten f\u00fcr die ganze Familie.\" \/>\n<meta property=\"og:url\" content=\"https:\/\/www.campinglesdunes.fr\/de\/guenstiges-campingplatz-vendee\/\" \/>\n<meta property=\"og:site_name\" content=\"Camping des Dunes\" \/>\n<meta property=\"article:modified_time\" content=\"2024-06-04T12:45:42+00:00\" \/>\n<meta property=\"og:image\" content=\"https:\/\/www.campinglesdunes.fr\/wp-content\/uploads\/2023\/01\/RESERVER-MON-MH-1-scaled.jpg\" \/>\n\t<meta property=\"og:image:width\" content=\"2560\" \/>\n\t<meta property=\"og:image:height\" content=\"1297\" \/>\n\t<meta property=\"og:image:type\" content=\"image\/jpeg\" \/>\n<meta name=\"twitter:card\" content=\"summary_large_image\" \/>\n<meta name=\"twitter:label1\" content=\"Gesch\u00e4tzte Lesezeit\" \/>\n\t<meta name=\"twitter:data1\" content=\"1\u00a0Minute\" \/>\n<script type=\"application\/ld+json\" class=\"yoast-schema-graph\">{\"@context\":\"https:\\\/\\\/schema.org\",\"@graph\":[{\"@type\":\"WebPage\",\"@id\":\"https:\\\/\\\/www.campinglesdunes.fr\\\/de\\\/guenstiges-campingplatz-vendee\\\/\",\"url\":\"https:\\\/\\\/www.campinglesdunes.fr\\\/de\\\/guenstiges-campingplatz-vendee\\\/\",\"name\":\"G\u00fcnstiger Campingplatz in der Vend\u00e9e | Genie\u00dfen Sie einen 5-Sterne-Campingplatz zu einem g\u00fcnstigen Preis in der Vend\u00e9e\",\"isPartOf\":{\"@id\":\"https:\\\/\\\/www.campinglesdunes.fr\\\/de\\\/#website\"},\"primaryImageOfPage\":{\"@id\":\"https:\\\/\\\/www.campinglesdunes.fr\\\/de\\\/guenstiges-campingplatz-vendee\\\/#primaryimage\"},\"image\":{\"@id\":\"https:\\\/\\\/www.campinglesdunes.fr\\\/de\\\/guenstiges-campingplatz-vendee\\\/#primaryimage\"},\"thumbnailUrl\":\"https:\\\/\\\/www.campinglesdunes.fr\\\/wp-content\\\/uploads\\\/2023\\\/01\\\/RESERVER-MON-MH-1-scaled.jpg\",\"datePublished\":\"2021-11-29T11:06:16+00:00\",\"dateModified\":\"2024-06-04T12:45:42+00:00\",\"description\":\"Was w\u00e4re, wenn Sie Ihren Urlaub auf einem g\u00fcnstigen Campingplatz in der Vend\u00e9e buchen w\u00fcrden? Kommen Sie und genie\u00dfen Sie die zahlreichen Dienstleistungen und Aktivit\u00e4ten f\u00fcr die ganze Familie.\",\"breadcrumb\":{\"@id\":\"https:\\\/\\\/www.campinglesdunes.fr\\\/de\\\/guenstiges-campingplatz-vendee\\\/#breadcrumb\"},\"inLanguage\":\"de\",\"potentialAction\":[{\"@type\":\"ReadAction\",\"target\":[\"https:\\\/\\\/www.campinglesdunes.fr\\\/de\\\/guenstiges-campingplatz-vendee\\\/\"]}]},{\"@type\":\"ImageObject\",\"inLanguage\":\"de\",\"@id\":\"https:\\\/\\\/www.campinglesdunes.fr\\\/de\\\/guenstiges-campingplatz-vendee\\\/#primaryimage\",\"url\":\"https:\\\/\\\/www.campinglesdunes.fr\\\/wp-content\\\/uploads\\\/2023\\\/01\\\/RESERVER-MON-MH-1-scaled.jpg\",\"contentUrl\":\"https:\\\/\\\/www.campinglesdunes.fr\\\/wp-content\\\/uploads\\\/2023\\\/01\\\/RESERVER-MON-MH-1-scaled.jpg\",\"width\":2560,\"height\":1297},{\"@type\":\"BreadcrumbList\",\"@id\":\"https:\\\/\\\/www.campinglesdunes.fr\\\/de\\\/guenstiges-campingplatz-vendee\\\/#breadcrumb\",\"itemListElement\":[{\"@type\":\"ListItem\",\"position\":1,\"name\":\"Camping Vend\u00e9e\",\"item\":\"https:\\\/\\\/www.campinglesdunes.fr\\\/de\\\/accueil-2\\\/\"},{\"@type\":\"ListItem\",\"position\":2,\"name\":\"Entdecken Sie unsere Preise und Angebote\"}]},{\"@type\":\"WebSite\",\"@id\":\"https:\\\/\\\/www.campinglesdunes.fr\\\/de\\\/#website\",\"url\":\"https:\\\/\\\/www.campinglesdunes.fr\\\/de\\\/\",\"name\":\"Camping des Dunes\",\"description\":\"Votre camping 5 \u00e9toiles en Vend\u00e9e\",\"publisher\":{\"@id\":\"https:\\\/\\\/www.campinglesdunes.fr\\\/de\\\/#organization\"},\"potentialAction\":[{\"@type\":\"SearchAction\",\"target\":{\"@type\":\"EntryPoint\",\"urlTemplate\":\"https:\\\/\\\/www.campinglesdunes.fr\\\/de\\\/?s={search_term_string}\"},\"query-input\":{\"@type\":\"PropertyValueSpecification\",\"valueRequired\":true,\"valueName\":\"search_term_string\"}}],\"inLanguage\":\"de\"},{\"@type\":\"Organization\",\"@id\":\"https:\\\/\\\/www.campinglesdunes.fr\\\/de\\\/#organization\",\"name\":\"Camping Bretignolles sur Mer en Vend\u00e9e\",\"url\":\"https:\\\/\\\/www.campinglesdunes.fr\\\/de\\\/\",\"logo\":{\"@type\":\"ImageObject\",\"inLanguage\":\"de\",\"@id\":\"https:\\\/\\\/www.campinglesdunes.fr\\\/de\\\/#\\\/schema\\\/logo\\\/image\\\/\",\"url\":\"https:\\\/\\\/www.campinglesdunes.fr\\\/wp-content\\\/uploads\\\/2022\\\/06\\\/logo-4.png\",\"contentUrl\":\"https:\\\/\\\/www.campinglesdunes.fr\\\/wp-content\\\/uploads\\\/2022\\\/06\\\/logo-4.png\",\"width\":187,\"height\":80,\"caption\":\"Camping Bretignolles sur Mer en Vend\u00e9e\"},\"image\":{\"@id\":\"https:\\\/\\\/www.campinglesdunes.fr\\\/de\\\/#\\\/schema\\\/logo\\\/image\\\/\"}}]}<\/script>\n<!-- \/ Yoast SEO plugin. -->","yoast_head_json":{"title":"G\u00fcnstiger Campingplatz in der Vend\u00e9e | Genie\u00dfen Sie einen 5-Sterne-Campingplatz zu einem g\u00fcnstigen Preis in der Vend\u00e9e","description":"Was w\u00e4re, wenn Sie Ihren Urlaub auf einem g\u00fcnstigen Campingplatz in der Vend\u00e9e buchen w\u00fcrden? Kommen Sie und genie\u00dfen Sie die zahlreichen Dienstleistungen und Aktivit\u00e4ten f\u00fcr die ganze Familie.","robots":{"index":"index","follow":"follow","max-snippet":"max-snippet:-1","max-image-preview":"max-image-preview:large","max-video-preview":"max-video-preview:-1"},"canonical":"https:\/\/www.campinglesdunes.fr\/de\/guenstiges-campingplatz-vendee\/","og_locale":"de_DE","og_type":"article","og_title":"G\u00fcnstiger Campingplatz in der Vend\u00e9e | Genie\u00dfen Sie einen 5-Sterne-Campingplatz zu einem g\u00fcnstigen Preis in der Vend\u00e9e","og_description":"Was w\u00e4re, wenn Sie Ihren Urlaub auf einem g\u00fcnstigen Campingplatz in der Vend\u00e9e buchen w\u00fcrden? Kommen Sie und genie\u00dfen Sie die zahlreichen Dienstleistungen und Aktivit\u00e4ten f\u00fcr die ganze Familie.","og_url":"https:\/\/www.campinglesdunes.fr\/de\/guenstiges-campingplatz-vendee\/","og_site_name":"Camping des Dunes","article_modified_time":"2024-06-04T12:45:42+00:00","og_image":[{"width":2560,"height":1297,"url":"https:\/\/www.campinglesdunes.fr\/wp-content\/uploads\/2023\/01\/RESERVER-MON-MH-1-scaled.jpg","type":"image\/jpeg"}],"twitter_card":"summary_large_image","twitter_misc":{"Gesch\u00e4tzte Lesezeit":"1\u00a0Minute"},"schema":{"@context":"https:\/\/schema.org","@graph":[{"@type":"WebPage","@id":"https:\/\/www.campinglesdunes.fr\/de\/guenstiges-campingplatz-vendee\/","url":"https:\/\/www.campinglesdunes.fr\/de\/guenstiges-campingplatz-vendee\/","name":"G\u00fcnstiger Campingplatz in der Vend\u00e9e | Genie\u00dfen Sie einen 5-Sterne-Campingplatz zu einem g\u00fcnstigen Preis in der Vend\u00e9e","isPartOf":{"@id":"https:\/\/www.campinglesdunes.fr\/de\/#website"},"primaryImageOfPage":{"@id":"https:\/\/www.campinglesdunes.fr\/de\/guenstiges-campingplatz-vendee\/#primaryimage"},"image":{"@id":"https:\/\/www.campinglesdunes.fr\/de\/guenstiges-campingplatz-vendee\/#primaryimage"},"thumbnailUrl":"https:\/\/www.campinglesdunes.fr\/wp-content\/uploads\/2023\/01\/RESERVER-MON-MH-1-scaled.jpg","datePublished":"2021-11-29T11:06:16+00:00","dateModified":"2024-06-04T12:45:42+00:00","description":"Was w\u00e4re, wenn Sie Ihren Urlaub auf einem g\u00fcnstigen Campingplatz in der Vend\u00e9e buchen w\u00fcrden? Kommen Sie und genie\u00dfen Sie die zahlreichen Dienstleistungen und Aktivit\u00e4ten f\u00fcr die ganze Familie.","breadcrumb":{"@id":"https:\/\/www.campinglesdunes.fr\/de\/guenstiges-campingplatz-vendee\/#breadcrumb"},"inLanguage":"de","potentialAction":[{"@type":"ReadAction","target":["https:\/\/www.campinglesdunes.fr\/de\/guenstiges-campingplatz-vendee\/"]}]},{"@type":"ImageObject","inLanguage":"de","@id":"https:\/\/www.campinglesdunes.fr\/de\/guenstiges-campingplatz-vendee\/#primaryimage","url":"https:\/\/www.campinglesdunes.fr\/wp-content\/uploads\/2023\/01\/RESERVER-MON-MH-1-scaled.jpg","contentUrl":"https:\/\/www.campinglesdunes.fr\/wp-content\/uploads\/2023\/01\/RESERVER-MON-MH-1-scaled.jpg","width":2560,"height":1297},{"@type":"BreadcrumbList","@id":"https:\/\/www.campinglesdunes.fr\/de\/guenstiges-campingplatz-vendee\/#breadcrumb","itemListElement":[{"@type":"ListItem","position":1,"name":"Camping Vend\u00e9e","item":"https:\/\/www.campinglesdunes.fr\/de\/accueil-2\/"},{"@type":"ListItem","position":2,"name":"Entdecken Sie unsere Preise und Angebote"}]},{"@type":"WebSite","@id":"https:\/\/www.campinglesdunes.fr\/de\/#website","url":"https:\/\/www.campinglesdunes.fr\/de\/","name":"Camping des Dunes","description":"Votre camping 5 \u00e9toiles en Vend\u00e9e","publisher":{"@id":"https:\/\/www.campinglesdunes.fr\/de\/#organization"},"potentialAction":[{"@type":"SearchAction","target":{"@type":"EntryPoint","urlTemplate":"https:\/\/www.campinglesdunes.fr\/de\/?s={search_term_string}"},"query-input":{"@type":"PropertyValueSpecification","valueRequired":true,"valueName":"search_term_string"}}],"inLanguage":"de"},{"@type":"Organization","@id":"https:\/\/www.campinglesdunes.fr\/de\/#organization","name":"Camping Bretignolles sur Mer en Vend\u00e9e","url":"https:\/\/www.campinglesdunes.fr\/de\/","logo":{"@type":"ImageObject","inLanguage":"de","@id":"https:\/\/www.campinglesdunes.fr\/de\/#\/schema\/logo\/image\/","url":"https:\/\/www.campinglesdunes.fr\/wp-content\/uploads\/2022\/06\/logo-4.png","contentUrl":"https:\/\/www.campinglesdunes.fr\/wp-content\/uploads\/2022\/06\/logo-4.png","width":187,"height":80,"caption":"Camping Bretignolles sur Mer en Vend\u00e9e"},"image":{"@id":"https:\/\/www.campinglesdunes.fr\/de\/#\/schema\/logo\/image\/"}}]}},"_links":{"self":[{"href":"https:\/\/www.campinglesdunes.fr\/de\/wp-json\/wp\/v2\/pages\/18604","targetHints":{"allow":["GET"]}}],"collection":[{"href":"https:\/\/www.campinglesdunes.fr\/de\/wp-json\/wp\/v2\/pages"}],"about":[{"href":"https:\/\/www.campinglesdunes.fr\/de\/wp-json\/wp\/v2\/types\/page"}],"author":[{"embeddable":true,"href":"https:\/\/www.campinglesdunes.fr\/de\/wp-json\/wp\/v2\/users\/1"}],"replies":[{"embeddable":true,"href":"https:\/\/www.campinglesdunes.fr\/de\/wp-json\/wp\/v2\/comments?post=18604"}],"version-history":[{"count":0,"href":"https:\/\/www.campinglesdunes.fr\/de\/wp-json\/wp\/v2\/pages\/18604\/revisions"}],"wp:featuredmedia":[{"embeddable":true,"href":"https:\/\/www.campinglesdunes.fr\/de\/wp-json\/wp\/v2\/media\/13645"}],"wp:attachment":[{"href":"https:\/\/www.campinglesdunes.fr\/de\/wp-json\/wp\/v2\/media?parent=18604"}],"curies":[{"name":"wp","href":"https:\/\/api.w.org\/{rel}","templated":true}]}}