{"id":18641,"date":"2021-11-30T21:55:55","date_gmt":"2021-11-30T20:55:55","guid":{"rendered":"https:\/\/www.campinglesdunes.fr\/conditions-generales-de-location\/"},"modified":"2024-06-04T15:25:37","modified_gmt":"2024-06-04T13:25:37","slug":"allgemeine-mietbedingungen","status":"publish","type":"page","link":"https:\/\/www.campinglesdunes.fr\/de\/allgemeine-mietbedingungen\/","title":{"rendered":"Allgemeine Mietbedingungen"},"content":{"rendered":"<div class=\"bloc-texte full\"><div class=\"texte left\"><h2>Vermietung eines Stellplatzes<\/h2>\n<h3>1. Anmeldung<\/h3>\n<p>Alle Anmeldungen m\u00fcssen mit einer Anzahlung von 80 \u20ac + 23 \u20ac Bearbeitungsgeb\u00fchren einhergehen.<\/p>\n<h3>2. Aufenthaltsdauer<\/h3>\n<p>Vom 11. Juli bis 22. August betr\u00e4gt die Mindestaufenthaltsdauer 15 Tage, um eine bessere Organisation unserer Verwaltung zu gew\u00e4hrleisten und im Interesse unserer G\u00e4ste.<br \/>\nAnreisen sind nach 15:00 Uhr m\u00f6glich, Abreisen m\u00fcssen vor 12:00 Uhr erfolgen.<\/p>\n<h3>3. Reservierung<\/h3>\n<p>Ihre Reservierung gilt als endg\u00fcltig, sobald sie von uns best\u00e4tigt wurde. Der Restbetrag ist bei Ihrer Ankunft auf dem Campingplatz zu bezahlen.<br \/>\nJede \u00c4nderung muss bei der Ankunft gemeldet werden.<\/p>\n<h3>4. Die Anzahl der Teilnehmer darf in keinem Fall ohne schriftliche Zustimmung der Direktion ge\u00e4ndert werden.<\/h3>\n<p>Die Direktion beh\u00e4lt sich das Recht vor, diese Personen, einschlie\u00dflich Kinder, abzulehnen.<\/p>\n<h3>5. Stornierung des Aufenthalts<\/h3>\n<p><strong>&#8211; \u00c4nderung Ihrer Reservierung:<\/strong><br \/>\n\u00c4nderungen Ihrer Reservierung k\u00f6nnen kostenlos vorgenommen werden, vorbehaltlich der Verf\u00fcgbarkeit, und der Aufenthalt kann nur auf die Saison 2021 verschoben werden. Jede \u00c4nderung der Aufenthaltsdaten muss schriftlich erfolgen und eine schriftliche Zustimmung der SAS SOGEVEN erhalten haben.<\/p>\n<p>Wenn wir keine Nachricht von Ihnen erhalten, die eine Verschiebung Ihres Ankunftsdatums anzeigt, kann die Unterkunft 24 Stunden nach dem im Vertrag angegebenen Ankunftsdatum wieder zum Verkauf angeboten werden, und Sie verlieren damit den Anspruch auf Ihre Reservierung.<\/p>\n<p><strong>&#8211; Nicht genutzte Leistungen:<\/strong><\/p>\n<p>Jeder Aufenthalt, der aus pers\u00f6nlichen Gr\u00fcnden unterbrochen oder verk\u00fcrzt wird (sp\u00e4te Ankunft, vorzeitige Abreise), wird nicht erstattet.<br \/>\n<strong>&#8211; Stornierung durch den Campingplatz:<\/strong><\/p>\n<p>Im Falle einer Stornierung durch den Campingplatz, au\u00dfer im Falle h\u00f6herer Gewalt, wird der Aufenthalt vollst\u00e4ndig erstattet. Diese Stornierung berechtigt jedoch nicht zur Zahlung von Schadenersatz.<\/p>\n<p><strong>&#8211; Stornierung durch den Camper:<\/strong><\/p>\n<p>Jede Stornierung muss schriftlich (per Einschreiben mit R\u00fcckschein) beim Campingplatz erfolgen. Die R\u00fcckerstattung der gezahlten Betr\u00e4ge erfolgt abz\u00fcglich der unten angegebenen Betr\u00e4ge. Wenn die Stornierung erfolgt:<\/p>\n<p>Mehr als 30 Tage vor dem Anreisedatum: Die geleistete Anzahlung wird vom Campingplatz einbehalten.<\/p>\n<p>Weniger als 30 Tage vor dem Anreisedatum: 100% des Aufenthaltsbetrages werden vom Campingplatz einbehalten.<\/p>\n<h3>6. Haustiere<\/h3>\n<p>(1 Tier pro Stellplatz)<br \/>\nIhr Haustier ist willkommen, ausgenommen Hunde der Kategorien 1 und 2, gegen eine Geb\u00fchr, die bei der Reservierung zu zahlen ist. Wenn sie erlaubt sind, m\u00fcssen sie st\u00e4ndig an der Leine gef\u00fchrt werden. Der Impfpass f\u00fcr Hunde und Katzen muss aktuell sein und bei der Ankunft vorgelegt werden, T\u00e4towierung ist obligatorisch. Sie d\u00fcrfen keinesfalls alleine auf dem Stellplatz bleiben.<\/p>\n<h2>Vermietung eines Mobilheims<\/h2>\n<h3>1. Anmeldung<\/h3>\n<p>Alle Anmeldungen m\u00fcssen mit einer Anzahlung in H\u00f6he von 25% des Mietpreises + Bearbeitungsgeb\u00fchren (23 \u20ac f\u00fcr einen Aufenthalt von mehr als einer Woche und 13 \u20ac f\u00fcr einen Aufenthalt von weniger als einer Woche) einhergehen.<\/p>\n<h3>2. Aufenthaltsdauer<\/h3>\n<p>Vom 3. Juli bis 29. August 2022 betr\u00e4gt die Mindestaufenthaltsdauer eine Woche.<br \/>\nDer geplante Anreisetag ist bei der Reservierung anzugeben (Samstag, Sonntag oder Mittwoch). Die Verf\u00fcgbarkeit des Datums wird Ihnen best\u00e4tigt.<\/p>\n<ul>\n<li>Anreisen sind von 16:00 bis 20:00 Uhr m\u00f6glich (bei Versp\u00e4tung bitte benachrichtigen).<\/li>\n<li>Abreisen m\u00fcssen bis sp\u00e4testens 10:00 Uhr erfolgen.<\/li>\n<\/ul>\n<h3>3. Reservierung<\/h3>\n<p>Ihre Reservierung gilt als endg\u00fcltig, sobald sie von uns best\u00e4tigt wurde.<br \/>\nDer Restbetrag ist per Post 30 Tage vor Ihrer Ankunft auf dem Campingplatz zu bezahlen, andernfalls kann die Reservierung als storniert betrachtet und die Anzahlung einbehalten werden.<\/p>\n<h3>4. Die Anzahl der Teilnehmer muss der auf dem Reservierungsformular angegebenen Personenzahl entsprechen, einschlie\u00dflich Kinder.<\/h3>\n<p>Die Direktion beh\u00e4lt sich das Recht vor, \u00fcberz\u00e4hlige Personen abzulehnen.<\/p>\n<h3>5. Stornierung des Aufenthalts<\/h3>\n<p><strong>&#8211; \u00c4nderung Ihrer Reservierung:<\/strong><br \/>\n\u00c4nderungen Ihrer Reservierung k\u00f6nnen kostenlos vorgenommen werden, vorbehaltlich der Verf\u00fcgbarkeit. Jede \u00c4nderung der Aufenthaltsdaten muss schriftlich erfolgen, und der Aufenthalt kann nur auf 2022 verschoben werden und muss eine schriftliche Zustimmung der SAS SOGEVEN erhalten haben.<\/p>\n<p>Wenn wir keine Nachricht von Ihnen erhalten, die eine Verschiebung Ihres Ankunftsdatums anzeigt, kann die Unterkunft 24 Stunden nach dem im Vertrag angegebenen Ankunftsdatum wieder zum Verkauf angeboten werden, und Sie verlieren damit den Anspruch auf Ihre Reservierung.<\/p>\n<p><strong>&#8211; Nicht genutzte Leistungen:<\/strong><\/p>\n<p>Jeder Aufenthalt, der aus pers\u00f6nlichen Gr\u00fcnden unterbrochen oder verk\u00fcrzt wird (sp\u00e4te Ankunft, vorzeitige Abreise), wird nicht erstattet.<br \/>\n<strong>&#8211; Stornierung durch den Campingplatz:<\/strong><\/p>\n<p>Im Falle einer Stornierung durch den Campingplatz, au\u00dfer im Falle h\u00f6herer Gewalt, wird der Aufenthalt vollst\u00e4ndig erstattet. Diese Stornierung berechtigt jedoch nicht zur Zahlung von Schadenersatz.<\/p>\n<p><strong>&#8211; Stornierung durch den Camper:<\/strong><\/p>\n<p>Jede Stornierung muss schriftlich (per Einschreiben mit R\u00fcckschein) beim Campingplatz erfolgen. Die R\u00fcckerstattung der gezahlten Betr\u00e4ge erfolgt abz\u00fcglich der unten angegebenen Betr\u00e4ge. Wenn die Stornierung erfolgt:<\/p>\n<p>Mehr als 30 Tage vor dem Anreisedatum: Die geleistete Anzahlung wird vom Campingplatz einbehalten.<\/p>\n<p>Weniger als 30 Tage vor dem Anreisedatum: 100% des Aufenthaltsbetrages werden vom Campingplatz einbehalten.<\/p>\n<h3>6. Kaution<\/h3>\n<p>Eine Kaution in H\u00f6he von 300 \u20ac wird zu Beginn des Aufenthalts verlangt. Diese Kaution beinhaltet Bruch des Materials und Sauberkeit der Unterkunft bei Ihrer Abreise sowie die Leihgabe von Material (Golfclubs&#8230;). Sie wird Ihnen am Ende des Aufenthalts zur\u00fcckerstattet, abz\u00fcglich gegebenenfalls der Kosten f\u00fcr fehlendes Material. Die Reinigung obliegt dem Mieter. Am Ende des Aufenthalts muss die Unterkunft in einwandfreiem Zustand hinterlassen werden, andernfalls wird ein Betrag von 60 \u20ac oder mehr von der Kaution einbehalten (Tarif 2 Zimmer).<\/p>\n<h3>7. Haustiere<\/h3>\n<p>(1 Tier pro Stellplatz)<br \/>\nIhr Haustier ist willkommen, ausgenommen Hunde der Kategorien 1 und 2, gegen eine Geb\u00fchr, die bei der Reservierung zu zahlen ist. Wenn sie erlaubt sind, m\u00fcssen sie st\u00e4ndig an der Leine gef\u00fchrt werden. Der Impfpass f\u00fcr Hunde und Katzen muss aktuell sein und bei der Ankunft vorgelegt werden, T\u00e4towierung ist obligatorisch. Sie d\u00fcrfen keinesfalls alleine auf dem Stellplatz oder im Mobilheim bleiben.<\/p>\n<h2>Allgemeine Regeln<\/h2>\n<h3>9. Hausordnung<\/h3>\n<p>Um den Ablauf Ihres Urlaubs zu erleichtern, steht Ihnen die Hausordnung an der Rezeption zur Verf\u00fcgung. Wir bitten Sie, diese zur Kenntnis zu nehmen und zu respektieren.<\/p>\n<h3>10. Haftung<\/h3>\n<p>Die Haftung der SAS SOGEVEN ist nicht im Falle von Diebstahl, Verlust oder Schaden jeglicher Art w\u00e4hrend oder nach einem Aufenthalt gegeben. Die Direktion haftet nur f\u00fcr Gegenst\u00e4nde, die in den daf\u00fcr vorgesehenen Schlie\u00dff\u00e4chern an der Rezeption aufbewahrt werden. Eine Haftpflichtversicherung ist obligatorisch.<\/p>\n<h3>11. Kurtaxe<\/h3>\n<p>Die von der Gemeinde erhobene Kurtaxe ist nicht in unseren Preisen enthalten.<\/p>\n<h3>12. MwSt.<\/h3>\n<p>Die Preise verstehen sich inklusive Mehrwertsteuer zu einem Satz von 10 %, der am Tag der Preisfestlegung gilt. Jede nachtr\u00e4gliche \u00c4nderung des geltenden Mehrwertsteuersatzes zwischen dem Zeitpunkt der Preisfestlegung und der Abrechnung des Aufenthalts f\u00fchrt zu einer entsprechenden \u00c4nderung des Bruttopreises, was der Kunde vorbehaltlos akzeptiert.<\/p>\n<h3>13. Informationen<\/h3>\n<p>Ein praktisches Dokument, das Ihnen bei Ihrer Ankunft \u00fcberreicht wird, informiert Sie \u00fcber den Campingplatz. Die Direktion beh\u00e4lt sich das Recht vor, falls erforderlich, alle angegebenen Leistungen zu \u00e4ndern.<\/p>\n<h3>14. Reiser\u00fccktrittsversicherung<\/h3>\n<p>Der Campingplatz Les Dunes bietet Ihnen eine optionale Reiser\u00fccktritts- und Reiseabbruchversicherung in Ihrem Mietvertrag an. Unser Partner Gritchen Affinity verpflichtet sich, den gesamten oder einen Teil des Aufenthalts nur den Kunden zu erstatten, die die Versicherung &#8222;Campez couvert&#8220; abgeschlossen haben.<br \/>\nIm Falle einer Stornierung benachrichtigen Sie den Campingplatz unverz\u00fcglich \u00fcber Ihre Stornierung per Post oder E-Mail. Wenn der Schadensfall in den allgemeinen Bedingungen vorgesehen ist (verf\u00fcgbar auf der Website www.campez-couvert.com oder beim Campingplatz), informieren Sie den Versicherer innerhalb von 48 Stunden und stellen Sie alle notwendigen Informationen und Belege zur Verf\u00fcgung.<\/p>\n<h3>15. Wasserpark<\/h3>\n<p>Badehosen sind in unserem Wasserpark nicht erlaubt.<\/p>\n<h3>16. Bildrechte<\/h3>\n<p>Sie gestatten der SAS SOGEVEN-Camping les Dunes sowie jeder von der SAS SOGEVEN &#8211; Camping les Dunes beauftragten Person, Sie w\u00e4hrend Ihres Aufenthalts im Camping les Dunes in Br\u00e9tignolles sur Mer zu fotografieren, aufzunehmen oder zu filmen und die Bilder, T\u00f6ne, Videos und Aufnahmen auf allen Medien (insbesondere auf den Websites oder Facebook-Seiten des Campingplatzes, auf Pr\u00e4sentations- und Werbematerialien des Campingplatzes und in Reise- oder Touristenf\u00fchrern) zu verwenden. Diese Genehmigung gilt sowohl f\u00fcr Sie als auch f\u00fcr die mit Ihnen untergebrachten Personen. Sie dient ausschlie\u00dflich der Werbung und Animation des Campingplatzes Les Dunes und wird in keiner Weise Ihr Ansehen sch\u00e4digen. Diese Genehmigung ist kostenlos, gilt weltweit und f\u00fcr eine Dauer von 5 Jahren.<\/p>\n<h3>17. Datenschutz<\/h3>\n<p>Die Informationen, die Sie uns bei Ihrer Bestellung mitteilen, werden nicht an Dritte weitergegeben. Diese Informationen werden von der SAS SOGEVEN &#8211; Camping les Dunes als vertraulich betrachtet. Sie werden ausschlie\u00dflich von den internen Abteilungen des Campingplatzes Les Dunes verwendet, um Ihre Bestellung zu bearbeiten und die Kommunikation und das Angebot an Dienstleistungen, die den Kunden des Campingplatzes Les Dunes je nach Ihren Interessen vorbehalten sind, zu verbessern und zu personalisieren. Gem\u00e4\u00df dem Datenschutzgesetz vom 6. Januar 1978 haben Sie das Recht auf Zugang, Berichtigung und Widerspruch zu Ihren personenbezogenen Daten. Dazu gen\u00fcgt es, uns eine Anfrage per Post mit Angabe Ihres Namens, Vornamens und Ihrer Adresse zu senden an:<br \/>\n<strong>Camping Les Dunes -SAS SOGEVEN<\/strong><\/p>\n<p><strong>50 avenue des Dunes<\/strong><\/p>\n<p><strong>85470 BRETIGNOLLES SUR MER<\/strong><\/p>\n<p><strong>Siret: 423743897 00021<\/strong><\/p>\n<h3>18. Schlichtung<\/h3>\n<p>Im Streitfall und nach Kontaktaufnahme mit dem Kundendienst des Betriebs hat jeder Kunde des Campingplatzes die M\u00f6glichkeit, innerhalb eines Jahres ab dem Datum der schriftlichen Beschwerde einen Verbraucherschlichter zu kontaktieren. Die Kontaktdaten des zust\u00e4ndigen Schlichters lauten:<br \/>\nCM2C<\/p>\n<p>14 rue St Jean<\/p>\n<p>75014 PARIS<\/p>\n<p>Kontaktaufnahme: https:\/\/cm2c.net\/<\/p>\n<p><strong><em>Tel.: 01.89.47.00.14<\/em><\/strong><\/p>\n<h3><strong>19. Allgemeine Bedingungen f\u00fcr das Empfehlungsprogramm<\/strong><\/h3>\n<p>F\u00fcr den\/die geworbenen Freund(e):<br \/>\nKeiner der Teilnehmer am geworbenen Aufenthalt darf in den letzten 5 Jahren im Camping Les Dunes gewesen sein. Der Empfehlungsantrag wird nur ber\u00fccksichtigt, wenn der Geworbene nicht im Dossier des Werbers eingetragen ist. Das gew\u00e4hrte Geschenk gilt f\u00fcr jeden Aufenthalt von mindestens 7 N\u00e4chten im laufenden Jahr. Der Empfehlungsgutschein muss vor Beginn des Aufenthalts des Geworbenen eingereicht werden. Es wird nur ein Empfehlungsformular pro Familie und Dossier akzeptiert. Angebot nicht r\u00fcckwirkend g\u00fcltig.<\/p>\n<p>F\u00fcr den Werber:<\/p>\n<p>F\u00fcr jede Empfehlung erh\u00e4lt der Werber einen Gutschein im Wert von 30 \u20ac, der bei einem n\u00e4chsten Aufenthalt von mindestens einer Woche (7 N\u00e4chten) im Camping Les Dunes eingel\u00f6st werden kann. Die Anzahl der f\u00fcr den Aufenthalt des Werbers verwendbaren Gutscheine ist auf 3 begrenzt. Die G\u00fcltigkeit des Gutscheins betr\u00e4gt 1 Jahr ab Ausstellungsdatum. Dieses Angebot ist nicht kombinierbar und nicht r\u00fcckwirkend g\u00fcltig.<\/p>\n<\/div><\/div>","protected":false},"excerpt":{"rendered":"","protected":false},"author":1,"featured_media":0,"parent":0,"menu_order":0,"comment_status":"closed","ping_status":"closed","template":"","meta":{"_acf_changed":false,"footnotes":""},"class_list":["post-18641","page","type-page","status-publish","hentry"],"acf":[],"yoast_head":"<!-- This site is optimized with the Yoast SEO plugin v27.3 - https:\/\/yoast.com\/product\/yoast-seo-wordpress\/ -->\n<title>Allgemeine Mietbedingungen - Camping des Dunes<\/title>\n<meta name=\"robots\" content=\"index, follow, max-snippet:-1, max-image-preview:large, max-video-preview:-1\" \/>\n<link rel=\"canonical\" href=\"https:\/\/www.campinglesdunes.fr\/de\/allgemeine-mietbedingungen\/\" \/>\n<meta property=\"og:locale\" content=\"de_DE\" \/>\n<meta property=\"og:type\" content=\"article\" \/>\n<meta property=\"og:title\" content=\"Allgemeine Mietbedingungen - Camping des Dunes\" \/>\n<meta property=\"og:url\" content=\"https:\/\/www.campinglesdunes.fr\/de\/allgemeine-mietbedingungen\/\" \/>\n<meta property=\"og:site_name\" content=\"Camping des Dunes\" \/>\n<meta property=\"article:modified_time\" content=\"2024-06-04T13:25:37+00:00\" \/>\n<meta name=\"twitter:card\" content=\"summary_large_image\" \/>\n<script type=\"application\/ld+json\" class=\"yoast-schema-graph\">{\"@context\":\"https:\\\/\\\/schema.org\",\"@graph\":[{\"@type\":\"WebPage\",\"@id\":\"https:\\\/\\\/www.campinglesdunes.fr\\\/de\\\/allgemeine-mietbedingungen\\\/\",\"url\":\"https:\\\/\\\/www.campinglesdunes.fr\\\/de\\\/allgemeine-mietbedingungen\\\/\",\"name\":\"Allgemeine Mietbedingungen - Camping des Dunes\",\"isPartOf\":{\"@id\":\"https:\\\/\\\/www.campinglesdunes.fr\\\/de\\\/#website\"},\"datePublished\":\"2021-11-30T20:55:55+00:00\",\"dateModified\":\"2024-06-04T13:25:37+00:00\",\"breadcrumb\":{\"@id\":\"https:\\\/\\\/www.campinglesdunes.fr\\\/de\\\/allgemeine-mietbedingungen\\\/#breadcrumb\"},\"inLanguage\":\"de\",\"potentialAction\":[{\"@type\":\"ReadAction\",\"target\":[\"https:\\\/\\\/www.campinglesdunes.fr\\\/de\\\/allgemeine-mietbedingungen\\\/\"]}]},{\"@type\":\"BreadcrumbList\",\"@id\":\"https:\\\/\\\/www.campinglesdunes.fr\\\/de\\\/allgemeine-mietbedingungen\\\/#breadcrumb\",\"itemListElement\":[{\"@type\":\"ListItem\",\"position\":1,\"name\":\"Camping Vend\u00e9e\",\"item\":\"https:\\\/\\\/www.campinglesdunes.fr\\\/de\\\/accueil-2\\\/\"},{\"@type\":\"ListItem\",\"position\":2,\"name\":\"Allgemeine Mietbedingungen\"}]},{\"@type\":\"WebSite\",\"@id\":\"https:\\\/\\\/www.campinglesdunes.fr\\\/de\\\/#website\",\"url\":\"https:\\\/\\\/www.campinglesdunes.fr\\\/de\\\/\",\"name\":\"Camping des Dunes\",\"description\":\"Votre camping 5 \u00e9toiles en Vend\u00e9e\",\"publisher\":{\"@id\":\"https:\\\/\\\/www.campinglesdunes.fr\\\/de\\\/#organization\"},\"potentialAction\":[{\"@type\":\"SearchAction\",\"target\":{\"@type\":\"EntryPoint\",\"urlTemplate\":\"https:\\\/\\\/www.campinglesdunes.fr\\\/de\\\/?s={search_term_string}\"},\"query-input\":{\"@type\":\"PropertyValueSpecification\",\"valueRequired\":true,\"valueName\":\"search_term_string\"}}],\"inLanguage\":\"de\"},{\"@type\":\"Organization\",\"@id\":\"https:\\\/\\\/www.campinglesdunes.fr\\\/de\\\/#organization\",\"name\":\"Camping Bretignolles sur Mer en Vend\u00e9e\",\"url\":\"https:\\\/\\\/www.campinglesdunes.fr\\\/de\\\/\",\"logo\":{\"@type\":\"ImageObject\",\"inLanguage\":\"de\",\"@id\":\"https:\\\/\\\/www.campinglesdunes.fr\\\/de\\\/#\\\/schema\\\/logo\\\/image\\\/\",\"url\":\"https:\\\/\\\/www.campinglesdunes.fr\\\/wp-content\\\/uploads\\\/2022\\\/06\\\/logo-4.png\",\"contentUrl\":\"https:\\\/\\\/www.campinglesdunes.fr\\\/wp-content\\\/uploads\\\/2022\\\/06\\\/logo-4.png\",\"width\":187,\"height\":80,\"caption\":\"Camping Bretignolles sur Mer en Vend\u00e9e\"},\"image\":{\"@id\":\"https:\\\/\\\/www.campinglesdunes.fr\\\/de\\\/#\\\/schema\\\/logo\\\/image\\\/\"}}]}<\/script>\n<!-- \/ Yoast SEO plugin. -->","yoast_head_json":{"title":"Allgemeine Mietbedingungen - Camping des Dunes","robots":{"index":"index","follow":"follow","max-snippet":"max-snippet:-1","max-image-preview":"max-image-preview:large","max-video-preview":"max-video-preview:-1"},"canonical":"https:\/\/www.campinglesdunes.fr\/de\/allgemeine-mietbedingungen\/","og_locale":"de_DE","og_type":"article","og_title":"Allgemeine Mietbedingungen - Camping des Dunes","og_url":"https:\/\/www.campinglesdunes.fr\/de\/allgemeine-mietbedingungen\/","og_site_name":"Camping des Dunes","article_modified_time":"2024-06-04T13:25:37+00:00","twitter_card":"summary_large_image","schema":{"@context":"https:\/\/schema.org","@graph":[{"@type":"WebPage","@id":"https:\/\/www.campinglesdunes.fr\/de\/allgemeine-mietbedingungen\/","url":"https:\/\/www.campinglesdunes.fr\/de\/allgemeine-mietbedingungen\/","name":"Allgemeine Mietbedingungen - Camping des Dunes","isPartOf":{"@id":"https:\/\/www.campinglesdunes.fr\/de\/#website"},"datePublished":"2021-11-30T20:55:55+00:00","dateModified":"2024-06-04T13:25:37+00:00","breadcrumb":{"@id":"https:\/\/www.campinglesdunes.fr\/de\/allgemeine-mietbedingungen\/#breadcrumb"},"inLanguage":"de","potentialAction":[{"@type":"ReadAction","target":["https:\/\/www.campinglesdunes.fr\/de\/allgemeine-mietbedingungen\/"]}]},{"@type":"BreadcrumbList","@id":"https:\/\/www.campinglesdunes.fr\/de\/allgemeine-mietbedingungen\/#breadcrumb","itemListElement":[{"@type":"ListItem","position":1,"name":"Camping Vend\u00e9e","item":"https:\/\/www.campinglesdunes.fr\/de\/accueil-2\/"},{"@type":"ListItem","position":2,"name":"Allgemeine Mietbedingungen"}]},{"@type":"WebSite","@id":"https:\/\/www.campinglesdunes.fr\/de\/#website","url":"https:\/\/www.campinglesdunes.fr\/de\/","name":"Camping des Dunes","description":"Votre camping 5 \u00e9toiles en Vend\u00e9e","publisher":{"@id":"https:\/\/www.campinglesdunes.fr\/de\/#organization"},"potentialAction":[{"@type":"SearchAction","target":{"@type":"EntryPoint","urlTemplate":"https:\/\/www.campinglesdunes.fr\/de\/?s={search_term_string}"},"query-input":{"@type":"PropertyValueSpecification","valueRequired":true,"valueName":"search_term_string"}}],"inLanguage":"de"},{"@type":"Organization","@id":"https:\/\/www.campinglesdunes.fr\/de\/#organization","name":"Camping Bretignolles sur Mer en Vend\u00e9e","url":"https:\/\/www.campinglesdunes.fr\/de\/","logo":{"@type":"ImageObject","inLanguage":"de","@id":"https:\/\/www.campinglesdunes.fr\/de\/#\/schema\/logo\/image\/","url":"https:\/\/www.campinglesdunes.fr\/wp-content\/uploads\/2022\/06\/logo-4.png","contentUrl":"https:\/\/www.campinglesdunes.fr\/wp-content\/uploads\/2022\/06\/logo-4.png","width":187,"height":80,"caption":"Camping Bretignolles sur Mer en Vend\u00e9e"},"image":{"@id":"https:\/\/www.campinglesdunes.fr\/de\/#\/schema\/logo\/image\/"}}]}},"_links":{"self":[{"href":"https:\/\/www.campinglesdunes.fr\/de\/wp-json\/wp\/v2\/pages\/18641","targetHints":{"allow":["GET"]}}],"collection":[{"href":"https:\/\/www.campinglesdunes.fr\/de\/wp-json\/wp\/v2\/pages"}],"about":[{"href":"https:\/\/www.campinglesdunes.fr\/de\/wp-json\/wp\/v2\/types\/page"}],"author":[{"embeddable":true,"href":"https:\/\/www.campinglesdunes.fr\/de\/wp-json\/wp\/v2\/users\/1"}],"replies":[{"embeddable":true,"href":"https:\/\/www.campinglesdunes.fr\/de\/wp-json\/wp\/v2\/comments?post=18641"}],"version-history":[{"count":0,"href":"https:\/\/www.campinglesdunes.fr\/de\/wp-json\/wp\/v2\/pages\/18641\/revisions"}],"wp:attachment":[{"href":"https:\/\/www.campinglesdunes.fr\/de\/wp-json\/wp\/v2\/media?parent=18641"}],"curies":[{"name":"wp","href":"https:\/\/api.w.org\/{rel}","templated":true}]}}