{"id":18716,"date":"2021-08-24T10:33:49","date_gmt":"2021-08-24T08:33:49","guid":{"rendered":"https:\/\/www.campinglesdunes.fr\/activites\/"},"modified":"2024-06-04T16:42:37","modified_gmt":"2024-06-04T14:42:37","slug":"aktivitaetens","status":"publish","type":"page","link":"https:\/\/www.campinglesdunes.fr\/de\/aktivitaetens\/","title":{"rendered":"AKTIVIT\u00c4TEN"},"content":{"rendered":"<div class=\"bloc-texte full\"><div class=\"texte center\"><h2>Campingaktivit\u00e4ten f\u00fcr Ihren Urlaub in der Vend\u00e9e<\/h2>\n<p>Auf Camping Les Dunes, einem Campingplatz am Meer in der Vend\u00e9e, k\u00f6nnen Sie w\u00e4hrend Ihres Urlaubs zahlreiche Aktivit\u00e4ten aus\u00fcben: Tennis, Minigolf, P\u00e9tanque, Tischtennis usw. Genie\u00dfen Sie auch den Multisportplatz und die Spielbereiche f\u00fcr Kinder.Das gesamte Campingplatz-Team bietet au\u00dferdem tags\u00fcber und abends Unterhaltung f\u00fcr alle Altersgruppen.<\/p>\n<\/div><\/div>\n\n<div class=\"text-image-new style1 image-left\"><div class=\"text-image-new-colonne\"><H2 class=\"text-image-new-titre\">Spielbereiche f\u00fcr Kinder<\/H2><div class=\"text-image-new-content\"><p>Die Kinderspielpl\u00e4tze sind von 9.00 bis 20.00 Uhr zug\u00e4nglich. Zwei Spielbereiche sind zug\u00e4nglich. Einer befindet sich in der N\u00e4he des Campingplatzeingangs und bietet zwei Rutschen, eine H\u00e4ngebr\u00fccke, ein Kletternetz und ein Murmelspiel.<\/p>\n<p>Zwei neue Spielbereiche in der Mitte des Campingplatzes werden Kinder jeden Alters in den Ferien begeistern. Das Erste f\u00fcr Kinder von 4 bis 12 Jahren mit Nestschaukel, einem gro\u00dfen bunten Bauwerk mit unter anderem: R\u00f6hrenrutschen, Netzen, H\u00e4ngebr\u00fccke, Rutschstange&#8230;<br \/>\nDer zweite f\u00fcr Pitchouns im Alter von 1 bis 3 Jahren besteht aus verschiedenen Spielen: Drehkreuz, Rutschen, Tunnel, Kabine usw.<\/p>\n<p>Kinder m\u00fcssen jedoch in Begleitung darauf zugreifen und unter der Aufsicht ihrer Eltern bleiben.<\/p>\n<\/div><\/div><div class=\"text-image-new-colonne\"><img decoding=\"async\" src=\"https:\/\/www.campinglesdunes.fr\/wp-content\/uploads\/2024\/04\/aire-de-jeux-camping-les-dunes.jpg\" alt=\"Spielplatz Campingplatz Les Dunes\" class=\"text-image-new-thumb\" \/><\/div><\/div>\n\n<div class=\"text-image-new style1 image-right background-marron\"><div class=\"text-image-new-colonne\"><H2 class=\"text-image-new-titre\">Multisportplatz<\/H2><div class=\"text-image-new-content\"><p>Der Tennisplatz, P\u00e9tanque-Pl\u00e4tze, Tischtennisplatten und Minigolf stehen Ihnen zur Verf\u00fcgung.<\/p>\n<p>Der Multisportplatz ist der Treffpunkt f\u00fcr Fans von Fu\u00dfball, Basketball, Handball, Volleyball&#8230; Er ist zu jeder Tageszeit zug\u00e4nglich, abends ist der Platz jedoch nicht beleuchtet. Der Sportveranstalter bietet Ihnen im Juli und August zahlreiche Turniere an.<\/p>\n<p>Neben dem Multisportplatz finden Sie einen Beachvolleyballplatz.<\/p>\n<p>Ballons sind an der Rezeption erh\u00e4ltlich.<\/p>\n<\/div><\/div><div class=\"text-image-new-colonne\"><img decoding=\"async\" src=\"https:\/\/www.campinglesdunes.fr\/wp-content\/uploads\/2024\/04\/terrain-multisport-camping-les-dunes.jpg\" alt=\"Multisportplatz Camping Les Dunes\" class=\"text-image-new-thumb\" \/><\/div><\/div>\n\n<div class=\"text-image-new style1 image-left\"><div class=\"text-image-new-colonne\"><H2 class=\"text-image-new-titre\">Tennis<\/H2><div class=\"text-image-new-content\"><p>Der Tennisplatz, P\u00e9tanque-Pl\u00e4tze, Tischtennisplatten und Minigolf stehen Ihnen zur Verf\u00fcgung.<\/p>\n<p>Nutzen Sie Ihre Freizeit, um eine Partie Tennis zu spielen. Der Tennisplatz des Campingplatzes ist w\u00e4hrend der \u00d6ffnungszeiten der Rezeption zug\u00e4nglich.<\/p>\n<p>Praktische Information :<\/p>\n<p>Eine Reservierung des Tennisplatzes ist an der Rezeption erforderlich. Der Zugang ist vom 1. April bis 30. Juni und vom 1. September bis 11. November frei. Sie ist vom 1. Juli bis 31. August zahlbar, d. h. 5 \u20ac pro Stunde f\u00fcr die Platzmiete. Die Ausr\u00fcstung ist gegen eine Kaution an der Rezeption erh\u00e4ltlich.<\/p>\n<\/div><\/div><div class=\"text-image-new-colonne\"><img decoding=\"async\" src=\"https:\/\/www.campinglesdunes.fr\/wp-content\/uploads\/2024\/04\/terrain-tennis-camping-les-dunes.jpg\" alt=\"Tennisplatz Campingplatz Les Dunes\" class=\"text-image-new-thumb\" \/><\/div><\/div>\n\n<div class=\"text-image-new style1 image-right background-marron\"><div class=\"text-image-new-colonne\"><H2 class=\"text-image-new-titre\">Minigolf<\/H2><div class=\"text-image-new-content\"><p>Ein herrlich angelegter Minigolfplatz zum Thema Vend\u00e9e wird Jung und Alt gleicherma\u00dfen begeistern.<\/p>\n<p>Unser Minigolfplatz verf\u00fcgt \u00fcber 18 L\u00f6cher. Es ist w\u00e4hrend der \u00d6ffnungszeiten der Rezeption zug\u00e4nglich. Der Zugang ist vom 1. April bis 30. Juni und vom 1. September bis 11. November frei. Sie ist vom 1. Juli bis 31. August zahlbar, d. h. 2 \u20ac pro Spiel (ca. 2 Stunden) pro Person \u00fcber 7 Jahre.<\/p>\n<p>Die Ausr\u00fcstung ist an der Rezeption erh\u00e4ltlich.<\/p>\n<\/div><\/div><div class=\"text-image-new-colonne\"><img decoding=\"async\" src=\"https:\/\/www.campinglesdunes.fr\/wp-content\/uploads\/2024\/04\/minigolf-camping-les-dunes.jpg\" alt=\"Minigolf, Camping in den D\u00fcnen\" class=\"text-image-new-thumb\" \/><\/div><\/div>\n\n<div class=\"text-image-new style1 image-left\"><div class=\"text-image-new-colonne\"><H2 class=\"text-image-new-titre\">Der P\u00e9tanque-Platz<\/H2><div class=\"text-image-new-content\"><p>Der Tennisplatz, P\u00e9tanque-Pl\u00e4tze, Tischtennisplatten und Minigolf stehen Ihnen zur Verf\u00fcgung.<\/p>\n<p>Um es sicher genie\u00dfen zu k\u00f6nnen, bitten wir Sie, die Regeln der physischen Distanzierung einzuhalten.<\/p>\n<p>\u201eEine Partie P\u00e9tanque macht Spa\u00df!\u00bb<\/p>\n<p>Der P\u00e9tanque-Platz ist zu jeder Tageszeit f\u00fcr jedermann zug\u00e4nglich. Allerdings ist das Feld abends nicht beleuchtet. Im Juli und August werden dort Wettbewerbe von den Bowlern selbst oder von den Campingleitern organisiert. Besuchen Sie also den P\u00e9tanque-Platz f\u00fcr eine angenehme Zeit!<\/p>\n<\/div><\/div><div class=\"text-image-new-colonne\"><img decoding=\"async\" src=\"https:\/\/www.campinglesdunes.fr\/wp-content\/uploads\/2024\/04\/petanque-camping-les-dunes.jpg\" alt=\"P\u00e9tanque-Campingplatz in den D\u00fcnen\" class=\"text-image-new-thumb\" \/><\/div><\/div>\n\n<div class=\"text-image-new style1 image-right background-marron\"><div class=\"text-image-new-colonne\"><H2 class=\"text-image-new-titre\">Tischtennisplatten<\/H2><div class=\"text-image-new-content\"><p>Auf dem Campingplatz stehen Tischtennisplatten zur Verf\u00fcgung. Ausr\u00fcstung kann an der Rezeption ausgeliehen werden.<\/p>\n<\/div><\/div><div class=\"text-image-new-colonne\"><img decoding=\"async\" src=\"https:\/\/www.campinglesdunes.fr\/wp-content\/uploads\/2024\/04\/ping-pong-camping-les-dunes.jpg\" alt=\"Tischtennis, Camping in den D\u00fcnen\" class=\"text-image-new-thumb\" \/><\/div><\/div>\n\n<div class=\"liste-de-page-home\"><h2 class=\"liste-de-page-home-titre\">Buchen Sie Ihren Aufenthalt auf dem Campingplatz Les Dunes!<\/h2><ul class=\"liste-de-page-articles\"><li><a href=\"https:\/\/www.campinglesdunes.fr\/de\/nachricht\/die-schoensten-maerkte-der-vendee\/\"><div class=\"cta-img\"><img decoding=\"async\" src=\"https:\/\/www.campinglesdunes.fr\/wp-content\/uploads\/2021\/12\/BLOG-1-1-scaled.jpg\" alt=\"\"><\/div><div class=\"cta-titre\">Die sch\u00f6nsten M\u00e4rkte der Vend\u00e9e<\/div><\/a><\/li><li><a href=\"https:\/\/www.campinglesdunes.fr\/de\/nachricht\/entdecken-sie-den-puy-du-fou-park\/\"><div class=\"cta-img\"><img decoding=\"async\" src=\"https:\/\/www.campinglesdunes.fr\/wp-content\/uploads\/2021\/12\/feux-follets-puy-du-fou.png\" alt=\"\"><\/div><div class=\"cta-titre\">Entdecken Sie den Park Puy du Fou<\/div><\/a><\/li><\/ul><\/div>","protected":false},"excerpt":{"rendered":"","protected":false},"author":1,"featured_media":14425,"parent":0,"menu_order":0,"comment_status":"closed","ping_status":"closed","template":"","meta":{"_acf_changed":false,"footnotes":""},"class_list":["post-18716","page","type-page","status-publish","has-post-thumbnail","hentry"],"acf":[],"yoast_head":"<!-- This site is optimized with the Yoast SEO plugin v27.3 - https:\/\/yoast.com\/product\/yoast-seo-wordpress\/ -->\n<title>Campingaktivit\u00e4ten in Br\u00e9tignolles | Welche Aktivit\u00e4ten gibt es auf dem Campingplatz in Br\u00e9tignolles?<\/title>\n<meta name=\"description\" content=\"Was k\u00f6nnen Sie w\u00e4hrend Ihres Urlaubs auf dem 5-Sterne-Campingplatz Les Dunes in Br\u00e9tigolles unternehmen? Entdecken Sie die Aktivit\u00e4ten, die der Campingplatz Les Dunes in der Vend\u00e9e bietet.\" \/>\n<meta name=\"robots\" content=\"index, follow, max-snippet:-1, max-image-preview:large, max-video-preview:-1\" \/>\n<link rel=\"canonical\" href=\"https:\/\/www.campinglesdunes.fr\/de\/aktivitaetens\/\" \/>\n<meta property=\"og:locale\" content=\"de_DE\" \/>\n<meta property=\"og:type\" content=\"article\" \/>\n<meta property=\"og:title\" content=\"Campingaktivit\u00e4ten in Br\u00e9tignolles | Welche Aktivit\u00e4ten gibt es auf dem Campingplatz in Br\u00e9tignolles?\" \/>\n<meta property=\"og:description\" content=\"Was k\u00f6nnen Sie w\u00e4hrend Ihres Urlaubs auf dem 5-Sterne-Campingplatz Les Dunes in Br\u00e9tigolles unternehmen? Entdecken Sie die Aktivit\u00e4ten, die der Campingplatz Les Dunes in der Vend\u00e9e bietet.\" \/>\n<meta property=\"og:url\" content=\"https:\/\/www.campinglesdunes.fr\/de\/aktivitaetens\/\" \/>\n<meta property=\"og:site_name\" content=\"Camping des Dunes\" \/>\n<meta property=\"article:modified_time\" content=\"2024-06-04T14:42:37+00:00\" \/>\n<meta property=\"og:image\" content=\"https:\/\/www.campinglesdunes.fr\/wp-content\/uploads\/2023\/01\/ACTIVITES-1-scaled.jpg\" \/>\n\t<meta property=\"og:image:width\" content=\"2560\" \/>\n\t<meta property=\"og:image:height\" content=\"1297\" \/>\n\t<meta property=\"og:image:type\" content=\"image\/jpeg\" \/>\n<meta name=\"twitter:card\" content=\"summary_large_image\" \/>\n<script type=\"application\/ld+json\" class=\"yoast-schema-graph\">{\"@context\":\"https:\\\/\\\/schema.org\",\"@graph\":[{\"@type\":\"WebPage\",\"@id\":\"https:\\\/\\\/www.campinglesdunes.fr\\\/de\\\/aktivitaetens\\\/\",\"url\":\"https:\\\/\\\/www.campinglesdunes.fr\\\/de\\\/aktivitaetens\\\/\",\"name\":\"Campingaktivit\u00e4ten in Br\u00e9tignolles | Welche Aktivit\u00e4ten gibt es auf dem Campingplatz in Br\u00e9tignolles?\",\"isPartOf\":{\"@id\":\"https:\\\/\\\/www.campinglesdunes.fr\\\/de\\\/#website\"},\"primaryImageOfPage\":{\"@id\":\"https:\\\/\\\/www.campinglesdunes.fr\\\/de\\\/aktivitaetens\\\/#primaryimage\"},\"image\":{\"@id\":\"https:\\\/\\\/www.campinglesdunes.fr\\\/de\\\/aktivitaetens\\\/#primaryimage\"},\"thumbnailUrl\":\"https:\\\/\\\/www.campinglesdunes.fr\\\/wp-content\\\/uploads\\\/2023\\\/01\\\/ACTIVITES-1-scaled.jpg\",\"datePublished\":\"2021-08-24T08:33:49+00:00\",\"dateModified\":\"2024-06-04T14:42:37+00:00\",\"description\":\"Was k\u00f6nnen Sie w\u00e4hrend Ihres Urlaubs auf dem 5-Sterne-Campingplatz Les Dunes in Br\u00e9tigolles unternehmen? Entdecken Sie die Aktivit\u00e4ten, die der Campingplatz Les Dunes in der Vend\u00e9e bietet.\",\"breadcrumb\":{\"@id\":\"https:\\\/\\\/www.campinglesdunes.fr\\\/de\\\/aktivitaetens\\\/#breadcrumb\"},\"inLanguage\":\"de\",\"potentialAction\":[{\"@type\":\"ReadAction\",\"target\":[\"https:\\\/\\\/www.campinglesdunes.fr\\\/de\\\/aktivitaetens\\\/\"]}]},{\"@type\":\"ImageObject\",\"inLanguage\":\"de\",\"@id\":\"https:\\\/\\\/www.campinglesdunes.fr\\\/de\\\/aktivitaetens\\\/#primaryimage\",\"url\":\"https:\\\/\\\/www.campinglesdunes.fr\\\/wp-content\\\/uploads\\\/2023\\\/01\\\/ACTIVITES-1-scaled.jpg\",\"contentUrl\":\"https:\\\/\\\/www.campinglesdunes.fr\\\/wp-content\\\/uploads\\\/2023\\\/01\\\/ACTIVITES-1-scaled.jpg\",\"width\":\"2560\",\"height\":\"1297\"},{\"@type\":\"BreadcrumbList\",\"@id\":\"https:\\\/\\\/www.campinglesdunes.fr\\\/de\\\/aktivitaetens\\\/#breadcrumb\",\"itemListElement\":[{\"@type\":\"ListItem\",\"position\":1,\"name\":\"Camping Vend\u00e9e\",\"item\":\"https:\\\/\\\/www.campinglesdunes.fr\\\/de\\\/accueil-2\\\/\"},{\"@type\":\"ListItem\",\"position\":2,\"name\":\"AKTIVIT\u00c4TEN\"}]},{\"@type\":\"WebSite\",\"@id\":\"https:\\\/\\\/www.campinglesdunes.fr\\\/de\\\/#website\",\"url\":\"https:\\\/\\\/www.campinglesdunes.fr\\\/de\\\/\",\"name\":\"Camping des Dunes\",\"description\":\"Votre camping 5 \u00e9toiles en Vend\u00e9e\",\"publisher\":{\"@id\":\"https:\\\/\\\/www.campinglesdunes.fr\\\/de\\\/#organization\"},\"potentialAction\":[{\"@type\":\"SearchAction\",\"target\":{\"@type\":\"EntryPoint\",\"urlTemplate\":\"https:\\\/\\\/www.campinglesdunes.fr\\\/de\\\/?s={search_term_string}\"},\"query-input\":{\"@type\":\"PropertyValueSpecification\",\"valueRequired\":true,\"valueName\":\"search_term_string\"}}],\"inLanguage\":\"de\"},{\"@type\":\"Organization\",\"@id\":\"https:\\\/\\\/www.campinglesdunes.fr\\\/de\\\/#organization\",\"name\":\"Camping Bretignolles sur Mer en Vend\u00e9e\",\"url\":\"https:\\\/\\\/www.campinglesdunes.fr\\\/de\\\/\",\"logo\":{\"@type\":\"ImageObject\",\"inLanguage\":\"de\",\"@id\":\"https:\\\/\\\/www.campinglesdunes.fr\\\/de\\\/#\\\/schema\\\/logo\\\/image\\\/\",\"url\":\"https:\\\/\\\/www.campinglesdunes.fr\\\/wp-content\\\/uploads\\\/2022\\\/06\\\/logo-4.png\",\"contentUrl\":\"https:\\\/\\\/www.campinglesdunes.fr\\\/wp-content\\\/uploads\\\/2022\\\/06\\\/logo-4.png\",\"width\":187,\"height\":80,\"caption\":\"Camping Bretignolles sur Mer en Vend\u00e9e\"},\"image\":{\"@id\":\"https:\\\/\\\/www.campinglesdunes.fr\\\/de\\\/#\\\/schema\\\/logo\\\/image\\\/\"}}]}<\/script>\n<!-- \/ Yoast SEO plugin. -->","yoast_head_json":{"title":"Campingaktivit\u00e4ten in Br\u00e9tignolles | Welche Aktivit\u00e4ten gibt es auf dem Campingplatz in Br\u00e9tignolles?","description":"Was k\u00f6nnen Sie w\u00e4hrend Ihres Urlaubs auf dem 5-Sterne-Campingplatz Les Dunes in Br\u00e9tigolles unternehmen? Entdecken Sie die Aktivit\u00e4ten, die der Campingplatz Les Dunes in der Vend\u00e9e bietet.","robots":{"index":"index","follow":"follow","max-snippet":"max-snippet:-1","max-image-preview":"max-image-preview:large","max-video-preview":"max-video-preview:-1"},"canonical":"https:\/\/www.campinglesdunes.fr\/de\/aktivitaetens\/","og_locale":"de_DE","og_type":"article","og_title":"Campingaktivit\u00e4ten in Br\u00e9tignolles | Welche Aktivit\u00e4ten gibt es auf dem Campingplatz in Br\u00e9tignolles?","og_description":"Was k\u00f6nnen Sie w\u00e4hrend Ihres Urlaubs auf dem 5-Sterne-Campingplatz Les Dunes in Br\u00e9tigolles unternehmen? Entdecken Sie die Aktivit\u00e4ten, die der Campingplatz Les Dunes in der Vend\u00e9e bietet.","og_url":"https:\/\/www.campinglesdunes.fr\/de\/aktivitaetens\/","og_site_name":"Camping des Dunes","article_modified_time":"2024-06-04T14:42:37+00:00","og_image":[{"width":2560,"height":1297,"url":"https:\/\/www.campinglesdunes.fr\/wp-content\/uploads\/2023\/01\/ACTIVITES-1-scaled.jpg","type":"image\/jpeg"}],"twitter_card":"summary_large_image","schema":{"@context":"https:\/\/schema.org","@graph":[{"@type":"WebPage","@id":"https:\/\/www.campinglesdunes.fr\/de\/aktivitaetens\/","url":"https:\/\/www.campinglesdunes.fr\/de\/aktivitaetens\/","name":"Campingaktivit\u00e4ten in Br\u00e9tignolles | Welche Aktivit\u00e4ten gibt es auf dem Campingplatz in Br\u00e9tignolles?","isPartOf":{"@id":"https:\/\/www.campinglesdunes.fr\/de\/#website"},"primaryImageOfPage":{"@id":"https:\/\/www.campinglesdunes.fr\/de\/aktivitaetens\/#primaryimage"},"image":{"@id":"https:\/\/www.campinglesdunes.fr\/de\/aktivitaetens\/#primaryimage"},"thumbnailUrl":"https:\/\/www.campinglesdunes.fr\/wp-content\/uploads\/2023\/01\/ACTIVITES-1-scaled.jpg","datePublished":"2021-08-24T08:33:49+00:00","dateModified":"2024-06-04T14:42:37+00:00","description":"Was k\u00f6nnen Sie w\u00e4hrend Ihres Urlaubs auf dem 5-Sterne-Campingplatz Les Dunes in Br\u00e9tigolles unternehmen? Entdecken Sie die Aktivit\u00e4ten, die der Campingplatz Les Dunes in der Vend\u00e9e bietet.","breadcrumb":{"@id":"https:\/\/www.campinglesdunes.fr\/de\/aktivitaetens\/#breadcrumb"},"inLanguage":"de","potentialAction":[{"@type":"ReadAction","target":["https:\/\/www.campinglesdunes.fr\/de\/aktivitaetens\/"]}]},{"@type":"ImageObject","inLanguage":"de","@id":"https:\/\/www.campinglesdunes.fr\/de\/aktivitaetens\/#primaryimage","url":"https:\/\/www.campinglesdunes.fr\/wp-content\/uploads\/2023\/01\/ACTIVITES-1-scaled.jpg","contentUrl":"https:\/\/www.campinglesdunes.fr\/wp-content\/uploads\/2023\/01\/ACTIVITES-1-scaled.jpg","width":"2560","height":"1297"},{"@type":"BreadcrumbList","@id":"https:\/\/www.campinglesdunes.fr\/de\/aktivitaetens\/#breadcrumb","itemListElement":[{"@type":"ListItem","position":1,"name":"Camping Vend\u00e9e","item":"https:\/\/www.campinglesdunes.fr\/de\/accueil-2\/"},{"@type":"ListItem","position":2,"name":"AKTIVIT\u00c4TEN"}]},{"@type":"WebSite","@id":"https:\/\/www.campinglesdunes.fr\/de\/#website","url":"https:\/\/www.campinglesdunes.fr\/de\/","name":"Camping des Dunes","description":"Votre camping 5 \u00e9toiles en Vend\u00e9e","publisher":{"@id":"https:\/\/www.campinglesdunes.fr\/de\/#organization"},"potentialAction":[{"@type":"SearchAction","target":{"@type":"EntryPoint","urlTemplate":"https:\/\/www.campinglesdunes.fr\/de\/?s={search_term_string}"},"query-input":{"@type":"PropertyValueSpecification","valueRequired":true,"valueName":"search_term_string"}}],"inLanguage":"de"},{"@type":"Organization","@id":"https:\/\/www.campinglesdunes.fr\/de\/#organization","name":"Camping Bretignolles sur Mer en Vend\u00e9e","url":"https:\/\/www.campinglesdunes.fr\/de\/","logo":{"@type":"ImageObject","inLanguage":"de","@id":"https:\/\/www.campinglesdunes.fr\/de\/#\/schema\/logo\/image\/","url":"https:\/\/www.campinglesdunes.fr\/wp-content\/uploads\/2022\/06\/logo-4.png","contentUrl":"https:\/\/www.campinglesdunes.fr\/wp-content\/uploads\/2022\/06\/logo-4.png","width":187,"height":80,"caption":"Camping Bretignolles sur Mer en Vend\u00e9e"},"image":{"@id":"https:\/\/www.campinglesdunes.fr\/de\/#\/schema\/logo\/image\/"}}]}},"_links":{"self":[{"href":"https:\/\/www.campinglesdunes.fr\/de\/wp-json\/wp\/v2\/pages\/18716","targetHints":{"allow":["GET"]}}],"collection":[{"href":"https:\/\/www.campinglesdunes.fr\/de\/wp-json\/wp\/v2\/pages"}],"about":[{"href":"https:\/\/www.campinglesdunes.fr\/de\/wp-json\/wp\/v2\/types\/page"}],"author":[{"embeddable":true,"href":"https:\/\/www.campinglesdunes.fr\/de\/wp-json\/wp\/v2\/users\/1"}],"replies":[{"embeddable":true,"href":"https:\/\/www.campinglesdunes.fr\/de\/wp-json\/wp\/v2\/comments?post=18716"}],"version-history":[{"count":4,"href":"https:\/\/www.campinglesdunes.fr\/de\/wp-json\/wp\/v2\/pages\/18716\/revisions"}],"predecessor-version":[{"id":20059,"href":"https:\/\/www.campinglesdunes.fr\/de\/wp-json\/wp\/v2\/pages\/18716\/revisions\/20059"}],"wp:featuredmedia":[{"embeddable":true,"href":"https:\/\/www.campinglesdunes.fr\/de\/wp-json\/wp\/v2\/media\/14425"}],"wp:attachment":[{"href":"https:\/\/www.campinglesdunes.fr\/de\/wp-json\/wp\/v2\/media?parent=18716"}],"curies":[{"name":"wp","href":"https:\/\/api.w.org\/{rel}","templated":true}]}}