{"id":18729,"date":"2021-11-29T16:38:30","date_gmt":"2021-11-29T15:38:30","guid":{"rendered":"https:\/\/www.campinglesdunes.fr\/achat-mobil-home-vendee\/"},"modified":"2024-06-04T16:49:08","modified_gmt":"2024-06-04T14:49:08","slug":"kauf-mobilheim-vendee","status":"publish","type":"page","link":"https:\/\/www.campinglesdunes.fr\/de\/kauf-mobilheim-vendee\/","title":{"rendered":"Kaufen Sie ein Mobilheim Vend\u00e9e"},"content":{"rendered":"<div class=\"bloc-texte full\"><div class=\"texte left\"><p>F\u00fcr Bewohner ist der Campingplatz Les Dunes vom 1. April bis 11. November 2024 ge\u00f6ffnet. Der Kauf eines Mobilheims in der Vend\u00e9e ist ein gutes Gesch\u00e4ft, das viele franz\u00f6sische Familien anspricht. Die Investition erm\u00f6glicht Ihnen ein komfortables, naturnahes Ferienhaus, das sowohl in der Anschaffung als auch in der Instandhaltung deutlich weniger kostet als ein klassisches Landhaus.<\/p>\n<\/div><\/div>\n\n<div class=\"text-image-new style1 image-left\"><div class=\"text-image-new-colonne\"><H2 class=\"text-image-new-titre\">Verkauf von Mobilheimen in der Vend\u00e9e: die Marken<\/H2><div class=\"text-image-new-content\"><p>Der in Bretignolles-sur-Mer gelegene Campingplatz Les Dunes ist ein wundersch\u00f6ner Ferienort, an dem Sie mit der Familie oder Freunden entspannen k\u00f6nnen. Das 5-Sterne-Haus bietet erstklassige Dienstleistungen, hochwertige Infrastruktur sowie zahlreiche Unterhaltungs- und Aktivit\u00e4tenm\u00f6glichkeiten f\u00fcr alle Altersgruppen. Aber es wird auch wegen des Komforts seiner Unterkunft gesch\u00e4tzt. Mit seiner bezaubernden Umgebung ist es der perfekte Ort, um in ein Mobilheim auf einem Campingplatz mit Wasserpark in der Vend\u00e9e zu investieren.<\/p>\n<p>Die auf dem Campingplatz verf\u00fcgbaren Modelle stammen von der Marke IRM. W\u00e4hrend einige bereits ab 50.000 oder 52.000 Euro erh\u00e4ltlich sind, kosten andere 65.000 oder 69.000 Euro.<\/p>\n<\/div><\/div><div class=\"text-image-new-colonne\"><img decoding=\"async\" src=\"https:\/\/www.campinglesdunes.fr\/wp-content\/uploads\/2021\/11\/pict_33_1.jpeg\" alt=\"Verkauf von Mobilheimen in der Vend\u00e9e\" class=\"text-image-new-thumb\" \/><\/div><\/div>\n\n<div class=\"text-image-new style1 image-right background-marron\"><div class=\"text-image-new-colonne\"><H2 class=\"text-image-new-titre\">Warum ein Mobilheim in der Vend\u00e9e kaufen?<\/H2><div class=\"text-image-new-content\"><p>Die zum Verkauf stehenden Mobilheime in der Vend\u00e9e zeichnen sich durch ihren guten Komfort aus. Sie verf\u00fcgen \u00fcber ger\u00e4umige Schlafzimmer, einen hellen Wohnbereich und eine Einbauk\u00fcche. Sie verf\u00fcgen au\u00dferdem \u00fcber ein komplettes Badezimmer und eine Terrasse mit einer sch\u00f6nen Aussicht. Somit profitieren Eigent\u00fcmer von einem komfortablen Feriendomizil mitten in der Natur.<\/p>\n<p>Aber wenn die Idee, ein Mobilheim in der Vend\u00e9e zu besitzen, immer mehr Familien anzieht, liegt das vor allem daran, dass diese Art von Zweitwohnsitz im Vergleich zu einem klassischen Ferienhaus weithin zug\u00e4nglich ist. Relevant ist der Vergleich im Hinblick auf den Kaufpreis, insbesondere aber f\u00fcr die Wartungskosten. Zur Erinnerung: Die Unterhaltskosten f\u00fcr ein herk\u00f6mmliches Zweithaus betragen im Allgemeinen 2 bis 4 % des Wertes der Immobilie. Bei einem Wohnmobil \u00fcbersteigen die Wartungs- und Sicherheitskosten selten 100 \u20ac pro Monat.<\/p>\n<p>Aber die Vorteile h\u00f6ren hier nicht auf. Wenn Sie ein eigenes Mobilheim besitzen, k\u00f6nnen Sie jederzeit ein Naturwochenende oder einen Familienurlaub organisieren.<\/p>\n<\/div><p class=\"lire-plus\">Mehr lesen<\/p><div class=\"text-image-new-content-more hide\"><p>Wenn sich die Familie jederzeit einen Ausflug in die Natur g\u00f6nnen kann, kann sie auch ihren Lieben einen Dienst erweisen, indem sie ihnen das Mobilheim leiht. Auch sie kann von ihrem Status als Eigent\u00fcmerin profitieren. Tats\u00e4chlich kann sie ihre Immobilie in den Monaten, in denen sie nicht vor Ort ist, vermieten. Selbstverst\u00e4ndlich sind sowohl Eigent\u00fcmer als auch Mieter verpflichtet, w\u00e4hrend ihres Aufenthalts die internen Vorschriften des Campingplatzes einzuhalten.<\/p>\n<p>Der Verkauf von Mobilheimen in der Vend\u00e9e ist ein Ph\u00e4nomen mit steigender Tendenz. Der Markt erf\u00fcllt die Bed\u00fcrfnisse vieler Familien, die ein eigenes Ferienhaus haben m\u00f6chten, ohne ein Verm\u00f6gen auszugeben.<\/p>\n<\/div><p class=\"lire-moins hide\">Lese weniger<\/p><\/div><div class=\"text-image-new-colonne\"><img decoding=\"async\" src=\"https:\/\/www.campinglesdunes.fr\/wp-content\/uploads\/2021\/09\/clairdelune-Ext-800x534-1.jpg\" alt=\"Warum ein Mobilheim in der Vend\u00e9e kaufen?\" class=\"text-image-new-thumb\" \/><\/div><\/div>\n\n<div class=\"liste-de-page-home\"><div class=\"liste-de-page-home-titre\">Siehe auch<\/div><ul class=\"liste-de-page-articles\"><li><a href=\"https:\/\/www.campinglesdunes.fr\/de\/nachricht\/die-schoensten-maerkte-der-vendee\/\"><div class=\"cta-img\"><img decoding=\"async\" src=\"https:\/\/www.campinglesdunes.fr\/wp-content\/uploads\/2021\/12\/BLOG-1-1-scaled.jpg\" alt=\"\"><\/div><div class=\"cta-titre\">Die sch\u00f6nsten M\u00e4rkte der Vend\u00e9e<\/div><\/a><\/li><li><a href=\"https:\/\/www.campinglesdunes.fr\/de\/nachricht\/entdecken-sie-den-puy-du-fou-park\/\"><div class=\"cta-img\"><img decoding=\"async\" src=\"https:\/\/www.campinglesdunes.fr\/wp-content\/uploads\/2021\/12\/feux-follets-puy-du-fou.png\" alt=\"\"><\/div><div class=\"cta-titre\">Entdecken Sie den Park Puy du Fou<\/div><\/a><\/li><\/ul><\/div>","protected":false},"excerpt":{"rendered":"","protected":false},"author":1,"featured_media":9316,"parent":0,"menu_order":0,"comment_status":"closed","ping_status":"closed","template":"","meta":{"_acf_changed":false,"footnotes":""},"class_list":["post-18729","page","type-page","status-publish","has-post-thumbnail","hentry"],"acf":[],"yoast_head":"<!-- This site is optimized with the Yoast SEO plugin v27.4 - https:\/\/yoast.com\/product\/yoast-seo-wordpress\/ -->\n<title>Mobilheim Vend\u00e9e kaufen | Kaufen Sie Ihr Mobilheim in der Vend\u00e9e<\/title>\n<meta name=\"description\" content=\"Entdecken Sie unsere zum Verkauf stehenden Mobilheime in der Vend\u00e9e und kaufen Sie eine Unterkunft auf unserem Campingplatz in Bretignolles-sur-Mer.\" \/>\n<meta name=\"robots\" content=\"index, follow, max-snippet:-1, max-image-preview:large, max-video-preview:-1\" \/>\n<link rel=\"canonical\" href=\"https:\/\/www.campinglesdunes.fr\/de\/kauf-mobilheim-vendee\/\" \/>\n<meta property=\"og:locale\" content=\"de_DE\" \/>\n<meta property=\"og:type\" content=\"article\" \/>\n<meta property=\"og:title\" content=\"Mobilheim Vend\u00e9e kaufen | Kaufen Sie Ihr Mobilheim in der Vend\u00e9e\" \/>\n<meta property=\"og:description\" content=\"Entdecken Sie unsere zum Verkauf stehenden Mobilheime in der Vend\u00e9e und kaufen Sie eine Unterkunft auf unserem Campingplatz in Bretignolles-sur-Mer.\" \/>\n<meta property=\"og:url\" content=\"https:\/\/www.campinglesdunes.fr\/de\/kauf-mobilheim-vendee\/\" \/>\n<meta property=\"og:site_name\" content=\"Camping des Dunes\" \/>\n<meta property=\"article:modified_time\" content=\"2024-06-04T14:49:08+00:00\" \/>\n<meta property=\"og:image\" content=\"https:\/\/www.campinglesdunes.fr\/wp-content\/uploads\/2021\/09\/TAOS-P.22.jpg\" \/>\n\t<meta property=\"og:image:width\" content=\"2000\" \/>\n\t<meta property=\"og:image:height\" content=\"1500\" \/>\n\t<meta property=\"og:image:type\" content=\"image\/jpeg\" \/>\n<meta name=\"twitter:card\" content=\"summary_large_image\" \/>\n<meta name=\"twitter:label1\" content=\"Gesch\u00e4tzte Lesezeit\" \/>\n\t<meta name=\"twitter:data1\" content=\"1\u00a0Minute\" \/>\n<script type=\"application\/ld+json\" class=\"yoast-schema-graph\">{\"@context\":\"https:\\\/\\\/schema.org\",\"@graph\":[{\"@type\":\"WebPage\",\"@id\":\"https:\\\/\\\/www.campinglesdunes.fr\\\/de\\\/kauf-mobilheim-vendee\\\/\",\"url\":\"https:\\\/\\\/www.campinglesdunes.fr\\\/de\\\/kauf-mobilheim-vendee\\\/\",\"name\":\"Mobilheim Vend\u00e9e kaufen | Kaufen Sie Ihr Mobilheim in der Vend\u00e9e\",\"isPartOf\":{\"@id\":\"https:\\\/\\\/www.campinglesdunes.fr\\\/de\\\/#website\"},\"primaryImageOfPage\":{\"@id\":\"https:\\\/\\\/www.campinglesdunes.fr\\\/de\\\/kauf-mobilheim-vendee\\\/#primaryimage\"},\"image\":{\"@id\":\"https:\\\/\\\/www.campinglesdunes.fr\\\/de\\\/kauf-mobilheim-vendee\\\/#primaryimage\"},\"thumbnailUrl\":\"https:\\\/\\\/www.campinglesdunes.fr\\\/wp-content\\\/uploads\\\/2021\\\/09\\\/TAOS-P.22.jpg\",\"datePublished\":\"2021-11-29T15:38:30+00:00\",\"dateModified\":\"2024-06-04T14:49:08+00:00\",\"description\":\"Entdecken Sie unsere zum Verkauf stehenden Mobilheime in der Vend\u00e9e und kaufen Sie eine Unterkunft auf unserem Campingplatz in Bretignolles-sur-Mer.\",\"breadcrumb\":{\"@id\":\"https:\\\/\\\/www.campinglesdunes.fr\\\/de\\\/kauf-mobilheim-vendee\\\/#breadcrumb\"},\"inLanguage\":\"de\",\"potentialAction\":[{\"@type\":\"ReadAction\",\"target\":[\"https:\\\/\\\/www.campinglesdunes.fr\\\/de\\\/kauf-mobilheim-vendee\\\/\"]}]},{\"@type\":\"ImageObject\",\"inLanguage\":\"de\",\"@id\":\"https:\\\/\\\/www.campinglesdunes.fr\\\/de\\\/kauf-mobilheim-vendee\\\/#primaryimage\",\"url\":\"https:\\\/\\\/www.campinglesdunes.fr\\\/wp-content\\\/uploads\\\/2021\\\/09\\\/TAOS-P.22.jpg\",\"contentUrl\":\"https:\\\/\\\/www.campinglesdunes.fr\\\/wp-content\\\/uploads\\\/2021\\\/09\\\/TAOS-P.22.jpg\",\"width\":2000,\"height\":1500},{\"@type\":\"BreadcrumbList\",\"@id\":\"https:\\\/\\\/www.campinglesdunes.fr\\\/de\\\/kauf-mobilheim-vendee\\\/#breadcrumb\",\"itemListElement\":[{\"@type\":\"ListItem\",\"position\":1,\"name\":\"Camping Vend\u00e9e\",\"item\":\"https:\\\/\\\/www.campinglesdunes.fr\\\/de\\\/\"},{\"@type\":\"ListItem\",\"position\":2,\"name\":\"Kaufen Sie ein Mobilheim Vend\u00e9e\"}]},{\"@type\":\"WebSite\",\"@id\":\"https:\\\/\\\/www.campinglesdunes.fr\\\/de\\\/#website\",\"url\":\"https:\\\/\\\/www.campinglesdunes.fr\\\/de\\\/\",\"name\":\"Camping des Dunes\",\"description\":\"Votre camping 5 \u00e9toiles en Vend\u00e9e\",\"publisher\":{\"@id\":\"https:\\\/\\\/www.campinglesdunes.fr\\\/de\\\/#organization\"},\"potentialAction\":[{\"@type\":\"SearchAction\",\"target\":{\"@type\":\"EntryPoint\",\"urlTemplate\":\"https:\\\/\\\/www.campinglesdunes.fr\\\/de\\\/?s={search_term_string}\"},\"query-input\":{\"@type\":\"PropertyValueSpecification\",\"valueRequired\":true,\"valueName\":\"search_term_string\"}}],\"inLanguage\":\"de\"},{\"@type\":\"Organization\",\"@id\":\"https:\\\/\\\/www.campinglesdunes.fr\\\/de\\\/#organization\",\"name\":\"Camping Bretignolles sur Mer en Vend\u00e9e\",\"url\":\"https:\\\/\\\/www.campinglesdunes.fr\\\/de\\\/\",\"logo\":{\"@type\":\"ImageObject\",\"inLanguage\":\"de\",\"@id\":\"https:\\\/\\\/www.campinglesdunes.fr\\\/de\\\/#\\\/schema\\\/logo\\\/image\\\/\",\"url\":\"https:\\\/\\\/www.campinglesdunes.fr\\\/wp-content\\\/uploads\\\/2022\\\/06\\\/logo-4.png\",\"contentUrl\":\"https:\\\/\\\/www.campinglesdunes.fr\\\/wp-content\\\/uploads\\\/2022\\\/06\\\/logo-4.png\",\"width\":187,\"height\":80,\"caption\":\"Camping Bretignolles sur Mer en Vend\u00e9e\"},\"image\":{\"@id\":\"https:\\\/\\\/www.campinglesdunes.fr\\\/de\\\/#\\\/schema\\\/logo\\\/image\\\/\"}}]}<\/script>\n<!-- \/ Yoast SEO plugin. -->","yoast_head_json":{"title":"Mobilheim Vend\u00e9e kaufen | Kaufen Sie Ihr Mobilheim in der Vend\u00e9e","description":"Entdecken Sie unsere zum Verkauf stehenden Mobilheime in der Vend\u00e9e und kaufen Sie eine Unterkunft auf unserem Campingplatz in Bretignolles-sur-Mer.","robots":{"index":"index","follow":"follow","max-snippet":"max-snippet:-1","max-image-preview":"max-image-preview:large","max-video-preview":"max-video-preview:-1"},"canonical":"https:\/\/www.campinglesdunes.fr\/de\/kauf-mobilheim-vendee\/","og_locale":"de_DE","og_type":"article","og_title":"Mobilheim Vend\u00e9e kaufen | Kaufen Sie Ihr Mobilheim in der Vend\u00e9e","og_description":"Entdecken Sie unsere zum Verkauf stehenden Mobilheime in der Vend\u00e9e und kaufen Sie eine Unterkunft auf unserem Campingplatz in Bretignolles-sur-Mer.","og_url":"https:\/\/www.campinglesdunes.fr\/de\/kauf-mobilheim-vendee\/","og_site_name":"Camping des Dunes","article_modified_time":"2024-06-04T14:49:08+00:00","og_image":[{"width":2000,"height":1500,"url":"https:\/\/www.campinglesdunes.fr\/wp-content\/uploads\/2021\/09\/TAOS-P.22.jpg","type":"image\/jpeg"}],"twitter_card":"summary_large_image","twitter_misc":{"Gesch\u00e4tzte Lesezeit":"1\u00a0Minute"},"schema":{"@context":"https:\/\/schema.org","@graph":[{"@type":"WebPage","@id":"https:\/\/www.campinglesdunes.fr\/de\/kauf-mobilheim-vendee\/","url":"https:\/\/www.campinglesdunes.fr\/de\/kauf-mobilheim-vendee\/","name":"Mobilheim Vend\u00e9e kaufen | Kaufen Sie Ihr Mobilheim in der Vend\u00e9e","isPartOf":{"@id":"https:\/\/www.campinglesdunes.fr\/de\/#website"},"primaryImageOfPage":{"@id":"https:\/\/www.campinglesdunes.fr\/de\/kauf-mobilheim-vendee\/#primaryimage"},"image":{"@id":"https:\/\/www.campinglesdunes.fr\/de\/kauf-mobilheim-vendee\/#primaryimage"},"thumbnailUrl":"https:\/\/www.campinglesdunes.fr\/wp-content\/uploads\/2021\/09\/TAOS-P.22.jpg","datePublished":"2021-11-29T15:38:30+00:00","dateModified":"2024-06-04T14:49:08+00:00","description":"Entdecken Sie unsere zum Verkauf stehenden Mobilheime in der Vend\u00e9e und kaufen Sie eine Unterkunft auf unserem Campingplatz in Bretignolles-sur-Mer.","breadcrumb":{"@id":"https:\/\/www.campinglesdunes.fr\/de\/kauf-mobilheim-vendee\/#breadcrumb"},"inLanguage":"de","potentialAction":[{"@type":"ReadAction","target":["https:\/\/www.campinglesdunes.fr\/de\/kauf-mobilheim-vendee\/"]}]},{"@type":"ImageObject","inLanguage":"de","@id":"https:\/\/www.campinglesdunes.fr\/de\/kauf-mobilheim-vendee\/#primaryimage","url":"https:\/\/www.campinglesdunes.fr\/wp-content\/uploads\/2021\/09\/TAOS-P.22.jpg","contentUrl":"https:\/\/www.campinglesdunes.fr\/wp-content\/uploads\/2021\/09\/TAOS-P.22.jpg","width":2000,"height":1500},{"@type":"BreadcrumbList","@id":"https:\/\/www.campinglesdunes.fr\/de\/kauf-mobilheim-vendee\/#breadcrumb","itemListElement":[{"@type":"ListItem","position":1,"name":"Camping Vend\u00e9e","item":"https:\/\/www.campinglesdunes.fr\/de\/"},{"@type":"ListItem","position":2,"name":"Kaufen Sie ein Mobilheim Vend\u00e9e"}]},{"@type":"WebSite","@id":"https:\/\/www.campinglesdunes.fr\/de\/#website","url":"https:\/\/www.campinglesdunes.fr\/de\/","name":"Camping des Dunes","description":"Votre camping 5 \u00e9toiles en Vend\u00e9e","publisher":{"@id":"https:\/\/www.campinglesdunes.fr\/de\/#organization"},"potentialAction":[{"@type":"SearchAction","target":{"@type":"EntryPoint","urlTemplate":"https:\/\/www.campinglesdunes.fr\/de\/?s={search_term_string}"},"query-input":{"@type":"PropertyValueSpecification","valueRequired":true,"valueName":"search_term_string"}}],"inLanguage":"de"},{"@type":"Organization","@id":"https:\/\/www.campinglesdunes.fr\/de\/#organization","name":"Camping Bretignolles sur Mer en Vend\u00e9e","url":"https:\/\/www.campinglesdunes.fr\/de\/","logo":{"@type":"ImageObject","inLanguage":"de","@id":"https:\/\/www.campinglesdunes.fr\/de\/#\/schema\/logo\/image\/","url":"https:\/\/www.campinglesdunes.fr\/wp-content\/uploads\/2022\/06\/logo-4.png","contentUrl":"https:\/\/www.campinglesdunes.fr\/wp-content\/uploads\/2022\/06\/logo-4.png","width":187,"height":80,"caption":"Camping Bretignolles sur Mer en Vend\u00e9e"},"image":{"@id":"https:\/\/www.campinglesdunes.fr\/de\/#\/schema\/logo\/image\/"}}]}},"_links":{"self":[{"href":"https:\/\/www.campinglesdunes.fr\/de\/wp-json\/wp\/v2\/pages\/18729","targetHints":{"allow":["GET"]}}],"collection":[{"href":"https:\/\/www.campinglesdunes.fr\/de\/wp-json\/wp\/v2\/pages"}],"about":[{"href":"https:\/\/www.campinglesdunes.fr\/de\/wp-json\/wp\/v2\/types\/page"}],"author":[{"embeddable":true,"href":"https:\/\/www.campinglesdunes.fr\/de\/wp-json\/wp\/v2\/users\/1"}],"replies":[{"embeddable":true,"href":"https:\/\/www.campinglesdunes.fr\/de\/wp-json\/wp\/v2\/comments?post=18729"}],"version-history":[{"count":0,"href":"https:\/\/www.campinglesdunes.fr\/de\/wp-json\/wp\/v2\/pages\/18729\/revisions"}],"wp:featuredmedia":[{"embeddable":true,"href":"https:\/\/www.campinglesdunes.fr\/de\/wp-json\/wp\/v2\/media\/9316"}],"wp:attachment":[{"href":"https:\/\/www.campinglesdunes.fr\/de\/wp-json\/wp\/v2\/media?parent=18729"}],"curies":[{"name":"wp","href":"https:\/\/api.w.org\/{rel}","templated":true}]}}