{"id":18741,"date":"2021-11-29T16:21:09","date_gmt":"2021-11-29T15:21:09","guid":{"rendered":"https:\/\/www.campinglesdunes.fr\/achat-mobil-home-pays-de-la-loire\/"},"modified":"2024-06-04T16:56:23","modified_gmt":"2024-06-04T14:56:23","slug":"kauf-mobilheim-pays-de-la-loire","status":"publish","type":"page","link":"https:\/\/www.campinglesdunes.fr\/de\/kauf-mobilheim-pays-de-la-loire\/","title":{"rendered":"Kauf eines Mobilheims im Pays de la Loire"},"content":{"rendered":"<div class=\"bloc-texte full\"><div class=\"texte left\"><p>Ist das Pays de la Loire eine Region, die Sie fasziniert, ein Gebiet, von dem Sie nie genug bekommen? Sie sagen sich wahrscheinlich, dass es in diesem Teil Frankreichs noch viel zu entdecken gibt. Haben Sie dar\u00fcber nachgedacht, in Ihrem eigenen Ferienhaus zu \u00fcbernachten, um Ihren n\u00e4chsten Urlaub einfacher zu gestalten? Der Kauf eines Mobilheims im Pays de la Loire w\u00fcrde es Ihnen in der Tat erm\u00f6glichen, den Zeitraum, in dem Sie Ihren Urlaub verbringen m\u00f6chten, freier zu w\u00e4hlen.<\/p>\n<\/div><\/div>\n\n<div class=\"text-image-new style1 image-left\"><div class=\"text-image-new-colonne\"><H2 class=\"text-image-new-titre\">Verkauf von Mobilheimen im Pays de la Loire: die Marken<\/H2><div class=\"text-image-new-content\"><p>Die zum Verkauf stehenden Mobilheime im Pays de la Loire geh\u00f6ren zu den besten Ferienresidenzen. Auf dem Campingplatz Les Dunes in Bretignolles-sur-Mer (Vend\u00e9e) werden die verf\u00fcgbaren Modelle von IRM hergestellt. Die betreffenden Mobilheime bieten einen gro\u00dfen Wohnraum. Sie verf\u00fcgen \u00fcber ger\u00e4umige Schlafzimmer und einen komfortablen Wohnbereich sowie eine perfekt ausgestattete K\u00fcche und ein modernes Badezimmer. Hinzu kommt eine Holzterrasse, die angenehme Momente der Entspannung mit der Familie verspricht.<\/p>\n<p>Der Verkauf von Mobilheimen im Pays de la Loire ist ein boomender Markt. Tats\u00e4chlich sind mehrere Familien davon \u00fcberzeugt, dass es f\u00fcr ihren Aufenthalt auf einem Campingplatz wichtig ist, einen eigenen Wohnsitz zu haben.<\/p>\n<\/div><\/div><div class=\"text-image-new-colonne\"><img decoding=\"async\" src=\"https:\/\/www.campinglesdunes.fr\/wp-content\/uploads\/2021\/09\/clairdelune-Ext-800x534-1.jpg\" alt=\"Verkauf von Mobilheimen im Pays de la Loire\" class=\"text-image-new-thumb\" \/><\/div><\/div>\n\n<div class=\"text-image-new style1 image-right background-marron\"><div class=\"text-image-new-colonne\"><H2 class=\"text-image-new-titre\">Warum ein Mobilheim im Pays de la Loire kaufen?<\/H2><div class=\"text-image-new-content\"><p>Investieren Sie in ein Mobilheim im Pays de la Loire. Wenn Sie Eigent\u00fcmer eines Mobilheims im Pays de la Loire werden, genie\u00dfen Sie daher eine gewisse Freiheit bei der Organisation Ihrer Wochenenden und Ferien in dieser wundersch\u00f6nen Region. Da der Campingplatz von April bis November zug\u00e4nglich ist, kann sich die Familie nach Lust und Laune sogar einen Ausflug in die Natur g\u00f6nnen.<\/p>\n<p>Der andere Vorteil ist finanzieller Natur. Die Eigent\u00fcmer des Mobilheims k\u00f6nnen ihr Grundst\u00fcck vermieten, wenn sie es nicht nutzen, vorbehaltlich der Bestimmungen der internen Vorschriften des Campingplatzes, beispielsweise hinsichtlich der Anzahl der zum Aufenthalt dort zugelassenen Personen.<\/p>\n<p>Die Investition in ein Mobilheim im Pays de la Loire ist auch aus steuerlicher Sicht eine vorteilhafte Transaktion. Wenn Sie sich f\u00fcr den Status eines nicht professionellen m\u00f6blierten Vermieters oder LMNP entscheiden, haben Sie Anspruch auf eine Steuererm\u00e4\u00dfigung von 50 % Mikro-BIC oder ein Abzug von Geb\u00fchren und Abschreibungen mit dem realen und vereinfachten Regime.<\/p>\n<\/div><\/div><div class=\"text-image-new-colonne\"><img decoding=\"async\" src=\"https:\/\/www.campinglesdunes.fr\/wp-content\/uploads\/2024\/04\/achat-mobil-home-1.jpg\" alt=\"Warum ein Mobilheim im Pays de la Loire kaufen?\" class=\"text-image-new-thumb\" \/><\/div><\/div>\n\n<div class=\"liste-de-page-home\"><div class=\"liste-de-page-home-titre\">Siehe auch<\/div><ul class=\"liste-de-page-articles\"><li><a href=\"https:\/\/www.campinglesdunes.fr\/de\/nachricht\/die-schoensten-maerkte-der-vendee\/\"><div class=\"cta-img\"><img decoding=\"async\" src=\"https:\/\/www.campinglesdunes.fr\/wp-content\/uploads\/2021\/12\/BLOG-1-1-scaled.jpg\" alt=\"\"><\/div><div class=\"cta-titre\">Die sch\u00f6nsten M\u00e4rkte der Vend\u00e9e<\/div><\/a><\/li><li><a href=\"https:\/\/www.campinglesdunes.fr\/de\/nachricht\/entdecken-sie-den-puy-du-fou-park\/\"><div class=\"cta-img\"><img decoding=\"async\" src=\"https:\/\/www.campinglesdunes.fr\/wp-content\/uploads\/2021\/12\/feux-follets-puy-du-fou.png\" alt=\"\"><\/div><div class=\"cta-titre\">Entdecken Sie den Park Puy du Fou<\/div><\/a><\/li><\/ul><\/div>","protected":false},"excerpt":{"rendered":"","protected":false},"author":1,"featured_media":10342,"parent":0,"menu_order":0,"comment_status":"closed","ping_status":"closed","template":"","meta":{"_acf_changed":false,"footnotes":""},"class_list":["post-18741","page","type-page","status-publish","has-post-thumbnail","hentry"],"acf":[],"yoast_head":"<!-- This site is optimized with the Yoast SEO plugin v27.3 - https:\/\/yoast.com\/product\/yoast-seo-wordpress\/ -->\n<title>Mobilheim Pays de la Loire kaufen | Kaufen Sie ein Mobilheim im Pays de la Loire<\/title>\n<meta name=\"description\" content=\"Haben Sie dar\u00fcber nachgedacht, in Ihrem eigenen Ferienhaus zu \u00fcbernachten, um Ihren n\u00e4chsten Urlaub einfacher zu gestalten? Der Kauf eines Mobilheims im Pays de la Loire w\u00fcrde es Ihnen in der Tat erm\u00f6glichen, den Zeitraum, in dem Sie Ihren Urlaub verbringen m\u00f6chten, freier zu w\u00e4hlen.\" \/>\n<meta name=\"robots\" content=\"index, follow, max-snippet:-1, max-image-preview:large, max-video-preview:-1\" \/>\n<link rel=\"canonical\" href=\"https:\/\/www.campinglesdunes.fr\/de\/kauf-mobilheim-pays-de-la-loire\/\" \/>\n<meta property=\"og:locale\" content=\"de_DE\" \/>\n<meta property=\"og:type\" content=\"article\" \/>\n<meta property=\"og:title\" content=\"Mobilheim Pays de la Loire kaufen | Kaufen Sie ein Mobilheim im Pays de la Loire\" \/>\n<meta property=\"og:description\" content=\"Haben Sie dar\u00fcber nachgedacht, in Ihrem eigenen Ferienhaus zu \u00fcbernachten, um Ihren n\u00e4chsten Urlaub einfacher zu gestalten? Der Kauf eines Mobilheims im Pays de la Loire w\u00fcrde es Ihnen in der Tat erm\u00f6glichen, den Zeitraum, in dem Sie Ihren Urlaub verbringen m\u00f6chten, freier zu w\u00e4hlen.\" \/>\n<meta property=\"og:url\" content=\"https:\/\/www.campinglesdunes.fr\/de\/kauf-mobilheim-pays-de-la-loire\/\" \/>\n<meta property=\"og:site_name\" content=\"Camping des Dunes\" \/>\n<meta property=\"article:modified_time\" content=\"2024-06-04T14:56:23+00:00\" \/>\n<meta property=\"og:image\" content=\"https:\/\/www.campinglesdunes.fr\/wp-content\/uploads\/2021\/08\/mobil_home_albatross.webp\" \/>\n\t<meta property=\"og:image:width\" content=\"500\" \/>\n\t<meta property=\"og:image:height\" content=\"400\" \/>\n\t<meta property=\"og:image:type\" content=\"image\/webp\" \/>\n<meta name=\"twitter:card\" content=\"summary_large_image\" \/>\n<meta name=\"twitter:label1\" content=\"Gesch\u00e4tzte Lesezeit\" \/>\n\t<meta name=\"twitter:data1\" content=\"1\u00a0Minute\" \/>\n<script type=\"application\/ld+json\" class=\"yoast-schema-graph\">{\"@context\":\"https:\\\/\\\/schema.org\",\"@graph\":[{\"@type\":\"WebPage\",\"@id\":\"https:\\\/\\\/www.campinglesdunes.fr\\\/de\\\/kauf-mobilheim-pays-de-la-loire\\\/\",\"url\":\"https:\\\/\\\/www.campinglesdunes.fr\\\/de\\\/kauf-mobilheim-pays-de-la-loire\\\/\",\"name\":\"Mobilheim Pays de la Loire kaufen | Kaufen Sie ein Mobilheim im Pays de la Loire\",\"isPartOf\":{\"@id\":\"https:\\\/\\\/www.campinglesdunes.fr\\\/de\\\/#website\"},\"primaryImageOfPage\":{\"@id\":\"https:\\\/\\\/www.campinglesdunes.fr\\\/de\\\/kauf-mobilheim-pays-de-la-loire\\\/#primaryimage\"},\"image\":{\"@id\":\"https:\\\/\\\/www.campinglesdunes.fr\\\/de\\\/kauf-mobilheim-pays-de-la-loire\\\/#primaryimage\"},\"thumbnailUrl\":\"https:\\\/\\\/www.campinglesdunes.fr\\\/wp-content\\\/uploads\\\/2021\\\/08\\\/mobil_home_albatross.webp\",\"datePublished\":\"2021-11-29T15:21:09+00:00\",\"dateModified\":\"2024-06-04T14:56:23+00:00\",\"description\":\"Haben Sie dar\u00fcber nachgedacht, in Ihrem eigenen Ferienhaus zu \u00fcbernachten, um Ihren n\u00e4chsten Urlaub einfacher zu gestalten? Der Kauf eines Mobilheims im Pays de la Loire w\u00fcrde es Ihnen in der Tat erm\u00f6glichen, den Zeitraum, in dem Sie Ihren Urlaub verbringen m\u00f6chten, freier zu w\u00e4hlen.\",\"breadcrumb\":{\"@id\":\"https:\\\/\\\/www.campinglesdunes.fr\\\/de\\\/kauf-mobilheim-pays-de-la-loire\\\/#breadcrumb\"},\"inLanguage\":\"de\",\"potentialAction\":[{\"@type\":\"ReadAction\",\"target\":[\"https:\\\/\\\/www.campinglesdunes.fr\\\/de\\\/kauf-mobilheim-pays-de-la-loire\\\/\"]}]},{\"@type\":\"ImageObject\",\"inLanguage\":\"de\",\"@id\":\"https:\\\/\\\/www.campinglesdunes.fr\\\/de\\\/kauf-mobilheim-pays-de-la-loire\\\/#primaryimage\",\"url\":\"https:\\\/\\\/www.campinglesdunes.fr\\\/wp-content\\\/uploads\\\/2021\\\/08\\\/mobil_home_albatross.webp\",\"contentUrl\":\"https:\\\/\\\/www.campinglesdunes.fr\\\/wp-content\\\/uploads\\\/2021\\\/08\\\/mobil_home_albatross.webp\",\"width\":500,\"height\":400},{\"@type\":\"BreadcrumbList\",\"@id\":\"https:\\\/\\\/www.campinglesdunes.fr\\\/de\\\/kauf-mobilheim-pays-de-la-loire\\\/#breadcrumb\",\"itemListElement\":[{\"@type\":\"ListItem\",\"position\":1,\"name\":\"Camping Vend\u00e9e\",\"item\":\"https:\\\/\\\/www.campinglesdunes.fr\\\/de\\\/accueil-2\\\/\"},{\"@type\":\"ListItem\",\"position\":2,\"name\":\"Kauf eines Mobilheims im Pays de la Loire\"}]},{\"@type\":\"WebSite\",\"@id\":\"https:\\\/\\\/www.campinglesdunes.fr\\\/de\\\/#website\",\"url\":\"https:\\\/\\\/www.campinglesdunes.fr\\\/de\\\/\",\"name\":\"Camping des Dunes\",\"description\":\"Votre camping 5 \u00e9toiles en Vend\u00e9e\",\"publisher\":{\"@id\":\"https:\\\/\\\/www.campinglesdunes.fr\\\/de\\\/#organization\"},\"potentialAction\":[{\"@type\":\"SearchAction\",\"target\":{\"@type\":\"EntryPoint\",\"urlTemplate\":\"https:\\\/\\\/www.campinglesdunes.fr\\\/de\\\/?s={search_term_string}\"},\"query-input\":{\"@type\":\"PropertyValueSpecification\",\"valueRequired\":true,\"valueName\":\"search_term_string\"}}],\"inLanguage\":\"de\"},{\"@type\":\"Organization\",\"@id\":\"https:\\\/\\\/www.campinglesdunes.fr\\\/de\\\/#organization\",\"name\":\"Camping Bretignolles sur Mer en Vend\u00e9e\",\"url\":\"https:\\\/\\\/www.campinglesdunes.fr\\\/de\\\/\",\"logo\":{\"@type\":\"ImageObject\",\"inLanguage\":\"de\",\"@id\":\"https:\\\/\\\/www.campinglesdunes.fr\\\/de\\\/#\\\/schema\\\/logo\\\/image\\\/\",\"url\":\"https:\\\/\\\/www.campinglesdunes.fr\\\/wp-content\\\/uploads\\\/2022\\\/06\\\/logo-4.png\",\"contentUrl\":\"https:\\\/\\\/www.campinglesdunes.fr\\\/wp-content\\\/uploads\\\/2022\\\/06\\\/logo-4.png\",\"width\":187,\"height\":80,\"caption\":\"Camping Bretignolles sur Mer en Vend\u00e9e\"},\"image\":{\"@id\":\"https:\\\/\\\/www.campinglesdunes.fr\\\/de\\\/#\\\/schema\\\/logo\\\/image\\\/\"}}]}<\/script>\n<!-- \/ Yoast SEO plugin. -->","yoast_head_json":{"title":"Mobilheim Pays de la Loire kaufen | Kaufen Sie ein Mobilheim im Pays de la Loire","description":"Haben Sie dar\u00fcber nachgedacht, in Ihrem eigenen Ferienhaus zu \u00fcbernachten, um Ihren n\u00e4chsten Urlaub einfacher zu gestalten? Der Kauf eines Mobilheims im Pays de la Loire w\u00fcrde es Ihnen in der Tat erm\u00f6glichen, den Zeitraum, in dem Sie Ihren Urlaub verbringen m\u00f6chten, freier zu w\u00e4hlen.","robots":{"index":"index","follow":"follow","max-snippet":"max-snippet:-1","max-image-preview":"max-image-preview:large","max-video-preview":"max-video-preview:-1"},"canonical":"https:\/\/www.campinglesdunes.fr\/de\/kauf-mobilheim-pays-de-la-loire\/","og_locale":"de_DE","og_type":"article","og_title":"Mobilheim Pays de la Loire kaufen | Kaufen Sie ein Mobilheim im Pays de la Loire","og_description":"Haben Sie dar\u00fcber nachgedacht, in Ihrem eigenen Ferienhaus zu \u00fcbernachten, um Ihren n\u00e4chsten Urlaub einfacher zu gestalten? Der Kauf eines Mobilheims im Pays de la Loire w\u00fcrde es Ihnen in der Tat erm\u00f6glichen, den Zeitraum, in dem Sie Ihren Urlaub verbringen m\u00f6chten, freier zu w\u00e4hlen.","og_url":"https:\/\/www.campinglesdunes.fr\/de\/kauf-mobilheim-pays-de-la-loire\/","og_site_name":"Camping des Dunes","article_modified_time":"2024-06-04T14:56:23+00:00","og_image":[{"width":500,"height":400,"url":"https:\/\/www.campinglesdunes.fr\/wp-content\/uploads\/2021\/08\/mobil_home_albatross.webp","type":"image\/webp"}],"twitter_card":"summary_large_image","twitter_misc":{"Gesch\u00e4tzte Lesezeit":"1\u00a0Minute"},"schema":{"@context":"https:\/\/schema.org","@graph":[{"@type":"WebPage","@id":"https:\/\/www.campinglesdunes.fr\/de\/kauf-mobilheim-pays-de-la-loire\/","url":"https:\/\/www.campinglesdunes.fr\/de\/kauf-mobilheim-pays-de-la-loire\/","name":"Mobilheim Pays de la Loire kaufen | Kaufen Sie ein Mobilheim im Pays de la Loire","isPartOf":{"@id":"https:\/\/www.campinglesdunes.fr\/de\/#website"},"primaryImageOfPage":{"@id":"https:\/\/www.campinglesdunes.fr\/de\/kauf-mobilheim-pays-de-la-loire\/#primaryimage"},"image":{"@id":"https:\/\/www.campinglesdunes.fr\/de\/kauf-mobilheim-pays-de-la-loire\/#primaryimage"},"thumbnailUrl":"https:\/\/www.campinglesdunes.fr\/wp-content\/uploads\/2021\/08\/mobil_home_albatross.webp","datePublished":"2021-11-29T15:21:09+00:00","dateModified":"2024-06-04T14:56:23+00:00","description":"Haben Sie dar\u00fcber nachgedacht, in Ihrem eigenen Ferienhaus zu \u00fcbernachten, um Ihren n\u00e4chsten Urlaub einfacher zu gestalten? Der Kauf eines Mobilheims im Pays de la Loire w\u00fcrde es Ihnen in der Tat erm\u00f6glichen, den Zeitraum, in dem Sie Ihren Urlaub verbringen m\u00f6chten, freier zu w\u00e4hlen.","breadcrumb":{"@id":"https:\/\/www.campinglesdunes.fr\/de\/kauf-mobilheim-pays-de-la-loire\/#breadcrumb"},"inLanguage":"de","potentialAction":[{"@type":"ReadAction","target":["https:\/\/www.campinglesdunes.fr\/de\/kauf-mobilheim-pays-de-la-loire\/"]}]},{"@type":"ImageObject","inLanguage":"de","@id":"https:\/\/www.campinglesdunes.fr\/de\/kauf-mobilheim-pays-de-la-loire\/#primaryimage","url":"https:\/\/www.campinglesdunes.fr\/wp-content\/uploads\/2021\/08\/mobil_home_albatross.webp","contentUrl":"https:\/\/www.campinglesdunes.fr\/wp-content\/uploads\/2021\/08\/mobil_home_albatross.webp","width":500,"height":400},{"@type":"BreadcrumbList","@id":"https:\/\/www.campinglesdunes.fr\/de\/kauf-mobilheim-pays-de-la-loire\/#breadcrumb","itemListElement":[{"@type":"ListItem","position":1,"name":"Camping Vend\u00e9e","item":"https:\/\/www.campinglesdunes.fr\/de\/accueil-2\/"},{"@type":"ListItem","position":2,"name":"Kauf eines Mobilheims im Pays de la Loire"}]},{"@type":"WebSite","@id":"https:\/\/www.campinglesdunes.fr\/de\/#website","url":"https:\/\/www.campinglesdunes.fr\/de\/","name":"Camping des Dunes","description":"Votre camping 5 \u00e9toiles en Vend\u00e9e","publisher":{"@id":"https:\/\/www.campinglesdunes.fr\/de\/#organization"},"potentialAction":[{"@type":"SearchAction","target":{"@type":"EntryPoint","urlTemplate":"https:\/\/www.campinglesdunes.fr\/de\/?s={search_term_string}"},"query-input":{"@type":"PropertyValueSpecification","valueRequired":true,"valueName":"search_term_string"}}],"inLanguage":"de"},{"@type":"Organization","@id":"https:\/\/www.campinglesdunes.fr\/de\/#organization","name":"Camping Bretignolles sur Mer en Vend\u00e9e","url":"https:\/\/www.campinglesdunes.fr\/de\/","logo":{"@type":"ImageObject","inLanguage":"de","@id":"https:\/\/www.campinglesdunes.fr\/de\/#\/schema\/logo\/image\/","url":"https:\/\/www.campinglesdunes.fr\/wp-content\/uploads\/2022\/06\/logo-4.png","contentUrl":"https:\/\/www.campinglesdunes.fr\/wp-content\/uploads\/2022\/06\/logo-4.png","width":187,"height":80,"caption":"Camping Bretignolles sur Mer en Vend\u00e9e"},"image":{"@id":"https:\/\/www.campinglesdunes.fr\/de\/#\/schema\/logo\/image\/"}}]}},"_links":{"self":[{"href":"https:\/\/www.campinglesdunes.fr\/de\/wp-json\/wp\/v2\/pages\/18741","targetHints":{"allow":["GET"]}}],"collection":[{"href":"https:\/\/www.campinglesdunes.fr\/de\/wp-json\/wp\/v2\/pages"}],"about":[{"href":"https:\/\/www.campinglesdunes.fr\/de\/wp-json\/wp\/v2\/types\/page"}],"author":[{"embeddable":true,"href":"https:\/\/www.campinglesdunes.fr\/de\/wp-json\/wp\/v2\/users\/1"}],"replies":[{"embeddable":true,"href":"https:\/\/www.campinglesdunes.fr\/de\/wp-json\/wp\/v2\/comments?post=18741"}],"version-history":[{"count":4,"href":"https:\/\/www.campinglesdunes.fr\/de\/wp-json\/wp\/v2\/pages\/18741\/revisions"}],"predecessor-version":[{"id":18752,"href":"https:\/\/www.campinglesdunes.fr\/de\/wp-json\/wp\/v2\/pages\/18741\/revisions\/18752"}],"wp:featuredmedia":[{"embeddable":true,"href":"https:\/\/www.campinglesdunes.fr\/de\/wp-json\/wp\/v2\/media\/10342"}],"wp:attachment":[{"href":"https:\/\/www.campinglesdunes.fr\/de\/wp-json\/wp\/v2\/media?parent=18741"}],"curies":[{"name":"wp","href":"https:\/\/api.w.org\/{rel}","templated":true}]}}