{"id":18435,"date":"2021-08-24T10:33:49","date_gmt":"2021-08-24T08:33:49","guid":{"rendered":"https:\/\/www.campinglesdunes.fr\/services\/"},"modified":"2024-06-04T11:44:55","modified_gmt":"2024-06-04T09:44:55","slug":"services","status":"publish","type":"page","link":"https:\/\/www.campinglesdunes.fr\/en\/services\/","title":{"rendered":"SERVICES"},"content":{"rendered":"<div class=\"bloc-texte full\"><div class=\"texte center\"><p>Many services are available at Les Dunes campsite in Br\u00e9tignolles for the whole family. During the All Saints&#8217; Day holidays: bread left at reception on order at the latest the day before. Restaurants, snack bars and pizzerias located on rue des Dunes are open during the All Saints&#8217; Day holidays.<\/p>\n<\/div><\/div>\n\n<div class=\"text-image-new style1 image-right background-marron\"><div class=\"text-image-new-colonne\"><H2 class=\"text-image-new-titre\">Campsite les dunes: the bar \/ restaurant<\/H2><div class=\"text-image-new-content\"><p>What vacationers appreciate most in Vend\u00e9e are not only the beaches, outdoor activities or amusement parks, they are also captivated by the cuisine and its traditional recipes. At the 5-star campsite with restaurant l&#8217;escale des Dunes in Br\u00e9tignolles, you will not only have the opportunity to have fun, but also to satisfy your taste buds. On site, you will find, in fact, a restaurant which will offer you all kinds of dishes, to eat in or to take away.<\/p>\n<p>For this year, the Escale des Dunes restaurant belonging to an independent campsite manager offers you its new menu, composed of varied menus. So you no longer have to prepare your meals during the holidays if you don&#8217;t feel like it. You can trust the restaurant staff to prepare delicious meals for you and enjoy every moment spent at the campsite having fun with your loved ones. You can treat yourself to pizzas, pancakes or burgers.<\/p>\n<\/div><p class=\"lire-plus\">Read more<\/p><div class=\"text-image-new-content-more hide\"><p>Stop by the restaurant if you want an ice cream to cool off or grilled meats to enjoy with your family on your terrace. The restaurant also offers salads, mussels and fries, menus consisting of dishes and cocktails. At the Les Dunes campsite, while waiting for your meal at the restaurant, take advantage of the games room at your disposal. It should also be remembered that the campsite restaurant is a very lively place during the day and evening, as is the bar which offers cocktails to refresh you.<\/p>\n<p>Annual closure of the Dunes stopover on 09\/29\/2024<\/p>\n<\/div><p class=\"lire-moins hide\">Read less<\/p><\/div><div class=\"text-image-new-colonne\"><img decoding=\"async\" src=\"https:\/\/www.campinglesdunes.fr\/wp-content\/uploads\/2024\/04\/restaurant-camping-les-dunes.jpg\" alt=\"restaurant campsite les dunes\" class=\"text-image-new-thumb\" \/><\/div><\/div>\n\n<div class=\"text-image-new style1 image-left\"><div class=\"text-image-new-colonne\"><div class=\"text-image-new-content\"><p>Located in Br\u00e9tignolles sur mer, Les Dunes campsite is the ideal address for all kinds of walks and hikes. And in this regard, the campsite offers a bike rental service to allow you to discover the most beautiful places in Vend\u00e9e. In all, you will find 17 cycle paths to satisfy your desire to escape around Br\u00e9tignolles sur mer. Start your journey with the one which passes by the campsite and which takes you to Les Sables-d&#8217;Olonne which is an unmissable town for mobile home holidays in Vend\u00e9e.<\/p>\n<\/div><p class=\"lire-plus\">Read more<\/p><div class=\"text-image-new-content-more hide\"><p>Also take advantage of your stay at Les Dunes campsite to create the best memories and spend as much quality time as possible with your family. Indeed, thanks to the bike rental in Br\u00e9tignolles from the campsite, you can organize a hike through the forest. You can discover magnificent places on the coast or recharge your batteries at the edge of a marsh. For this, the establishment provides you with bicycles adapted to your itineraries and your pace: mountain bikes and hybrid bikes, but also children&#8217;s bicycles. No need to book: stocks managed by the Loc and Go company always meet vacationers&#8217; demand.<\/p>\n<p><a href=\"https:\/\/www.campinglesdunes.fr\/wp-content\/uploads\/2022\/09\/2022-LOCANDGO-fiche-tarifs-A4-2022-BAT.pdf\">Bike Rental Prices<\/a><\/p>\n<\/div><p class=\"lire-moins hide\">Read less<\/p><\/div><div class=\"text-image-new-colonne\"><img decoding=\"async\" src=\"https:\/\/www.campinglesdunes.fr\/wp-content\/uploads\/2024\/04\/vendee-a-velo.jpg\" alt=\"bike rental camping les dunes\" class=\"text-image-new-thumb\" \/><\/div><\/div>\n\n<div class=\"text-image-new style1 image-right background-marron\"><div class=\"text-image-new-colonne\"><H2 class=\"text-image-new-titre\">The laundry service at the Les Dunes campsite in Br\u00e9tignolles<\/H2><div class=\"text-image-new-content\"><p>When you go on vacation, the services are as important as the quality of accommodation and leisure activities. At the 5-star campsite in Br\u00e9tignolles Les Dunes, we are aware of your expectations and we always strive to best meet your needs. So, in addition to the many practical services that we put at your disposal, you will also find a laundry area within the campsite. Open from 9 a.m. to 8 p.m., this service is equipped with washing machines, dryers and irons.<\/p>\n<\/div><p class=\"lire-plus\">Read more<\/p><div class=\"text-image-new-content-more hide\"><p>Each machine operates automatically using a coin mechanism system. The price is the same for washing machines and dryers: two 2 euro coins and one 1 euro coin for each washing service. We have planned around ten machines to meet the needs of all holidaymakers staying at the campsite. So don&#8217;t worry, you will only have clean linen in your mobile home during your stay. We are meticulous about camper safety. Thus, the machines that we put at your disposal have been delivered with a certificate of conformity and their proper functioning is checked regularly.<\/p>\n<\/div><p class=\"lire-moins hide\">Read less<\/p><\/div><div class=\"text-image-new-colonne\"><img decoding=\"async\" src=\"https:\/\/www.campinglesdunes.fr\/wp-content\/uploads\/2024\/04\/laverie-camping-les-dunes.jpg\" alt=\"laundry at the campsite les dunes in br\u00e9tignolles in vend\u00e9e\" class=\"text-image-new-thumb\" \/><\/div><\/div>\n\n<div class=\"text-image-new style1 image-left\"><div class=\"text-image-new-colonne\"><H2 class=\"text-image-new-titre\">The grocery service at Les Dunes campsite<\/H2><div class=\"text-image-new-content\"><p>When you stay in a 5-star campsite in Br\u00e9tignolles, you logically expect to be satisfied on all points: services, leisure, accommodation, etc. And at Les Dunes campsite, with this in mind, everything has been planned to satisfy your every whim. You will find a grocery store on site to make your stay even more pleasant. No need to go outside the campsite to do your shopping, you will find everything you need at the campsite grocery store. Located near the swimming pools, the mini market has a wide range of products that can meet all kinds of needs.<\/p>\n<p>The Les Dunes campsite grocery store opens its doors every day from April 6, 2024 until September 15, 2024, in low season from 8 a.m. to 1 p.m. Monday to Thursday and Friday to Sunday as well as school holidays and on public holidays from 8 a.m. to 1 p.m. and from 4:30 p.m. to 7:30 p.m. in the afternoon. To satisfy your requests in high season, the supermarket has different opening hours: from July 6, 2024 to September 1, 2024, it is open from 8 a.m. to 1 p.m. and from 4:30 p.m. to 8 p.m. In its departments, it offers you all kinds of consumables: local products, frozen foods, fruits and vegetables, etc.<\/p>\n<\/div><p class=\"lire-plus\">Read more<\/p><div class=\"text-image-new-content-more hide\"><p>For your breakfasts, the supermarket offers delicious rolls and pastries. Press articles are also sold on site if you need to read a few articles during your moments of relaxation. Do you often forget your swimsuit? Don&#8217;t panic, take a trip to the grocery store to buy one and enjoy some great swimming at the campsite&#8217;s water park.<\/p>\n<\/div><p class=\"lire-moins hide\">Read less<\/p><\/div><div class=\"text-image-new-colonne\"><img decoding=\"async\" src=\"https:\/\/www.campinglesdunes.fr\/wp-content\/uploads\/2024\/04\/epicerie-camping-les-dunes.jpg\" alt=\"grocery store campsite les dunes\" class=\"text-image-new-thumb\" \/><\/div><\/div>","protected":false},"excerpt":{"rendered":"","protected":false},"author":1,"featured_media":14664,"parent":0,"menu_order":0,"comment_status":"closed","ping_status":"closed","template":"","meta":{"_acf_changed":false,"footnotes":""},"class_list":["post-18435","page","type-page","status-publish","has-post-thumbnail","hentry"],"acf":[],"yoast_head":"<!-- This site is optimized with the Yoast SEO plugin v26.9 - https:\/\/yoast.com\/product\/yoast-seo-wordpress\/ -->\n<title>Services at Les Dunes campsite in Br\u00e9tignolles in Vend\u00e9e<\/title>\n<meta name=\"description\" content=\"Discover the services offered by the Les Dunes campsite in Br\u00e9tignolles and book your stay at this campsite in Vend\u00e9e.\" \/>\n<meta name=\"robots\" content=\"index, follow, max-snippet:-1, max-image-preview:large, max-video-preview:-1\" \/>\n<link rel=\"canonical\" href=\"https:\/\/www.campinglesdunes.fr\/en\/services\/\" \/>\n<meta property=\"og:locale\" content=\"en_US\" \/>\n<meta property=\"og:type\" content=\"article\" \/>\n<meta property=\"og:title\" content=\"Services at Les Dunes campsite in Br\u00e9tignolles in Vend\u00e9e\" \/>\n<meta property=\"og:description\" content=\"Discover the services offered by the Les Dunes campsite in Br\u00e9tignolles and book your stay at this campsite in Vend\u00e9e.\" \/>\n<meta property=\"og:url\" content=\"https:\/\/www.campinglesdunes.fr\/en\/services\/\" \/>\n<meta property=\"og:site_name\" content=\"Camping des Dunes\" \/>\n<meta property=\"article:modified_time\" content=\"2024-06-04T09:44:55+00:00\" \/>\n<meta property=\"og:image\" content=\"https:\/\/www.campinglesdunes.fr\/wp-content\/uploads\/2023\/01\/SERVICES-1-scaled.jpg\" \/>\n\t<meta property=\"og:image:width\" content=\"2560\" \/>\n\t<meta property=\"og:image:height\" content=\"1297\" \/>\n\t<meta property=\"og:image:type\" content=\"image\/jpeg\" \/>\n<meta name=\"twitter:card\" content=\"summary_large_image\" \/>\n<meta name=\"twitter:label1\" content=\"Est. reading time\" \/>\n\t<meta name=\"twitter:data1\" content=\"1 minute\" \/>\n<script type=\"application\/ld+json\" class=\"yoast-schema-graph\">{\"@context\":\"https:\/\/schema.org\",\"@graph\":[{\"@type\":\"WebPage\",\"@id\":\"https:\/\/www.campinglesdunes.fr\/en\/services\/\",\"url\":\"https:\/\/www.campinglesdunes.fr\/en\/services\/\",\"name\":\"Services at Les Dunes campsite in Br\u00e9tignolles in Vend\u00e9e\",\"isPartOf\":{\"@id\":\"https:\/\/www.campinglesdunes.fr\/en\/#website\"},\"primaryImageOfPage\":{\"@id\":\"https:\/\/www.campinglesdunes.fr\/en\/services\/#primaryimage\"},\"image\":{\"@id\":\"https:\/\/www.campinglesdunes.fr\/en\/services\/#primaryimage\"},\"thumbnailUrl\":\"https:\/\/www.campinglesdunes.fr\/wp-content\/uploads\/2023\/01\/SERVICES-1-scaled.jpg\",\"datePublished\":\"2021-08-24T08:33:49+00:00\",\"dateModified\":\"2024-06-04T09:44:55+00:00\",\"description\":\"Discover the services offered by the Les Dunes campsite in Br\u00e9tignolles and book your stay at this campsite in Vend\u00e9e.\",\"breadcrumb\":{\"@id\":\"https:\/\/www.campinglesdunes.fr\/en\/services\/#breadcrumb\"},\"inLanguage\":\"en-US\",\"potentialAction\":[{\"@type\":\"ReadAction\",\"target\":[\"https:\/\/www.campinglesdunes.fr\/en\/services\/\"]}]},{\"@type\":\"ImageObject\",\"inLanguage\":\"en-US\",\"@id\":\"https:\/\/www.campinglesdunes.fr\/en\/services\/#primaryimage\",\"url\":\"https:\/\/www.campinglesdunes.fr\/wp-content\/uploads\/2023\/01\/SERVICES-1-scaled.jpg\",\"contentUrl\":\"https:\/\/www.campinglesdunes.fr\/wp-content\/uploads\/2023\/01\/SERVICES-1-scaled.jpg\",\"width\":\"2560\",\"height\":\"1297\"},{\"@type\":\"BreadcrumbList\",\"@id\":\"https:\/\/www.campinglesdunes.fr\/en\/services\/#breadcrumb\",\"itemListElement\":[{\"@type\":\"ListItem\",\"position\":1,\"name\":\"Camping Vend\u00e9e\",\"item\":\"https:\/\/www.campinglesdunes.fr\/en\/accueil-2\/\"},{\"@type\":\"ListItem\",\"position\":2,\"name\":\"SERVICES\"}]},{\"@type\":\"WebSite\",\"@id\":\"https:\/\/www.campinglesdunes.fr\/en\/#website\",\"url\":\"https:\/\/www.campinglesdunes.fr\/en\/\",\"name\":\"Camping des Dunes\",\"description\":\"Votre camping 5 \u00e9toiles en Vend\u00e9e\",\"publisher\":{\"@id\":\"https:\/\/www.campinglesdunes.fr\/en\/#organization\"},\"potentialAction\":[{\"@type\":\"SearchAction\",\"target\":{\"@type\":\"EntryPoint\",\"urlTemplate\":\"https:\/\/www.campinglesdunes.fr\/en\/?s={search_term_string}\"},\"query-input\":{\"@type\":\"PropertyValueSpecification\",\"valueRequired\":true,\"valueName\":\"search_term_string\"}}],\"inLanguage\":\"en-US\"},{\"@type\":\"Organization\",\"@id\":\"https:\/\/www.campinglesdunes.fr\/en\/#organization\",\"name\":\"Camping Bretignolles sur Mer en Vend\u00e9e\",\"url\":\"https:\/\/www.campinglesdunes.fr\/en\/\",\"logo\":{\"@type\":\"ImageObject\",\"inLanguage\":\"en-US\",\"@id\":\"https:\/\/www.campinglesdunes.fr\/en\/#\/schema\/logo\/image\/\",\"url\":\"https:\/\/www.campinglesdunes.fr\/wp-content\/uploads\/2022\/06\/logo-4.png\",\"contentUrl\":\"https:\/\/www.campinglesdunes.fr\/wp-content\/uploads\/2022\/06\/logo-4.png\",\"width\":187,\"height\":80,\"caption\":\"Camping Bretignolles sur Mer en Vend\u00e9e\"},\"image\":{\"@id\":\"https:\/\/www.campinglesdunes.fr\/en\/#\/schema\/logo\/image\/\"}}]}<\/script>\n<!-- \/ Yoast SEO plugin. -->","yoast_head_json":{"title":"Services at Les Dunes campsite in Br\u00e9tignolles in Vend\u00e9e","description":"Discover the services offered by the Les Dunes campsite in Br\u00e9tignolles and book your stay at this campsite in Vend\u00e9e.","robots":{"index":"index","follow":"follow","max-snippet":"max-snippet:-1","max-image-preview":"max-image-preview:large","max-video-preview":"max-video-preview:-1"},"canonical":"https:\/\/www.campinglesdunes.fr\/en\/services\/","og_locale":"en_US","og_type":"article","og_title":"Services at Les Dunes campsite in Br\u00e9tignolles in Vend\u00e9e","og_description":"Discover the services offered by the Les Dunes campsite in Br\u00e9tignolles and book your stay at this campsite in Vend\u00e9e.","og_url":"https:\/\/www.campinglesdunes.fr\/en\/services\/","og_site_name":"Camping des Dunes","article_modified_time":"2024-06-04T09:44:55+00:00","og_image":[{"width":2560,"height":1297,"url":"https:\/\/www.campinglesdunes.fr\/wp-content\/uploads\/2023\/01\/SERVICES-1-scaled.jpg","type":"image\/jpeg"}],"twitter_card":"summary_large_image","twitter_misc":{"Est. reading time":"1 minute"},"schema":{"@context":"https:\/\/schema.org","@graph":[{"@type":"WebPage","@id":"https:\/\/www.campinglesdunes.fr\/en\/services\/","url":"https:\/\/www.campinglesdunes.fr\/en\/services\/","name":"Services at Les Dunes campsite in Br\u00e9tignolles in Vend\u00e9e","isPartOf":{"@id":"https:\/\/www.campinglesdunes.fr\/en\/#website"},"primaryImageOfPage":{"@id":"https:\/\/www.campinglesdunes.fr\/en\/services\/#primaryimage"},"image":{"@id":"https:\/\/www.campinglesdunes.fr\/en\/services\/#primaryimage"},"thumbnailUrl":"https:\/\/www.campinglesdunes.fr\/wp-content\/uploads\/2023\/01\/SERVICES-1-scaled.jpg","datePublished":"2021-08-24T08:33:49+00:00","dateModified":"2024-06-04T09:44:55+00:00","description":"Discover the services offered by the Les Dunes campsite in Br\u00e9tignolles and book your stay at this campsite in Vend\u00e9e.","breadcrumb":{"@id":"https:\/\/www.campinglesdunes.fr\/en\/services\/#breadcrumb"},"inLanguage":"en-US","potentialAction":[{"@type":"ReadAction","target":["https:\/\/www.campinglesdunes.fr\/en\/services\/"]}]},{"@type":"ImageObject","inLanguage":"en-US","@id":"https:\/\/www.campinglesdunes.fr\/en\/services\/#primaryimage","url":"https:\/\/www.campinglesdunes.fr\/wp-content\/uploads\/2023\/01\/SERVICES-1-scaled.jpg","contentUrl":"https:\/\/www.campinglesdunes.fr\/wp-content\/uploads\/2023\/01\/SERVICES-1-scaled.jpg","width":"2560","height":"1297"},{"@type":"BreadcrumbList","@id":"https:\/\/www.campinglesdunes.fr\/en\/services\/#breadcrumb","itemListElement":[{"@type":"ListItem","position":1,"name":"Camping Vend\u00e9e","item":"https:\/\/www.campinglesdunes.fr\/en\/accueil-2\/"},{"@type":"ListItem","position":2,"name":"SERVICES"}]},{"@type":"WebSite","@id":"https:\/\/www.campinglesdunes.fr\/en\/#website","url":"https:\/\/www.campinglesdunes.fr\/en\/","name":"Camping des Dunes","description":"Votre camping 5 \u00e9toiles en Vend\u00e9e","publisher":{"@id":"https:\/\/www.campinglesdunes.fr\/en\/#organization"},"potentialAction":[{"@type":"SearchAction","target":{"@type":"EntryPoint","urlTemplate":"https:\/\/www.campinglesdunes.fr\/en\/?s={search_term_string}"},"query-input":{"@type":"PropertyValueSpecification","valueRequired":true,"valueName":"search_term_string"}}],"inLanguage":"en-US"},{"@type":"Organization","@id":"https:\/\/www.campinglesdunes.fr\/en\/#organization","name":"Camping Bretignolles sur Mer en Vend\u00e9e","url":"https:\/\/www.campinglesdunes.fr\/en\/","logo":{"@type":"ImageObject","inLanguage":"en-US","@id":"https:\/\/www.campinglesdunes.fr\/en\/#\/schema\/logo\/image\/","url":"https:\/\/www.campinglesdunes.fr\/wp-content\/uploads\/2022\/06\/logo-4.png","contentUrl":"https:\/\/www.campinglesdunes.fr\/wp-content\/uploads\/2022\/06\/logo-4.png","width":187,"height":80,"caption":"Camping Bretignolles sur Mer en Vend\u00e9e"},"image":{"@id":"https:\/\/www.campinglesdunes.fr\/en\/#\/schema\/logo\/image\/"}}]}},"_links":{"self":[{"href":"https:\/\/www.campinglesdunes.fr\/en\/wp-json\/wp\/v2\/pages\/18435","targetHints":{"allow":["GET"]}}],"collection":[{"href":"https:\/\/www.campinglesdunes.fr\/en\/wp-json\/wp\/v2\/pages"}],"about":[{"href":"https:\/\/www.campinglesdunes.fr\/en\/wp-json\/wp\/v2\/types\/page"}],"author":[{"embeddable":true,"href":"https:\/\/www.campinglesdunes.fr\/en\/wp-json\/wp\/v2\/users\/1"}],"replies":[{"embeddable":true,"href":"https:\/\/www.campinglesdunes.fr\/en\/wp-json\/wp\/v2\/comments?post=18435"}],"version-history":[{"count":3,"href":"https:\/\/www.campinglesdunes.fr\/en\/wp-json\/wp\/v2\/pages\/18435\/revisions"}],"predecessor-version":[{"id":18441,"href":"https:\/\/www.campinglesdunes.fr\/en\/wp-json\/wp\/v2\/pages\/18435\/revisions\/18441"}],"wp:featuredmedia":[{"embeddable":true,"href":"https:\/\/www.campinglesdunes.fr\/en\/wp-json\/wp\/v2\/media\/14664"}],"wp:attachment":[{"href":"https:\/\/www.campinglesdunes.fr\/en\/wp-json\/wp\/v2\/media?parent=18435"}],"curies":[{"name":"wp","href":"https:\/\/api.w.org\/{rel}","templated":true}]}}