{"id":18508,"date":"2021-08-24T10:33:49","date_gmt":"2021-08-24T08:33:49","guid":{"rendered":"https:\/\/www.campinglesdunes.fr\/emplacements\/"},"modified":"2025-01-22T06:58:31","modified_gmt":"2025-01-22T05:58:31","slug":"pitches","status":"publish","type":"page","link":"https:\/\/www.campinglesdunes.fr\/en\/pitches\/","title":{"rendered":"RESERVE MY PITCH"},"content":{"rendered":"<div class=\"bloc-texte full\"><div class=\"texte center\"><p>Discover our campsites in Vend\u00e9e, more precisely in Bretignolles-sur-Mer, a stone&#8217;s throw from the sea. Take advantage of an ideal geographical location to go to the beach in a few seconds from your tent or caravan campsite.<br \/>\nWe have around fifty free pitches for tents, caravans and\/or motorhomes in the campsite, approximately 90m\u00b2, well laid out and surrounded by hedges.<\/p>\n<p>We also offer pitches with private bathrooms (shower room and WC).<\/p>\n<\/div><\/div>\n\n<div class=\"frame\"><script>\r\n    window.ctoutvert = {\r\n\t\tid: 4082, \r\n\t\tlang: 'en', \r\n\t\turl: 'https:\/\/reservation.secureholiday.net\/widgets\/'\r\n    };\r\n    (function (w, d, s, ctv, r, js, fjs) {\r\n        r=new XMLHttpRequest();r.open('GET',w[ctv].url+'js\/src.json');\r\n        r.responseType='json';r.json=true;r.send();\r\n        r.onload=function(){w[ctv].src=r.responseType=='json'?r.response:JSON.parse(r.response);\r\n        js.src=w[ctv].src[0];fjs.parentNode.insertBefore(js, fjs);}\r\n        js=d.createElement(s),fjs=d.getElementsByTagName(s)[0];\r\n        js.id='ctvwidget';js.async=1;\r\n    }(window, document, 'script', 'ctoutvert'));\r\n<\/script>\r\n<div class=\"ctoutvert\"><ctv-availability data-product-type=\"pitch\" data-background-color=\"#FFFFFFFF\" ><\/ctv-availability><\/div><\/div>\n\n<div class=\"text-image-new style1 image-right background-marron\"><div class=\"text-image-new-colonne\"><H2 class=\"text-image-new-titre\">Camping pitch in Vend\u00e9e for tents, caravans and motorhomes<\/H2><div class=\"text-image-new-content\"><p>The pitches at our <a href=\"\/en\/\">campsite in Vend\u00e9e<\/a> are all accessible for disabled people and our toilets are also accessible. They are all equipped with water and electricity.<\/p>\n<p>The pitch package includes 2 people, pitch rental, water, electricity and a car. Discover our heated sanitary areas including our family cabins suitable for families with young children.<\/p>\n<p>Due to the location of the campsite (150m from the beach) our pitches are rather sandy.<\/p>\n<\/div><\/div><div class=\"text-image-new-colonne\"><img decoding=\"async\" src=\"https:\/\/www.campinglesdunes.fr\/wp-content\/uploads\/2024\/04\/emplacement-camping-vendee.jpg\" alt=\"Vend\u00e9e campsite\" class=\"text-image-new-thumb\" \/><\/div><\/div>\n\n<div class=\"text-image-new style1 image-left\"><div class=\"text-image-new-colonne\"><H2 class=\"text-image-new-titre\">Accommodation conditions for rental on our Vend\u00e9e campsites<\/H2><div class=\"text-image-new-content\"><p>We accept only one piece of equipment per pitch with a maximum of 7 people on the plot, at least one vehicle must be parked on the plot.<\/p>\n<p>For any reservation request, complete the reservation form, detailing the dimensions of your equipment.<\/p>\n<p>Upon receipt of your form with your deposit we will contact you to finalize your reservation request, it will be final when you have received a reservation confirmation by return mail.<\/p>\n<p>To find out our availability, please contact us at 02.51.90.55.32.<\/p>\n<\/div><\/div><div class=\"text-image-new-colonne\"><img decoding=\"async\" src=\"https:\/\/www.campinglesdunes.fr\/wp-content\/uploads\/2024\/04\/camping-vendee-emplacements.jpg\" alt=\"campsite vend\u00e9e pitches\" class=\"text-image-new-thumb\" \/><\/div><\/div>","protected":false},"excerpt":{"rendered":"","protected":false},"author":1,"featured_media":20827,"parent":0,"menu_order":0,"comment_status":"closed","ping_status":"closed","template":"","meta":{"_acf_changed":false,"footnotes":""},"class_list":["post-18508","page","type-page","status-publish","has-post-thumbnail","hentry"],"acf":[],"yoast_head":"<!-- This site is optimized with the Yoast SEO plugin v27.3 - https:\/\/yoast.com\/product\/yoast-seo-wordpress\/ -->\n<title>Vend\u00e9e campsite: pitches for tents and caravans<\/title>\n<meta name=\"description\" content=\"Discover our pitch offers at Les Dunes campsite in Br\u00e9tignolles in Vend\u00e9e. Enjoy a stay in a tent or camper van in Br\u00e9tignolles.\" \/>\n<meta name=\"robots\" content=\"index, follow, max-snippet:-1, max-image-preview:large, max-video-preview:-1\" \/>\n<link rel=\"canonical\" href=\"https:\/\/www.campinglesdunes.fr\/en\/pitches\/\" \/>\n<meta property=\"og:locale\" content=\"en_US\" \/>\n<meta property=\"og:type\" content=\"article\" \/>\n<meta property=\"og:title\" content=\"Vend\u00e9e campsite: pitches for tents and caravans\" \/>\n<meta property=\"og:description\" content=\"Discover our pitch offers at Les Dunes campsite in Br\u00e9tignolles in Vend\u00e9e. Enjoy a stay in a tent or camper van in Br\u00e9tignolles.\" \/>\n<meta property=\"og:url\" content=\"https:\/\/www.campinglesdunes.fr\/en\/pitches\/\" \/>\n<meta property=\"og:site_name\" content=\"Camping des Dunes\" \/>\n<meta property=\"article:modified_time\" content=\"2025-01-22T05:58:31+00:00\" \/>\n<meta property=\"og:image\" content=\"https:\/\/www.campinglesdunes.fr\/wp-content\/uploads\/2021\/12\/CAMPINGLESDUNES2016_adaudiffret-134-File3462.jpg\" \/>\n\t<meta property=\"og:image:width\" content=\"1500\" \/>\n\t<meta property=\"og:image:height\" content=\"1000\" \/>\n\t<meta property=\"og:image:type\" content=\"image\/jpeg\" \/>\n<meta name=\"twitter:card\" content=\"summary_large_image\" \/>\n<script type=\"application\/ld+json\" class=\"yoast-schema-graph\">{\"@context\":\"https:\\\/\\\/schema.org\",\"@graph\":[{\"@type\":\"WebPage\",\"@id\":\"https:\\\/\\\/www.campinglesdunes.fr\\\/en\\\/pitches\\\/\",\"url\":\"https:\\\/\\\/www.campinglesdunes.fr\\\/en\\\/pitches\\\/\",\"name\":\"Vend\u00e9e campsite: pitches for tents and caravans\",\"isPartOf\":{\"@id\":\"https:\\\/\\\/www.campinglesdunes.fr\\\/en\\\/#website\"},\"primaryImageOfPage\":{\"@id\":\"https:\\\/\\\/www.campinglesdunes.fr\\\/en\\\/pitches\\\/#primaryimage\"},\"image\":{\"@id\":\"https:\\\/\\\/www.campinglesdunes.fr\\\/en\\\/pitches\\\/#primaryimage\"},\"thumbnailUrl\":\"https:\\\/\\\/www.campinglesdunes.fr\\\/wp-content\\\/uploads\\\/2026\\\/01\\\/Photo-2.jpg\",\"datePublished\":\"2021-08-24T08:33:49+00:00\",\"dateModified\":\"2025-01-22T05:58:31+00:00\",\"description\":\"Discover our pitch offers at Les Dunes campsite in Br\u00e9tignolles in Vend\u00e9e. Enjoy a stay in a tent or camper van in Br\u00e9tignolles.\",\"breadcrumb\":{\"@id\":\"https:\\\/\\\/www.campinglesdunes.fr\\\/en\\\/pitches\\\/#breadcrumb\"},\"inLanguage\":\"en-US\",\"potentialAction\":[{\"@type\":\"ReadAction\",\"target\":[\"https:\\\/\\\/www.campinglesdunes.fr\\\/en\\\/pitches\\\/\"]}]},{\"@type\":\"ImageObject\",\"inLanguage\":\"en-US\",\"@id\":\"https:\\\/\\\/www.campinglesdunes.fr\\\/en\\\/pitches\\\/#primaryimage\",\"url\":\"https:\\\/\\\/www.campinglesdunes.fr\\\/wp-content\\\/uploads\\\/2026\\\/01\\\/Photo-2.jpg\",\"contentUrl\":\"https:\\\/\\\/www.campinglesdunes.fr\\\/wp-content\\\/uploads\\\/2026\\\/01\\\/Photo-2.jpg\",\"width\":2048,\"height\":1344},{\"@type\":\"BreadcrumbList\",\"@id\":\"https:\\\/\\\/www.campinglesdunes.fr\\\/en\\\/pitches\\\/#breadcrumb\",\"itemListElement\":[{\"@type\":\"ListItem\",\"position\":1,\"name\":\"Camping Vend\u00e9e\",\"item\":\"https:\\\/\\\/www.campinglesdunes.fr\\\/en\\\/accueil-2\\\/\"},{\"@type\":\"ListItem\",\"position\":2,\"name\":\"Tent campsite\"}]},{\"@type\":\"WebSite\",\"@id\":\"https:\\\/\\\/www.campinglesdunes.fr\\\/en\\\/#website\",\"url\":\"https:\\\/\\\/www.campinglesdunes.fr\\\/en\\\/\",\"name\":\"Camping des Dunes\",\"description\":\"Votre camping 5 \u00e9toiles en Vend\u00e9e\",\"publisher\":{\"@id\":\"https:\\\/\\\/www.campinglesdunes.fr\\\/en\\\/#organization\"},\"potentialAction\":[{\"@type\":\"SearchAction\",\"target\":{\"@type\":\"EntryPoint\",\"urlTemplate\":\"https:\\\/\\\/www.campinglesdunes.fr\\\/en\\\/?s={search_term_string}\"},\"query-input\":{\"@type\":\"PropertyValueSpecification\",\"valueRequired\":true,\"valueName\":\"search_term_string\"}}],\"inLanguage\":\"en-US\"},{\"@type\":\"Organization\",\"@id\":\"https:\\\/\\\/www.campinglesdunes.fr\\\/en\\\/#organization\",\"name\":\"Camping Bretignolles sur Mer en Vend\u00e9e\",\"url\":\"https:\\\/\\\/www.campinglesdunes.fr\\\/en\\\/\",\"logo\":{\"@type\":\"ImageObject\",\"inLanguage\":\"en-US\",\"@id\":\"https:\\\/\\\/www.campinglesdunes.fr\\\/en\\\/#\\\/schema\\\/logo\\\/image\\\/\",\"url\":\"https:\\\/\\\/www.campinglesdunes.fr\\\/wp-content\\\/uploads\\\/2022\\\/06\\\/logo-4.png\",\"contentUrl\":\"https:\\\/\\\/www.campinglesdunes.fr\\\/wp-content\\\/uploads\\\/2022\\\/06\\\/logo-4.png\",\"width\":187,\"height\":80,\"caption\":\"Camping Bretignolles sur Mer en Vend\u00e9e\"},\"image\":{\"@id\":\"https:\\\/\\\/www.campinglesdunes.fr\\\/en\\\/#\\\/schema\\\/logo\\\/image\\\/\"}}]}<\/script>\n<!-- \/ Yoast SEO plugin. -->","yoast_head_json":{"title":"Vend\u00e9e campsite: pitches for tents and caravans","description":"Discover our pitch offers at Les Dunes campsite in Br\u00e9tignolles in Vend\u00e9e. Enjoy a stay in a tent or camper van in Br\u00e9tignolles.","robots":{"index":"index","follow":"follow","max-snippet":"max-snippet:-1","max-image-preview":"max-image-preview:large","max-video-preview":"max-video-preview:-1"},"canonical":"https:\/\/www.campinglesdunes.fr\/en\/pitches\/","og_locale":"en_US","og_type":"article","og_title":"Vend\u00e9e campsite: pitches for tents and caravans","og_description":"Discover our pitch offers at Les Dunes campsite in Br\u00e9tignolles in Vend\u00e9e. Enjoy a stay in a tent or camper van in Br\u00e9tignolles.","og_url":"https:\/\/www.campinglesdunes.fr\/en\/pitches\/","og_site_name":"Camping des Dunes","article_modified_time":"2025-01-22T05:58:31+00:00","og_image":[{"width":1500,"height":1000,"url":"https:\/\/www.campinglesdunes.fr\/wp-content\/uploads\/2021\/12\/CAMPINGLESDUNES2016_adaudiffret-134-File3462.jpg","type":"image\/jpeg"}],"twitter_card":"summary_large_image","schema":{"@context":"https:\/\/schema.org","@graph":[{"@type":"WebPage","@id":"https:\/\/www.campinglesdunes.fr\/en\/pitches\/","url":"https:\/\/www.campinglesdunes.fr\/en\/pitches\/","name":"Vend\u00e9e campsite: pitches for tents and caravans","isPartOf":{"@id":"https:\/\/www.campinglesdunes.fr\/en\/#website"},"primaryImageOfPage":{"@id":"https:\/\/www.campinglesdunes.fr\/en\/pitches\/#primaryimage"},"image":{"@id":"https:\/\/www.campinglesdunes.fr\/en\/pitches\/#primaryimage"},"thumbnailUrl":"https:\/\/www.campinglesdunes.fr\/wp-content\/uploads\/2026\/01\/Photo-2.jpg","datePublished":"2021-08-24T08:33:49+00:00","dateModified":"2025-01-22T05:58:31+00:00","description":"Discover our pitch offers at Les Dunes campsite in Br\u00e9tignolles in Vend\u00e9e. Enjoy a stay in a tent or camper van in Br\u00e9tignolles.","breadcrumb":{"@id":"https:\/\/www.campinglesdunes.fr\/en\/pitches\/#breadcrumb"},"inLanguage":"en-US","potentialAction":[{"@type":"ReadAction","target":["https:\/\/www.campinglesdunes.fr\/en\/pitches\/"]}]},{"@type":"ImageObject","inLanguage":"en-US","@id":"https:\/\/www.campinglesdunes.fr\/en\/pitches\/#primaryimage","url":"https:\/\/www.campinglesdunes.fr\/wp-content\/uploads\/2026\/01\/Photo-2.jpg","contentUrl":"https:\/\/www.campinglesdunes.fr\/wp-content\/uploads\/2026\/01\/Photo-2.jpg","width":2048,"height":1344},{"@type":"BreadcrumbList","@id":"https:\/\/www.campinglesdunes.fr\/en\/pitches\/#breadcrumb","itemListElement":[{"@type":"ListItem","position":1,"name":"Camping Vend\u00e9e","item":"https:\/\/www.campinglesdunes.fr\/en\/accueil-2\/"},{"@type":"ListItem","position":2,"name":"Tent campsite"}]},{"@type":"WebSite","@id":"https:\/\/www.campinglesdunes.fr\/en\/#website","url":"https:\/\/www.campinglesdunes.fr\/en\/","name":"Camping des Dunes","description":"Votre camping 5 \u00e9toiles en Vend\u00e9e","publisher":{"@id":"https:\/\/www.campinglesdunes.fr\/en\/#organization"},"potentialAction":[{"@type":"SearchAction","target":{"@type":"EntryPoint","urlTemplate":"https:\/\/www.campinglesdunes.fr\/en\/?s={search_term_string}"},"query-input":{"@type":"PropertyValueSpecification","valueRequired":true,"valueName":"search_term_string"}}],"inLanguage":"en-US"},{"@type":"Organization","@id":"https:\/\/www.campinglesdunes.fr\/en\/#organization","name":"Camping Bretignolles sur Mer en Vend\u00e9e","url":"https:\/\/www.campinglesdunes.fr\/en\/","logo":{"@type":"ImageObject","inLanguage":"en-US","@id":"https:\/\/www.campinglesdunes.fr\/en\/#\/schema\/logo\/image\/","url":"https:\/\/www.campinglesdunes.fr\/wp-content\/uploads\/2022\/06\/logo-4.png","contentUrl":"https:\/\/www.campinglesdunes.fr\/wp-content\/uploads\/2022\/06\/logo-4.png","width":187,"height":80,"caption":"Camping Bretignolles sur Mer en Vend\u00e9e"},"image":{"@id":"https:\/\/www.campinglesdunes.fr\/en\/#\/schema\/logo\/image\/"}}]}},"_links":{"self":[{"href":"https:\/\/www.campinglesdunes.fr\/en\/wp-json\/wp\/v2\/pages\/18508","targetHints":{"allow":["GET"]}}],"collection":[{"href":"https:\/\/www.campinglesdunes.fr\/en\/wp-json\/wp\/v2\/pages"}],"about":[{"href":"https:\/\/www.campinglesdunes.fr\/en\/wp-json\/wp\/v2\/types\/page"}],"author":[{"embeddable":true,"href":"https:\/\/www.campinglesdunes.fr\/en\/wp-json\/wp\/v2\/users\/1"}],"replies":[{"embeddable":true,"href":"https:\/\/www.campinglesdunes.fr\/en\/wp-json\/wp\/v2\/comments?post=18508"}],"version-history":[{"count":4,"href":"https:\/\/www.campinglesdunes.fr\/en\/wp-json\/wp\/v2\/pages\/18508\/revisions"}],"predecessor-version":[{"id":20038,"href":"https:\/\/www.campinglesdunes.fr\/en\/wp-json\/wp\/v2\/pages\/18508\/revisions\/20038"}],"wp:featuredmedia":[{"embeddable":true,"href":"https:\/\/www.campinglesdunes.fr\/en\/wp-json\/wp\/v2\/media\/20827"}],"wp:attachment":[{"href":"https:\/\/www.campinglesdunes.fr\/en\/wp-json\/wp\/v2\/media?parent=18508"}],"curies":[{"name":"wp","href":"https:\/\/api.w.org\/{rel}","templated":true}]}}