{"id":18603,"date":"2021-11-29T12:06:16","date_gmt":"2021-11-29T11:06:16","guid":{"rendered":"https:\/\/www.campinglesdunes.fr\/camping-pas-cher-vendee\/"},"modified":"2024-06-04T14:36:17","modified_gmt":"2024-06-04T12:36:17","slug":"cheap-campsite-vendee","status":"publish","type":"page","link":"https:\/\/www.campinglesdunes.fr\/en\/cheap-campsite-vendee\/","title":{"rendered":"Discover our prices and offers"},"content":{"rendered":"<div class=\"bloc-texte full\"><div class=\"texte center\"><p><a href=\"\/en\/\">Les Dunes campsite<\/a> has it all. This campsite by the Vend\u00e9e seaside offers you a pleasant holiday with your feet in the water, a two-minute walk from a beautiful sandy beach. Perfect for a relaxing stay, this resort in the heart of the sand dune provides you with numerous leisure and relaxation facilities and offers various activities for the whole family. It is also appreciated for the quality of its services and the comfort of its accommodation.<\/p>\n<\/div><\/div>\n\n<div class=\"text-image-new style1 image-left\"><div class=\"text-image-new-colonne\"><H2 class=\"text-image-new-titre\">Take advantage of our great offers and promotions at the campsite!<\/H2><div class=\"text-image-new-content\"><p>First of all, let us introduce you to our offer reserved for lovers:<\/p>\n<ul>\n<li><strong>Special Couple Offer<\/strong><br \/>\n\u2013 20% per week for a stay of 7 nights for Fr\u00e9gate and Go\u00e9land mobile homes.<br \/>\nValid for 2 people only from 05\/21 to 07\/06\/2024 and from 08\/31 to 11\/02\/2024.<\/li>\n<\/ul>\n<p><em>NON-CUMULATIVE OFFERS<\/em><\/p>\n<\/div><\/div><div class=\"text-image-new-colonne\"><img decoding=\"async\" src=\"https:\/\/www.campinglesdunes.fr\/wp-content\/uploads\/2024\/04\/tourisme-ile-dyeu.webp\" alt=\"Good deals for camping in Vend\u00e9e, offers and promotions\" class=\"text-image-new-thumb\" \/><\/div><\/div>\n\n<div class=\"text-image-new style1 image-right background-marron\"><div class=\"text-image-new-colonne\"><H2 class=\"text-image-new-titre\">The best mobile home rental offers at the campsite<\/H2><div class=\"text-image-new-content\"><p>The inexpensive campsite in Vend\u00e9e offers several mobile homes with two or three bedrooms and a capacity of four to eight people for your vacation. Practical for stays as a couple or family, these rentals all have a wooden terrace with garden furniture. They are also equipped with a TV, electric heating, blankets and duvets. It is also possible to access WiFi directly from your accommodation.<\/p>\n<\/div><\/div><div class=\"text-image-new-colonne\"><img decoding=\"async\" src=\"https:\/\/www.campinglesdunes.fr\/wp-content\/uploads\/2021\/09\/clairdelune-Ext-800x534-1.jpg\" alt=\"Mobile home rental in a cheap campsite in Vend\u00e9e\" class=\"text-image-new-thumb\" \/><\/div><\/div>\n\n<div class=\"text-image-new style1 image-left\"><div class=\"text-image-new-colonne\"><div class=\"text-image-new-content\"><p>To give you an overview, we will take as examples three of the rentals available in the campsite:<\/p>\n<h3>Fregate mobile home<\/h3>\n<ul>\n<li>Area of \u200b\u200b24 m\u00b2,<\/li>\n<li>Two rooms,<\/li>\n<li>Can accommodate 4 people.<\/li>\n<li>Covered terrace<\/li>\n<li>Kitchen with hob, refrigerator, dishes, microwave oven,<\/li>\n<li>Comfortable stay,<\/li>\n<li>Equipped bathroom.<\/li>\n<li>From \u20ac345 per week.<\/li>\n<\/ul>\n<\/div><\/div><div class=\"text-image-new-colonne\"><img decoding=\"async\" src=\"https:\/\/www.campinglesdunes.fr\/wp-content\/uploads\/2021\/11\/mh-fregate.jpg\" alt=\"fregate mobile home rental\" class=\"text-image-new-thumb\" \/><\/div><\/div>\n\n<div class=\"text-image-new style1 image-right background-marron\"><div class=\"text-image-new-colonne\"><H2 class=\"text-image-new-titre\">Oc\u00e9ane mobile home<\/H2><div class=\"text-image-new-content\"><ul>\n<li>Area of \u200b\u200b31 m\u00b2,<\/li>\n<li>Two rooms,<\/li>\n<li>Living area with convertible double bed,<\/li>\n<li>Can accommodate up to six people for their nights.<\/li>\n<li>Kitchen with: refrigerator, microwave, hob\u2026<\/li>\n<li>Bathroom with shower, sink and toilet,<\/li>\n<li>Paved terrace with closed awning.<\/li>\n<li>Price from \u20ac462 per week<\/li>\n<\/ul>\n<\/div><\/div><div class=\"text-image-new-colonne\"><img decoding=\"async\" src=\"https:\/\/www.campinglesdunes.fr\/wp-content\/uploads\/2021\/11\/pict_17_1.jpeg\" alt=\"location mobil home oceane camping les dunes\" class=\"text-image-new-thumb\" \/><\/div><\/div>\n\n<div class=\"text-image-new style1 image-left\"><div class=\"text-image-new-colonne\"><H2 class=\"text-image-new-titre\">Albatros mobile home<\/H2><div class=\"text-image-new-content\"><p>Upscale residence.<\/p>\n<ul>\n<li>Living area of \u200b\u200b30 m\u00b2,<\/li>\n<li>Three rooms<\/li>\n<li>6 people for one or more nights,<\/li>\n<li>Fully equipped kitchen area,<\/li>\n<li>Comfortable living area with TV,<\/li>\n<li>Full bathroom,<\/li>\n<li>Garden furniture with deckchairs, parasol and barbecue, covered wooden terrace.<\/li>\n<li>From \u20ac475 per week for holidays near Br\u00e9tignolles beach in Les Sables d&#8217;Olonne in France.<\/li>\n<\/ul>\n<p>If the mobile home (or chalet) is an accommodation option par excellence, the location also allows you to fully enjoy a stay in this inexpensive campsite in Vend\u00e9e.<\/p>\n<\/div><\/div><div class=\"text-image-new-colonne\"><img decoding=\"async\" src=\"https:\/\/www.campinglesdunes.fr\/wp-content\/uploads\/2021\/11\/mobil_home_albatross.jpg\" alt=\"albatross mobile home rental\" class=\"text-image-new-thumb\" \/><\/div><\/div>\n\n<div class=\"text-image-new style1 image-right background-marron\"><div class=\"text-image-new-colonne\"><H2 class=\"text-image-new-titre\">Rent a pitch in a cheap campsite in Vend\u00e9e<\/H2><div class=\"text-image-new-content\"><p>Several mobile homes are available for rental at Les Dunes campsite, and there are also numerous choices when it comes to places to spend your nights. The open-air hotel has a total of around fifty plots of approximately 90 m\u00b2 close to the Atlantic Ocean. Perfectly laid out and demarcated by hedges, they are designed to accommodate the tents of several people. Accessible to people with reduced mobility \u2013 as are the nearby sanitary facilities \u2013 the pitches are all equipped with water and electricity. The maximum capacity is seven people; the pitch is spacious enough to accommodate, in addition to the tents, a vehicle, wifi is also available on the plots.<br \/>\nAlso enjoy our superb water park with heated swimming pool.<\/p>\n<\/div><\/div><div class=\"text-image-new-colonne\"><img decoding=\"async\" src=\"https:\/\/www.campinglesdunes.fr\/wp-content\/uploads\/2024\/04\/camping-bretignolles-sur-mer.jpg\" alt=\"Rent a pitch in a cheap campsite in Vend\u00e9e\" class=\"text-image-new-thumb\" \/><\/div><\/div>\n\n<div class=\"text-image-new style1 image-left\"><div class=\"text-image-new-colonne\"><H2 class=\"text-image-new-titre\">Your economical camping stay<\/H2><div class=\"text-image-new-content\"><p>During this cheap camping stay in Vend\u00e9e, beyond spending relaxing nights, you will be able to participate in the various activities and entertainment offered by the staff: dancing evenings, karaoke evenings, creative workshops and treasure hunts for the children of the club children, sports activities for the whole family and much more. You will naturally have access to all of the establishment&#8217;s infrastructures, from the tennis court to the multisport field, including the p\u00e9tanque court, the ping-pong tables but also the water park with its swimming pools and heated paddling pools, its slides and solarium terraces.<\/p>\n<\/div><p class=\"lire-plus\">Read more<\/p><div class=\"text-image-new-content-more hide\"><p>Also take the opportunity to practice the water activity that suits you (stand-up paddle, diving, kitesurfing, surfing, windsurfing, etc.) or to discover some of the must-see attractions of the Vend\u00e9e: Puy du Fou, Les Sables -d&#8217;Olonne, La Roche-sur-Yon, Saint-Gilles-Croix-de-Vie, the Poitevin marshes, the salt marshes, all these beautiful destinations in Sables d&#8217;Olonne<\/p>\n<\/div><p class=\"lire-moins hide\">Read less<\/p><\/div><div class=\"text-image-new-colonne\"><img decoding=\"async\" src=\"https:\/\/www.campinglesdunes.fr\/wp-content\/uploads\/2024\/04\/camping-parc-aquatique-vendee.jpg\" alt=\"Cheap campsite with swimming pool\" class=\"text-image-new-thumb\" \/><\/div><\/div>","protected":false},"excerpt":{"rendered":"","protected":false},"author":1,"featured_media":13644,"parent":0,"menu_order":0,"comment_status":"closed","ping_status":"closed","template":"","meta":{"_acf_changed":false,"footnotes":""},"class_list":["post-18603","page","type-page","status-publish","has-post-thumbnail","hentry"],"acf":[],"yoast_head":"<!-- This site is optimized with the Yoast SEO plugin v27.4 - https:\/\/yoast.com\/product\/yoast-seo-wordpress\/ -->\n<title>Cheap Vend\u00e9e campsite | Enjoy a 5-star campsite at a low price in Vend\u00e9e<\/title>\n<meta name=\"description\" content=\"What if you booked your vacation in a cheap campsite in Vend\u00e9e? Come and enjoy its many services and activities for the whole family.\" \/>\n<meta name=\"robots\" content=\"index, follow, max-snippet:-1, max-image-preview:large, max-video-preview:-1\" \/>\n<link rel=\"canonical\" href=\"https:\/\/www.campinglesdunes.fr\/en\/cheap-campsite-vendee\/\" \/>\n<meta property=\"og:locale\" content=\"en_US\" \/>\n<meta property=\"og:type\" content=\"article\" \/>\n<meta property=\"og:title\" content=\"Cheap Vend\u00e9e campsite | Enjoy a 5-star campsite at a low price in Vend\u00e9e\" \/>\n<meta property=\"og:description\" content=\"What if you booked your vacation in a cheap campsite in Vend\u00e9e? Come and enjoy its many services and activities for the whole family.\" \/>\n<meta property=\"og:url\" content=\"https:\/\/www.campinglesdunes.fr\/en\/cheap-campsite-vendee\/\" \/>\n<meta property=\"og:site_name\" content=\"Camping des Dunes\" \/>\n<meta property=\"article:modified_time\" content=\"2024-06-04T12:36:17+00:00\" \/>\n<meta property=\"og:image\" content=\"https:\/\/www.campinglesdunes.fr\/wp-content\/uploads\/2023\/01\/RESERVER-MON-MH-1-scaled.jpg\" \/>\n\t<meta property=\"og:image:width\" content=\"2560\" \/>\n\t<meta property=\"og:image:height\" content=\"1297\" \/>\n\t<meta property=\"og:image:type\" content=\"image\/jpeg\" \/>\n<meta name=\"twitter:card\" content=\"summary_large_image\" \/>\n<meta name=\"twitter:label1\" content=\"Est. reading time\" \/>\n\t<meta name=\"twitter:data1\" content=\"1 minute\" \/>\n<script type=\"application\/ld+json\" class=\"yoast-schema-graph\">{\"@context\":\"https:\\\/\\\/schema.org\",\"@graph\":[{\"@type\":\"WebPage\",\"@id\":\"https:\\\/\\\/www.campinglesdunes.fr\\\/en\\\/cheap-campsite-vendee\\\/\",\"url\":\"https:\\\/\\\/www.campinglesdunes.fr\\\/en\\\/cheap-campsite-vendee\\\/\",\"name\":\"Cheap Vend\u00e9e campsite | Enjoy a 5-star campsite at a low price in Vend\u00e9e\",\"isPartOf\":{\"@id\":\"https:\\\/\\\/www.campinglesdunes.fr\\\/en\\\/#website\"},\"primaryImageOfPage\":{\"@id\":\"https:\\\/\\\/www.campinglesdunes.fr\\\/en\\\/cheap-campsite-vendee\\\/#primaryimage\"},\"image\":{\"@id\":\"https:\\\/\\\/www.campinglesdunes.fr\\\/en\\\/cheap-campsite-vendee\\\/#primaryimage\"},\"thumbnailUrl\":\"https:\\\/\\\/www.campinglesdunes.fr\\\/wp-content\\\/uploads\\\/2023\\\/01\\\/RESERVER-MON-MH-1-scaled.jpg\",\"datePublished\":\"2021-11-29T11:06:16+00:00\",\"dateModified\":\"2024-06-04T12:36:17+00:00\",\"description\":\"What if you booked your vacation in a cheap campsite in Vend\u00e9e? Come and enjoy its many services and activities for the whole family.\",\"breadcrumb\":{\"@id\":\"https:\\\/\\\/www.campinglesdunes.fr\\\/en\\\/cheap-campsite-vendee\\\/#breadcrumb\"},\"inLanguage\":\"en-US\",\"potentialAction\":[{\"@type\":\"ReadAction\",\"target\":[\"https:\\\/\\\/www.campinglesdunes.fr\\\/en\\\/cheap-campsite-vendee\\\/\"]}]},{\"@type\":\"ImageObject\",\"inLanguage\":\"en-US\",\"@id\":\"https:\\\/\\\/www.campinglesdunes.fr\\\/en\\\/cheap-campsite-vendee\\\/#primaryimage\",\"url\":\"https:\\\/\\\/www.campinglesdunes.fr\\\/wp-content\\\/uploads\\\/2023\\\/01\\\/RESERVER-MON-MH-1-scaled.jpg\",\"contentUrl\":\"https:\\\/\\\/www.campinglesdunes.fr\\\/wp-content\\\/uploads\\\/2023\\\/01\\\/RESERVER-MON-MH-1-scaled.jpg\",\"width\":2560,\"height\":1297},{\"@type\":\"BreadcrumbList\",\"@id\":\"https:\\\/\\\/www.campinglesdunes.fr\\\/en\\\/cheap-campsite-vendee\\\/#breadcrumb\",\"itemListElement\":[{\"@type\":\"ListItem\",\"position\":1,\"name\":\"Camping Vend\u00e9e\",\"item\":\"https:\\\/\\\/www.campinglesdunes.fr\\\/en\\\/accueil-2\\\/\"},{\"@type\":\"ListItem\",\"position\":2,\"name\":\"Discover our prices and offers\"}]},{\"@type\":\"WebSite\",\"@id\":\"https:\\\/\\\/www.campinglesdunes.fr\\\/en\\\/#website\",\"url\":\"https:\\\/\\\/www.campinglesdunes.fr\\\/en\\\/\",\"name\":\"Camping des Dunes\",\"description\":\"Votre camping 5 \u00e9toiles en Vend\u00e9e\",\"publisher\":{\"@id\":\"https:\\\/\\\/www.campinglesdunes.fr\\\/en\\\/#organization\"},\"potentialAction\":[{\"@type\":\"SearchAction\",\"target\":{\"@type\":\"EntryPoint\",\"urlTemplate\":\"https:\\\/\\\/www.campinglesdunes.fr\\\/en\\\/?s={search_term_string}\"},\"query-input\":{\"@type\":\"PropertyValueSpecification\",\"valueRequired\":true,\"valueName\":\"search_term_string\"}}],\"inLanguage\":\"en-US\"},{\"@type\":\"Organization\",\"@id\":\"https:\\\/\\\/www.campinglesdunes.fr\\\/en\\\/#organization\",\"name\":\"Camping Bretignolles sur Mer en Vend\u00e9e\",\"url\":\"https:\\\/\\\/www.campinglesdunes.fr\\\/en\\\/\",\"logo\":{\"@type\":\"ImageObject\",\"inLanguage\":\"en-US\",\"@id\":\"https:\\\/\\\/www.campinglesdunes.fr\\\/en\\\/#\\\/schema\\\/logo\\\/image\\\/\",\"url\":\"https:\\\/\\\/www.campinglesdunes.fr\\\/wp-content\\\/uploads\\\/2022\\\/06\\\/logo-4.png\",\"contentUrl\":\"https:\\\/\\\/www.campinglesdunes.fr\\\/wp-content\\\/uploads\\\/2022\\\/06\\\/logo-4.png\",\"width\":187,\"height\":80,\"caption\":\"Camping Bretignolles sur Mer en Vend\u00e9e\"},\"image\":{\"@id\":\"https:\\\/\\\/www.campinglesdunes.fr\\\/en\\\/#\\\/schema\\\/logo\\\/image\\\/\"}}]}<\/script>\n<!-- \/ Yoast SEO plugin. -->","yoast_head_json":{"title":"Cheap Vend\u00e9e campsite | Enjoy a 5-star campsite at a low price in Vend\u00e9e","description":"What if you booked your vacation in a cheap campsite in Vend\u00e9e? Come and enjoy its many services and activities for the whole family.","robots":{"index":"index","follow":"follow","max-snippet":"max-snippet:-1","max-image-preview":"max-image-preview:large","max-video-preview":"max-video-preview:-1"},"canonical":"https:\/\/www.campinglesdunes.fr\/en\/cheap-campsite-vendee\/","og_locale":"en_US","og_type":"article","og_title":"Cheap Vend\u00e9e campsite | Enjoy a 5-star campsite at a low price in Vend\u00e9e","og_description":"What if you booked your vacation in a cheap campsite in Vend\u00e9e? Come and enjoy its many services and activities for the whole family.","og_url":"https:\/\/www.campinglesdunes.fr\/en\/cheap-campsite-vendee\/","og_site_name":"Camping des Dunes","article_modified_time":"2024-06-04T12:36:17+00:00","og_image":[{"width":2560,"height":1297,"url":"https:\/\/www.campinglesdunes.fr\/wp-content\/uploads\/2023\/01\/RESERVER-MON-MH-1-scaled.jpg","type":"image\/jpeg"}],"twitter_card":"summary_large_image","twitter_misc":{"Est. reading time":"1 minute"},"schema":{"@context":"https:\/\/schema.org","@graph":[{"@type":"WebPage","@id":"https:\/\/www.campinglesdunes.fr\/en\/cheap-campsite-vendee\/","url":"https:\/\/www.campinglesdunes.fr\/en\/cheap-campsite-vendee\/","name":"Cheap Vend\u00e9e campsite | Enjoy a 5-star campsite at a low price in Vend\u00e9e","isPartOf":{"@id":"https:\/\/www.campinglesdunes.fr\/en\/#website"},"primaryImageOfPage":{"@id":"https:\/\/www.campinglesdunes.fr\/en\/cheap-campsite-vendee\/#primaryimage"},"image":{"@id":"https:\/\/www.campinglesdunes.fr\/en\/cheap-campsite-vendee\/#primaryimage"},"thumbnailUrl":"https:\/\/www.campinglesdunes.fr\/wp-content\/uploads\/2023\/01\/RESERVER-MON-MH-1-scaled.jpg","datePublished":"2021-11-29T11:06:16+00:00","dateModified":"2024-06-04T12:36:17+00:00","description":"What if you booked your vacation in a cheap campsite in Vend\u00e9e? Come and enjoy its many services and activities for the whole family.","breadcrumb":{"@id":"https:\/\/www.campinglesdunes.fr\/en\/cheap-campsite-vendee\/#breadcrumb"},"inLanguage":"en-US","potentialAction":[{"@type":"ReadAction","target":["https:\/\/www.campinglesdunes.fr\/en\/cheap-campsite-vendee\/"]}]},{"@type":"ImageObject","inLanguage":"en-US","@id":"https:\/\/www.campinglesdunes.fr\/en\/cheap-campsite-vendee\/#primaryimage","url":"https:\/\/www.campinglesdunes.fr\/wp-content\/uploads\/2023\/01\/RESERVER-MON-MH-1-scaled.jpg","contentUrl":"https:\/\/www.campinglesdunes.fr\/wp-content\/uploads\/2023\/01\/RESERVER-MON-MH-1-scaled.jpg","width":2560,"height":1297},{"@type":"BreadcrumbList","@id":"https:\/\/www.campinglesdunes.fr\/en\/cheap-campsite-vendee\/#breadcrumb","itemListElement":[{"@type":"ListItem","position":1,"name":"Camping Vend\u00e9e","item":"https:\/\/www.campinglesdunes.fr\/en\/accueil-2\/"},{"@type":"ListItem","position":2,"name":"Discover our prices and offers"}]},{"@type":"WebSite","@id":"https:\/\/www.campinglesdunes.fr\/en\/#website","url":"https:\/\/www.campinglesdunes.fr\/en\/","name":"Camping des Dunes","description":"Votre camping 5 \u00e9toiles en Vend\u00e9e","publisher":{"@id":"https:\/\/www.campinglesdunes.fr\/en\/#organization"},"potentialAction":[{"@type":"SearchAction","target":{"@type":"EntryPoint","urlTemplate":"https:\/\/www.campinglesdunes.fr\/en\/?s={search_term_string}"},"query-input":{"@type":"PropertyValueSpecification","valueRequired":true,"valueName":"search_term_string"}}],"inLanguage":"en-US"},{"@type":"Organization","@id":"https:\/\/www.campinglesdunes.fr\/en\/#organization","name":"Camping Bretignolles sur Mer en Vend\u00e9e","url":"https:\/\/www.campinglesdunes.fr\/en\/","logo":{"@type":"ImageObject","inLanguage":"en-US","@id":"https:\/\/www.campinglesdunes.fr\/en\/#\/schema\/logo\/image\/","url":"https:\/\/www.campinglesdunes.fr\/wp-content\/uploads\/2022\/06\/logo-4.png","contentUrl":"https:\/\/www.campinglesdunes.fr\/wp-content\/uploads\/2022\/06\/logo-4.png","width":187,"height":80,"caption":"Camping Bretignolles sur Mer en Vend\u00e9e"},"image":{"@id":"https:\/\/www.campinglesdunes.fr\/en\/#\/schema\/logo\/image\/"}}]}},"_links":{"self":[{"href":"https:\/\/www.campinglesdunes.fr\/en\/wp-json\/wp\/v2\/pages\/18603","targetHints":{"allow":["GET"]}}],"collection":[{"href":"https:\/\/www.campinglesdunes.fr\/en\/wp-json\/wp\/v2\/pages"}],"about":[{"href":"https:\/\/www.campinglesdunes.fr\/en\/wp-json\/wp\/v2\/types\/page"}],"author":[{"embeddable":true,"href":"https:\/\/www.campinglesdunes.fr\/en\/wp-json\/wp\/v2\/users\/1"}],"replies":[{"embeddable":true,"href":"https:\/\/www.campinglesdunes.fr\/en\/wp-json\/wp\/v2\/comments?post=18603"}],"version-history":[{"count":0,"href":"https:\/\/www.campinglesdunes.fr\/en\/wp-json\/wp\/v2\/pages\/18603\/revisions"}],"wp:featuredmedia":[{"embeddable":true,"href":"https:\/\/www.campinglesdunes.fr\/en\/wp-json\/wp\/v2\/media\/13644"}],"wp:attachment":[{"href":"https:\/\/www.campinglesdunes.fr\/en\/wp-json\/wp\/v2\/media?parent=18603"}],"curies":[{"name":"wp","href":"https:\/\/api.w.org\/{rel}","templated":true}]}}