{"id":18715,"date":"2021-08-24T10:33:49","date_gmt":"2021-08-24T08:33:49","guid":{"rendered":"https:\/\/www.campinglesdunes.fr\/activites\/"},"modified":"2025-01-22T07:02:53","modified_gmt":"2025-01-22T06:02:53","slug":"activities","status":"publish","type":"page","link":"https:\/\/www.campinglesdunes.fr\/en\/activities\/","title":{"rendered":"ACTIVITIES"},"content":{"rendered":"<div class=\"bloc-texte full\"><div class=\"texte center\"><h2>Camping activities to do during your vacation in Vend\u00e9e<\/h2>\n<p>At Camping Les Dunes, a campsite by the sea in Vend\u00e9e, practice numerous activities during your holidays: tennis, mini-golf, p\u00e9tanque, ping-pong, etc. Also enjoy the multi-sports ground and play areas for children.The entire campsite team also offers daytime and evening entertainment for all ages.<\/p>\n<\/div><\/div>\n\n<div class=\"text-image-new style1 image-left\"><div class=\"text-image-new-colonne\"><H2 class=\"text-image-new-titre\">Play areas for children<\/H2><div class=\"text-image-new-content\"><p>The children&#8217;s play areas are accessible from 9 a.m. to 8 p.m.<\/p>\n<p>Two new play areas in the center of the campsite will delight children of all ages during the holidays. The first for children aged 4 to 12 with a nest swing, a large colorful structure with, among other things: tube slides, nets, suspension bridge, sliding bar&#8230;<br \/>\nThe second for pitchouns from 1 to 3 years old composed of various games: turnstile, slides, tunnel, cabin, etc.<\/p>\n<p>However, children must access it accompanied and must remain under the supervision of their parents.<\/p>\n<\/div><\/div><div class=\"text-image-new-colonne\"><img decoding=\"async\" src=\"https:\/\/www.campinglesdunes.fr\/wp-content\/uploads\/2024\/04\/aire-de-jeux-camping-les-dunes.jpg\" alt=\"playground campsite les dunes\" class=\"text-image-new-thumb\" \/><\/div><\/div>\n\n<div class=\"text-image-new style1 image-right background-marron\"><div class=\"text-image-new-colonne\"><H2 class=\"text-image-new-titre\">Multisports Field<\/H2><div class=\"text-image-new-content\"><p>The tennis court, p\u00e9tanque courts, ping-pong tables, mini-golf are at your disposal.<\/p>\n<p>The Multisports field is the meeting point for fans of football, basketball, handball, volleyball&#8230; It is accessible at any time of the day, however the field is not lit in the evening. The sports facilitator will offer you numerous tournaments in July and August.<\/p>\n<p>Next to the multi-sports ground, you will find a beach volleyball court.<\/p>\n<p>Balloons are available at reception.<\/p>\n<\/div><\/div><div class=\"text-image-new-colonne\"><img decoding=\"async\" src=\"https:\/\/www.campinglesdunes.fr\/wp-content\/uploads\/2024\/04\/terrain-multisport-camping-les-dunes.jpg\" alt=\"multi-sport field campsite les dunes\" class=\"text-image-new-thumb\" \/><\/div><\/div>\n\n<div class=\"text-image-new style1 image-left\"><div class=\"text-image-new-colonne\"><H2 class=\"text-image-new-titre\">Tennis<\/H2><div class=\"text-image-new-content\"><p>Take advantage of your free time to play a game of tennis. The campsite&#8217;s tennis court is accessible during reception opening hours.<\/p>\n<p>Practical information :<\/p>\n<p>It is necessary to reserve the tennis court at reception. Access is free from April 1 to June 30 and from September 1 to November 11. It is payable from July 1 to August 31, i.e. \u20ac5 per hour for court rental. Equipment is available at reception against a deposit.<\/p>\n<\/div><\/div><div class=\"text-image-new-colonne\"><img decoding=\"async\" src=\"https:\/\/www.campinglesdunes.fr\/wp-content\/uploads\/2024\/04\/terrain-tennis-camping-les-dunes.jpg\" alt=\"tennis court campsite les dunes\" class=\"text-image-new-thumb\" \/><\/div><\/div>\n\n<div class=\"text-image-new style1 image-right background-marron\"><div class=\"text-image-new-colonne\"><H2 class=\"text-image-new-titre\">Mini golf<\/H2><div class=\"text-image-new-content\"><p>A magnificent landscaped mini-golf course on the theme of the Vend\u00e9e will delight young and old alike.<\/p>\n<p>Our mini golf course has 18 holes. It is accessible during reception opening hours. Access is free from April 1 to June 30 and from September 1 to November 11. It is payable from July 1 to August 31, i.e. \u20ac2 per game (around 2 hours) per person over 7 years old.<\/p>\n<p>The equipment is available at reception.<\/p>\n<\/div><\/div><div class=\"text-image-new-colonne\"><img decoding=\"async\" src=\"https:\/\/www.campinglesdunes.fr\/wp-content\/uploads\/2024\/04\/minigolf-camping-les-dunes.jpg\" alt=\"mini golf camping the dunes\" class=\"text-image-new-thumb\" \/><\/div><\/div>\n\n<div class=\"text-image-new style1 image-left\"><div class=\"text-image-new-colonne\"><H2 class=\"text-image-new-titre\">The p\u00e9tanque court<\/H2><div class=\"text-image-new-content\"><p>\u201cA game of p\u00e9tanque is fun!\u00bb<\/p>\n<p>The p\u00e9tanque court is accessible to everyone at any time of the day. However, the field is not lit in the evening. In July and August, competitions are organized there by the bowlers themselves or by the Camping leaders. So head to the p\u00e9tanque court for a pleasant time!<\/p>\n<\/div><\/div><div class=\"text-image-new-colonne\"><img decoding=\"async\" src=\"https:\/\/www.campinglesdunes.fr\/wp-content\/uploads\/2024\/04\/petanque-camping-les-dunes.jpg\" alt=\"p\u00e9tanque campsite the dunes\" class=\"text-image-new-thumb\" \/><\/div><\/div>\n\n<div class=\"text-image-new style1 image-right background-marron\"><div class=\"text-image-new-colonne\"><H2 class=\"text-image-new-titre\">Ping Pong Tables<\/H2><div class=\"text-image-new-content\"><p>Ping-Pong tables are available on the campsite. Equipment can be borrowed from reception.<\/p>\n<\/div><\/div><div class=\"text-image-new-colonne\"><img decoding=\"async\" src=\"https:\/\/www.campinglesdunes.fr\/wp-content\/uploads\/2024\/04\/ping-pong-camping-les-dunes.jpg\" alt=\"ping pong camping the dunes\" class=\"text-image-new-thumb\" \/><\/div><\/div>\n\n<div class=\"liste-de-page-home\"><h2 class=\"liste-de-page-home-titre\">Book your stay at Les Dunes campsite!<\/h2><ul class=\"liste-de-page-articles\"><li><a href=\"https:\/\/www.campinglesdunes.fr\/en\/news\/the-most-beautiful-markets-of-vendee\/\"><div class=\"cta-img\"><img decoding=\"async\" src=\"https:\/\/www.campinglesdunes.fr\/wp-content\/uploads\/2021\/12\/BLOG-1-1-scaled.jpg\" alt=\"\"><\/div><div class=\"cta-titre\">The most beautiful markets in Vend\u00e9e<\/div><\/a><\/li><li><a href=\"https:\/\/www.campinglesdunes.fr\/en\/news\/discover-the-puy-du-fou-park\/\"><div class=\"cta-img\"><img decoding=\"async\" src=\"https:\/\/www.campinglesdunes.fr\/wp-content\/uploads\/2021\/12\/feux-follets-puy-du-fou.png\" alt=\"\"><\/div><div class=\"cta-titre\">Discover the Puy du Fou park<\/div><\/a><\/li><\/ul><\/div>","protected":false},"excerpt":{"rendered":"","protected":false},"author":1,"featured_media":14424,"parent":0,"menu_order":0,"comment_status":"closed","ping_status":"closed","template":"","meta":{"_acf_changed":false,"footnotes":""},"class_list":["post-18715","page","type-page","status-publish","has-post-thumbnail","hentry"],"acf":[],"yoast_head":"<!-- This site is optimized with the Yoast SEO plugin v27.4 - https:\/\/yoast.com\/product\/yoast-seo-wordpress\/ -->\n<title>Camping activities in Br\u00e9tignolles | What are the activities at the campsite in Br\u00e9tignolles?<\/title>\n<meta name=\"description\" content=\"What to do during your vacation at the 5-star Les Dunes campsite in Br\u00e9tigolles? Discover the activities offered by the Les Dunes campsite in Vend\u00e9e.\" \/>\n<meta name=\"robots\" content=\"index, follow, max-snippet:-1, max-image-preview:large, max-video-preview:-1\" \/>\n<link rel=\"canonical\" href=\"https:\/\/www.campinglesdunes.fr\/en\/activities\/\" \/>\n<meta property=\"og:locale\" content=\"en_US\" \/>\n<meta property=\"og:type\" content=\"article\" \/>\n<meta property=\"og:title\" content=\"Camping activities in Br\u00e9tignolles | What are the activities at the campsite in Br\u00e9tignolles?\" \/>\n<meta property=\"og:description\" content=\"What to do during your vacation at the 5-star Les Dunes campsite in Br\u00e9tigolles? Discover the activities offered by the Les Dunes campsite in Vend\u00e9e.\" \/>\n<meta property=\"og:url\" content=\"https:\/\/www.campinglesdunes.fr\/en\/activities\/\" \/>\n<meta property=\"og:site_name\" content=\"Camping des Dunes\" \/>\n<meta property=\"article:modified_time\" content=\"2025-01-22T06:02:53+00:00\" \/>\n<meta property=\"og:image\" content=\"https:\/\/www.campinglesdunes.fr\/wp-content\/uploads\/2023\/01\/ACTIVITES-1-scaled.jpg\" \/>\n\t<meta property=\"og:image:width\" content=\"2560\" \/>\n\t<meta property=\"og:image:height\" content=\"1297\" \/>\n\t<meta property=\"og:image:type\" content=\"image\/jpeg\" \/>\n<meta name=\"twitter:card\" content=\"summary_large_image\" \/>\n<meta name=\"twitter:label1\" content=\"Est. reading time\" \/>\n\t<meta name=\"twitter:data1\" content=\"1 minute\" \/>\n<script type=\"application\/ld+json\" class=\"yoast-schema-graph\">{\"@context\":\"https:\\\/\\\/schema.org\",\"@graph\":[{\"@type\":\"WebPage\",\"@id\":\"https:\\\/\\\/www.campinglesdunes.fr\\\/en\\\/activities\\\/\",\"url\":\"https:\\\/\\\/www.campinglesdunes.fr\\\/en\\\/activities\\\/\",\"name\":\"Camping activities in Br\u00e9tignolles | What are the activities at the campsite in Br\u00e9tignolles?\",\"isPartOf\":{\"@id\":\"https:\\\/\\\/www.campinglesdunes.fr\\\/en\\\/#website\"},\"primaryImageOfPage\":{\"@id\":\"https:\\\/\\\/www.campinglesdunes.fr\\\/en\\\/activities\\\/#primaryimage\"},\"image\":{\"@id\":\"https:\\\/\\\/www.campinglesdunes.fr\\\/en\\\/activities\\\/#primaryimage\"},\"thumbnailUrl\":\"https:\\\/\\\/www.campinglesdunes.fr\\\/wp-content\\\/uploads\\\/2023\\\/01\\\/ACTIVITES-1-scaled.jpg\",\"datePublished\":\"2021-08-24T08:33:49+00:00\",\"dateModified\":\"2025-01-22T06:02:53+00:00\",\"description\":\"What to do during your vacation at the 5-star Les Dunes campsite in Br\u00e9tigolles? Discover the activities offered by the Les Dunes campsite in Vend\u00e9e.\",\"breadcrumb\":{\"@id\":\"https:\\\/\\\/www.campinglesdunes.fr\\\/en\\\/activities\\\/#breadcrumb\"},\"inLanguage\":\"en-US\",\"potentialAction\":[{\"@type\":\"ReadAction\",\"target\":[\"https:\\\/\\\/www.campinglesdunes.fr\\\/en\\\/activities\\\/\"]}]},{\"@type\":\"ImageObject\",\"inLanguage\":\"en-US\",\"@id\":\"https:\\\/\\\/www.campinglesdunes.fr\\\/en\\\/activities\\\/#primaryimage\",\"url\":\"https:\\\/\\\/www.campinglesdunes.fr\\\/wp-content\\\/uploads\\\/2023\\\/01\\\/ACTIVITES-1-scaled.jpg\",\"contentUrl\":\"https:\\\/\\\/www.campinglesdunes.fr\\\/wp-content\\\/uploads\\\/2023\\\/01\\\/ACTIVITES-1-scaled.jpg\",\"width\":\"2560\",\"height\":\"1297\"},{\"@type\":\"BreadcrumbList\",\"@id\":\"https:\\\/\\\/www.campinglesdunes.fr\\\/en\\\/activities\\\/#breadcrumb\",\"itemListElement\":[{\"@type\":\"ListItem\",\"position\":1,\"name\":\"Camping Vend\u00e9e\",\"item\":\"https:\\\/\\\/www.campinglesdunes.fr\\\/en\\\/\"},{\"@type\":\"ListItem\",\"position\":2,\"name\":\"ACTIVITIES\"}]},{\"@type\":\"WebSite\",\"@id\":\"https:\\\/\\\/www.campinglesdunes.fr\\\/en\\\/#website\",\"url\":\"https:\\\/\\\/www.campinglesdunes.fr\\\/en\\\/\",\"name\":\"Camping des Dunes\",\"description\":\"Votre camping 5 \u00e9toiles en Vend\u00e9e\",\"publisher\":{\"@id\":\"https:\\\/\\\/www.campinglesdunes.fr\\\/en\\\/#organization\"},\"potentialAction\":[{\"@type\":\"SearchAction\",\"target\":{\"@type\":\"EntryPoint\",\"urlTemplate\":\"https:\\\/\\\/www.campinglesdunes.fr\\\/en\\\/?s={search_term_string}\"},\"query-input\":{\"@type\":\"PropertyValueSpecification\",\"valueRequired\":true,\"valueName\":\"search_term_string\"}}],\"inLanguage\":\"en-US\"},{\"@type\":\"Organization\",\"@id\":\"https:\\\/\\\/www.campinglesdunes.fr\\\/en\\\/#organization\",\"name\":\"Camping Bretignolles sur Mer en Vend\u00e9e\",\"url\":\"https:\\\/\\\/www.campinglesdunes.fr\\\/en\\\/\",\"logo\":{\"@type\":\"ImageObject\",\"inLanguage\":\"en-US\",\"@id\":\"https:\\\/\\\/www.campinglesdunes.fr\\\/en\\\/#\\\/schema\\\/logo\\\/image\\\/\",\"url\":\"https:\\\/\\\/www.campinglesdunes.fr\\\/wp-content\\\/uploads\\\/2022\\\/06\\\/logo-4.png\",\"contentUrl\":\"https:\\\/\\\/www.campinglesdunes.fr\\\/wp-content\\\/uploads\\\/2022\\\/06\\\/logo-4.png\",\"width\":187,\"height\":80,\"caption\":\"Camping Bretignolles sur Mer en Vend\u00e9e\"},\"image\":{\"@id\":\"https:\\\/\\\/www.campinglesdunes.fr\\\/en\\\/#\\\/schema\\\/logo\\\/image\\\/\"}}]}<\/script>\n<!-- \/ Yoast SEO plugin. -->","yoast_head_json":{"title":"Camping activities in Br\u00e9tignolles | What are the activities at the campsite in Br\u00e9tignolles?","description":"What to do during your vacation at the 5-star Les Dunes campsite in Br\u00e9tigolles? Discover the activities offered by the Les Dunes campsite in Vend\u00e9e.","robots":{"index":"index","follow":"follow","max-snippet":"max-snippet:-1","max-image-preview":"max-image-preview:large","max-video-preview":"max-video-preview:-1"},"canonical":"https:\/\/www.campinglesdunes.fr\/en\/activities\/","og_locale":"en_US","og_type":"article","og_title":"Camping activities in Br\u00e9tignolles | What are the activities at the campsite in Br\u00e9tignolles?","og_description":"What to do during your vacation at the 5-star Les Dunes campsite in Br\u00e9tigolles? Discover the activities offered by the Les Dunes campsite in Vend\u00e9e.","og_url":"https:\/\/www.campinglesdunes.fr\/en\/activities\/","og_site_name":"Camping des Dunes","article_modified_time":"2025-01-22T06:02:53+00:00","og_image":[{"width":2560,"height":1297,"url":"https:\/\/www.campinglesdunes.fr\/wp-content\/uploads\/2023\/01\/ACTIVITES-1-scaled.jpg","type":"image\/jpeg"}],"twitter_card":"summary_large_image","twitter_misc":{"Est. reading time":"1 minute"},"schema":{"@context":"https:\/\/schema.org","@graph":[{"@type":"WebPage","@id":"https:\/\/www.campinglesdunes.fr\/en\/activities\/","url":"https:\/\/www.campinglesdunes.fr\/en\/activities\/","name":"Camping activities in Br\u00e9tignolles | What are the activities at the campsite in Br\u00e9tignolles?","isPartOf":{"@id":"https:\/\/www.campinglesdunes.fr\/en\/#website"},"primaryImageOfPage":{"@id":"https:\/\/www.campinglesdunes.fr\/en\/activities\/#primaryimage"},"image":{"@id":"https:\/\/www.campinglesdunes.fr\/en\/activities\/#primaryimage"},"thumbnailUrl":"https:\/\/www.campinglesdunes.fr\/wp-content\/uploads\/2023\/01\/ACTIVITES-1-scaled.jpg","datePublished":"2021-08-24T08:33:49+00:00","dateModified":"2025-01-22T06:02:53+00:00","description":"What to do during your vacation at the 5-star Les Dunes campsite in Br\u00e9tigolles? Discover the activities offered by the Les Dunes campsite in Vend\u00e9e.","breadcrumb":{"@id":"https:\/\/www.campinglesdunes.fr\/en\/activities\/#breadcrumb"},"inLanguage":"en-US","potentialAction":[{"@type":"ReadAction","target":["https:\/\/www.campinglesdunes.fr\/en\/activities\/"]}]},{"@type":"ImageObject","inLanguage":"en-US","@id":"https:\/\/www.campinglesdunes.fr\/en\/activities\/#primaryimage","url":"https:\/\/www.campinglesdunes.fr\/wp-content\/uploads\/2023\/01\/ACTIVITES-1-scaled.jpg","contentUrl":"https:\/\/www.campinglesdunes.fr\/wp-content\/uploads\/2023\/01\/ACTIVITES-1-scaled.jpg","width":"2560","height":"1297"},{"@type":"BreadcrumbList","@id":"https:\/\/www.campinglesdunes.fr\/en\/activities\/#breadcrumb","itemListElement":[{"@type":"ListItem","position":1,"name":"Camping Vend\u00e9e","item":"https:\/\/www.campinglesdunes.fr\/en\/"},{"@type":"ListItem","position":2,"name":"ACTIVITIES"}]},{"@type":"WebSite","@id":"https:\/\/www.campinglesdunes.fr\/en\/#website","url":"https:\/\/www.campinglesdunes.fr\/en\/","name":"Camping des Dunes","description":"Votre camping 5 \u00e9toiles en Vend\u00e9e","publisher":{"@id":"https:\/\/www.campinglesdunes.fr\/en\/#organization"},"potentialAction":[{"@type":"SearchAction","target":{"@type":"EntryPoint","urlTemplate":"https:\/\/www.campinglesdunes.fr\/en\/?s={search_term_string}"},"query-input":{"@type":"PropertyValueSpecification","valueRequired":true,"valueName":"search_term_string"}}],"inLanguage":"en-US"},{"@type":"Organization","@id":"https:\/\/www.campinglesdunes.fr\/en\/#organization","name":"Camping Bretignolles sur Mer en Vend\u00e9e","url":"https:\/\/www.campinglesdunes.fr\/en\/","logo":{"@type":"ImageObject","inLanguage":"en-US","@id":"https:\/\/www.campinglesdunes.fr\/en\/#\/schema\/logo\/image\/","url":"https:\/\/www.campinglesdunes.fr\/wp-content\/uploads\/2022\/06\/logo-4.png","contentUrl":"https:\/\/www.campinglesdunes.fr\/wp-content\/uploads\/2022\/06\/logo-4.png","width":187,"height":80,"caption":"Camping Bretignolles sur Mer en Vend\u00e9e"},"image":{"@id":"https:\/\/www.campinglesdunes.fr\/en\/#\/schema\/logo\/image\/"}}]}},"_links":{"self":[{"href":"https:\/\/www.campinglesdunes.fr\/en\/wp-json\/wp\/v2\/pages\/18715","targetHints":{"allow":["GET"]}}],"collection":[{"href":"https:\/\/www.campinglesdunes.fr\/en\/wp-json\/wp\/v2\/pages"}],"about":[{"href":"https:\/\/www.campinglesdunes.fr\/en\/wp-json\/wp\/v2\/types\/page"}],"author":[{"embeddable":true,"href":"https:\/\/www.campinglesdunes.fr\/en\/wp-json\/wp\/v2\/users\/1"}],"replies":[{"embeddable":true,"href":"https:\/\/www.campinglesdunes.fr\/en\/wp-json\/wp\/v2\/comments?post=18715"}],"version-history":[{"count":0,"href":"https:\/\/www.campinglesdunes.fr\/en\/wp-json\/wp\/v2\/pages\/18715\/revisions"}],"wp:featuredmedia":[{"embeddable":true,"href":"https:\/\/www.campinglesdunes.fr\/en\/wp-json\/wp\/v2\/media\/14424"}],"wp:attachment":[{"href":"https:\/\/www.campinglesdunes.fr\/en\/wp-json\/wp\/v2\/media?parent=18715"}],"curies":[{"name":"wp","href":"https:\/\/api.w.org\/{rel}","templated":true}]}}