{"id":18507,"date":"2021-08-24T10:33:49","date_gmt":"2021-08-24T08:33:49","guid":{"rendered":"https:\/\/www.campinglesdunes.fr\/emplacements\/"},"modified":"2024-06-04T13:36:22","modified_gmt":"2024-06-04T11:36:22","slug":"plaatsen","status":"publish","type":"page","link":"https:\/\/www.campinglesdunes.fr\/nl\/plaatsen\/","title":{"rendered":"RESERVEER MIJN STAANPLAATS"},"content":{"rendered":"<div class=\"bloc-texte full\"><div class=\"texte center\"><p>Ontdek onze campings in de Vend\u00e9e, meer bepaald in Bretignolles-sur-Mer, op een steenworp afstand van de zee. Profiteer van een ideale geografische ligging om vanuit uw tent- of caravancamping in enkele seconden naar het strand te gaan.<br \/>\nOp de camping hebben wij een vijftigtal vrije plaatsen voor tenten, caravans en\/of campers, ongeveer 90m\u00b2, goed aangelegd en omgeven door hagen.<\/p>\n<p>Wij bieden ook staanplaatsen aan met eigen badkamer (doucheruimte en toilet).<\/p>\n<\/div><\/div>\n\n<div class=\"frame\"><script>\r\n    window.ctoutvert = {\r\n\t\tid: 4082, \r\n\t\tlang: 'nl', \r\n\t\turl: 'https:\/\/reservation.secureholiday.net\/widgets\/'\r\n    };\r\n    (function (w, d, s, ctv, r, js, fjs) {\r\n        r=new XMLHttpRequest();r.open('GET',w[ctv].url+'js\/src.json');\r\n        r.responseType='json';r.json=true;r.send();\r\n        r.onload=function(){w[ctv].src=r.responseType=='json'?r.response:JSON.parse(r.response);\r\n        js.src=w[ctv].src[0];fjs.parentNode.insertBefore(js, fjs);}\r\n        js=d.createElement(s),fjs=d.getElementsByTagName(s)[0];\r\n        js.id='ctvwidget';js.async=1;\r\n    }(window, document, 'script', 'ctoutvert'));\r\n<\/script>\r\n<div class=\"ctoutvert\"><ctv-availability data-product-type=\"pitch\" data-background-color=\"#FFFFFFFF\" ><\/ctv-availability><\/div><\/div>\n\n<div class=\"text-image-new style1 image-right background-marron\"><div class=\"text-image-new-colonne\"><H2 class=\"text-image-new-titre\">Kampeerplaats in de Vend\u00e9e voor tenten, caravans en campers<\/H2><div class=\"text-image-new-content\"><p>De staanplaatsen op onze <a href=\"\/nl\/\">camping in de Vend\u00e9e<\/a> zijn allemaal toegankelijk voor mindervaliden en ook onze toiletten zijn toegankelijk. Ze zijn allemaal voorzien van water en elektriciteit.<\/p>\n<p>Het standplaatspakket omvat 2 personen, standplaatshuur, water, elektriciteit en een auto. Ontdek onze verwarmde sanitaire ruimtes inclusief onze familiehutten geschikt voor gezinnen met jonge kinderen.<\/p>\n<p>Door de ligging van de camping (150 meter van het strand) zijn onze plaatsen nogal zanderig.<\/p>\n<\/div><\/div><div class=\"text-image-new-colonne\"><img decoding=\"async\" src=\"https:\/\/www.campinglesdunes.fr\/wp-content\/uploads\/2024\/04\/emplacement-camping-vendee.jpg\" alt=\"Camping in de Vend\u00e9e\" class=\"text-image-new-thumb\" \/><\/div><\/div>\n\n<div class=\"text-image-new style1 image-left\"><div class=\"text-image-new-colonne\"><H2 class=\"text-image-new-titre\">Accommodatievoorwaarden voor verhuur op onze campings in de Vend\u00e9e<\/H2><div class=\"text-image-new-content\"><p>Wij accepteren slechts \u00e9\u00e9n uitrusting per kampeerplaats met een maximum van 7 personen op het perceel, er moet minimaal \u00e9\u00e9n voertuig op het perceel geparkeerd staan.<\/p>\n<p>Voor elke reserveringsaanvraag vult u het reserveringsformulier in, met vermelding van de afmetingen van uw uitrusting.<\/p>\n<p>Na ontvangst van uw formulier met uw aanbetaling nemen wij contact met u op om uw reserveringsaanvraag af te ronden, deze is definitief wanneer u per kerende post of e-mail een reserveringsbevestiging heeft ontvangen.<\/p>\n<p>Om onze beschikbaarheid te kennen, kunt u contact met ons opnemen op 02.51.90.55.32.<\/p>\n<\/div><\/div><div class=\"text-image-new-colonne\"><img decoding=\"async\" src=\"https:\/\/www.campinglesdunes.fr\/wp-content\/uploads\/2024\/04\/camping-vendee-emplacements.jpg\" alt=\"kampeerplaatsen vend\u00e9e\" class=\"text-image-new-thumb\" \/><\/div><\/div>","protected":false},"excerpt":{"rendered":"","protected":false},"author":1,"featured_media":20826,"parent":0,"menu_order":0,"comment_status":"closed","ping_status":"closed","template":"","meta":{"_acf_changed":false,"footnotes":""},"class_list":["post-18507","page","type-page","status-publish","has-post-thumbnail","hentry"],"acf":[],"yoast_head":"<!-- This site is optimized with the Yoast SEO plugin v27.3 - https:\/\/yoast.com\/product\/yoast-seo-wordpress\/ -->\n<title>Camping Vend\u00e9e: staanplaatsen voor tenten en caravans<\/title>\n<meta name=\"description\" content=\"Ontdek onze kampeeraanbiedingen op camping Les Dunes in Br\u00e9tignolles in de Vend\u00e9e. Geniet van een verblijf in een tent of camper in Br\u00e9tignolles.\" \/>\n<meta name=\"robots\" content=\"index, follow, max-snippet:-1, max-image-preview:large, max-video-preview:-1\" \/>\n<link rel=\"canonical\" href=\"https:\/\/www.campinglesdunes.fr\/nl\/plaatsen\/\" \/>\n<meta property=\"og:locale\" content=\"nl_NL\" \/>\n<meta property=\"og:type\" content=\"article\" \/>\n<meta property=\"og:title\" content=\"Camping Vend\u00e9e: staanplaatsen voor tenten en caravans\" \/>\n<meta property=\"og:description\" content=\"Ontdek onze kampeeraanbiedingen op camping Les Dunes in Br\u00e9tignolles in de Vend\u00e9e. Geniet van een verblijf in een tent of camper in Br\u00e9tignolles.\" \/>\n<meta property=\"og:url\" content=\"https:\/\/www.campinglesdunes.fr\/nl\/plaatsen\/\" \/>\n<meta property=\"og:site_name\" content=\"Camping des Dunes\" \/>\n<meta property=\"article:modified_time\" content=\"2024-06-04T11:36:22+00:00\" \/>\n<meta property=\"og:image\" content=\"https:\/\/www.campinglesdunes.fr\/wp-content\/uploads\/2021\/12\/CAMPINGLESDUNES2016_adaudiffret-134-File3462.jpg\" \/>\n\t<meta property=\"og:image:width\" content=\"1500\" \/>\n\t<meta property=\"og:image:height\" content=\"1000\" \/>\n\t<meta property=\"og:image:type\" content=\"image\/jpeg\" \/>\n<meta name=\"twitter:card\" content=\"summary_large_image\" \/>\n<meta name=\"twitter:label1\" content=\"Geschatte leestijd\" \/>\n\t<meta name=\"twitter:data1\" content=\"1 minuut\" \/>\n<script type=\"application\/ld+json\" class=\"yoast-schema-graph\">{\"@context\":\"https:\\\/\\\/schema.org\",\"@graph\":[{\"@type\":\"WebPage\",\"@id\":\"https:\\\/\\\/www.campinglesdunes.fr\\\/nl\\\/plaatsen\\\/\",\"url\":\"https:\\\/\\\/www.campinglesdunes.fr\\\/nl\\\/plaatsen\\\/\",\"name\":\"Camping Vend\u00e9e: staanplaatsen voor tenten en caravans\",\"isPartOf\":{\"@id\":\"https:\\\/\\\/www.campinglesdunes.fr\\\/nl\\\/#website\"},\"primaryImageOfPage\":{\"@id\":\"https:\\\/\\\/www.campinglesdunes.fr\\\/nl\\\/plaatsen\\\/#primaryimage\"},\"image\":{\"@id\":\"https:\\\/\\\/www.campinglesdunes.fr\\\/nl\\\/plaatsen\\\/#primaryimage\"},\"thumbnailUrl\":\"https:\\\/\\\/www.campinglesdunes.fr\\\/wp-content\\\/uploads\\\/2026\\\/01\\\/Photo-2.jpg\",\"datePublished\":\"2021-08-24T08:33:49+00:00\",\"dateModified\":\"2024-06-04T11:36:22+00:00\",\"description\":\"Ontdek onze kampeeraanbiedingen op camping Les Dunes in Br\u00e9tignolles in de Vend\u00e9e. Geniet van een verblijf in een tent of camper in Br\u00e9tignolles.\",\"breadcrumb\":{\"@id\":\"https:\\\/\\\/www.campinglesdunes.fr\\\/nl\\\/plaatsen\\\/#breadcrumb\"},\"inLanguage\":\"nl-NL\",\"potentialAction\":[{\"@type\":\"ReadAction\",\"target\":[\"https:\\\/\\\/www.campinglesdunes.fr\\\/nl\\\/plaatsen\\\/\"]}]},{\"@type\":\"ImageObject\",\"inLanguage\":\"nl-NL\",\"@id\":\"https:\\\/\\\/www.campinglesdunes.fr\\\/nl\\\/plaatsen\\\/#primaryimage\",\"url\":\"https:\\\/\\\/www.campinglesdunes.fr\\\/wp-content\\\/uploads\\\/2026\\\/01\\\/Photo-2.jpg\",\"contentUrl\":\"https:\\\/\\\/www.campinglesdunes.fr\\\/wp-content\\\/uploads\\\/2026\\\/01\\\/Photo-2.jpg\",\"width\":2048,\"height\":1344},{\"@type\":\"BreadcrumbList\",\"@id\":\"https:\\\/\\\/www.campinglesdunes.fr\\\/nl\\\/plaatsen\\\/#breadcrumb\",\"itemListElement\":[{\"@type\":\"ListItem\",\"position\":1,\"name\":\"Camping Vend\u00e9e\",\"item\":\"https:\\\/\\\/www.campinglesdunes.fr\\\/nl\\\/accueil-2\\\/\"},{\"@type\":\"ListItem\",\"position\":2,\"name\":\"Tentencamping\"}]},{\"@type\":\"WebSite\",\"@id\":\"https:\\\/\\\/www.campinglesdunes.fr\\\/nl\\\/#website\",\"url\":\"https:\\\/\\\/www.campinglesdunes.fr\\\/nl\\\/\",\"name\":\"Camping des Dunes\",\"description\":\"Votre camping 5 \u00e9toiles en Vend\u00e9e\",\"publisher\":{\"@id\":\"https:\\\/\\\/www.campinglesdunes.fr\\\/nl\\\/#organization\"},\"potentialAction\":[{\"@type\":\"SearchAction\",\"target\":{\"@type\":\"EntryPoint\",\"urlTemplate\":\"https:\\\/\\\/www.campinglesdunes.fr\\\/nl\\\/?s={search_term_string}\"},\"query-input\":{\"@type\":\"PropertyValueSpecification\",\"valueRequired\":true,\"valueName\":\"search_term_string\"}}],\"inLanguage\":\"nl-NL\"},{\"@type\":\"Organization\",\"@id\":\"https:\\\/\\\/www.campinglesdunes.fr\\\/nl\\\/#organization\",\"name\":\"Camping Bretignolles sur Mer en Vend\u00e9e\",\"url\":\"https:\\\/\\\/www.campinglesdunes.fr\\\/nl\\\/\",\"logo\":{\"@type\":\"ImageObject\",\"inLanguage\":\"nl-NL\",\"@id\":\"https:\\\/\\\/www.campinglesdunes.fr\\\/nl\\\/#\\\/schema\\\/logo\\\/image\\\/\",\"url\":\"https:\\\/\\\/www.campinglesdunes.fr\\\/wp-content\\\/uploads\\\/2022\\\/06\\\/logo-4.png\",\"contentUrl\":\"https:\\\/\\\/www.campinglesdunes.fr\\\/wp-content\\\/uploads\\\/2022\\\/06\\\/logo-4.png\",\"width\":187,\"height\":80,\"caption\":\"Camping Bretignolles sur Mer en Vend\u00e9e\"},\"image\":{\"@id\":\"https:\\\/\\\/www.campinglesdunes.fr\\\/nl\\\/#\\\/schema\\\/logo\\\/image\\\/\"}}]}<\/script>\n<!-- \/ Yoast SEO plugin. -->","yoast_head_json":{"title":"Camping Vend\u00e9e: staanplaatsen voor tenten en caravans","description":"Ontdek onze kampeeraanbiedingen op camping Les Dunes in Br\u00e9tignolles in de Vend\u00e9e. Geniet van een verblijf in een tent of camper in Br\u00e9tignolles.","robots":{"index":"index","follow":"follow","max-snippet":"max-snippet:-1","max-image-preview":"max-image-preview:large","max-video-preview":"max-video-preview:-1"},"canonical":"https:\/\/www.campinglesdunes.fr\/nl\/plaatsen\/","og_locale":"nl_NL","og_type":"article","og_title":"Camping Vend\u00e9e: staanplaatsen voor tenten en caravans","og_description":"Ontdek onze kampeeraanbiedingen op camping Les Dunes in Br\u00e9tignolles in de Vend\u00e9e. Geniet van een verblijf in een tent of camper in Br\u00e9tignolles.","og_url":"https:\/\/www.campinglesdunes.fr\/nl\/plaatsen\/","og_site_name":"Camping des Dunes","article_modified_time":"2024-06-04T11:36:22+00:00","og_image":[{"width":1500,"height":1000,"url":"https:\/\/www.campinglesdunes.fr\/wp-content\/uploads\/2021\/12\/CAMPINGLESDUNES2016_adaudiffret-134-File3462.jpg","type":"image\/jpeg"}],"twitter_card":"summary_large_image","twitter_misc":{"Geschatte leestijd":"1 minuut"},"schema":{"@context":"https:\/\/schema.org","@graph":[{"@type":"WebPage","@id":"https:\/\/www.campinglesdunes.fr\/nl\/plaatsen\/","url":"https:\/\/www.campinglesdunes.fr\/nl\/plaatsen\/","name":"Camping Vend\u00e9e: staanplaatsen voor tenten en caravans","isPartOf":{"@id":"https:\/\/www.campinglesdunes.fr\/nl\/#website"},"primaryImageOfPage":{"@id":"https:\/\/www.campinglesdunes.fr\/nl\/plaatsen\/#primaryimage"},"image":{"@id":"https:\/\/www.campinglesdunes.fr\/nl\/plaatsen\/#primaryimage"},"thumbnailUrl":"https:\/\/www.campinglesdunes.fr\/wp-content\/uploads\/2026\/01\/Photo-2.jpg","datePublished":"2021-08-24T08:33:49+00:00","dateModified":"2024-06-04T11:36:22+00:00","description":"Ontdek onze kampeeraanbiedingen op camping Les Dunes in Br\u00e9tignolles in de Vend\u00e9e. Geniet van een verblijf in een tent of camper in Br\u00e9tignolles.","breadcrumb":{"@id":"https:\/\/www.campinglesdunes.fr\/nl\/plaatsen\/#breadcrumb"},"inLanguage":"nl-NL","potentialAction":[{"@type":"ReadAction","target":["https:\/\/www.campinglesdunes.fr\/nl\/plaatsen\/"]}]},{"@type":"ImageObject","inLanguage":"nl-NL","@id":"https:\/\/www.campinglesdunes.fr\/nl\/plaatsen\/#primaryimage","url":"https:\/\/www.campinglesdunes.fr\/wp-content\/uploads\/2026\/01\/Photo-2.jpg","contentUrl":"https:\/\/www.campinglesdunes.fr\/wp-content\/uploads\/2026\/01\/Photo-2.jpg","width":2048,"height":1344},{"@type":"BreadcrumbList","@id":"https:\/\/www.campinglesdunes.fr\/nl\/plaatsen\/#breadcrumb","itemListElement":[{"@type":"ListItem","position":1,"name":"Camping Vend\u00e9e","item":"https:\/\/www.campinglesdunes.fr\/nl\/accueil-2\/"},{"@type":"ListItem","position":2,"name":"Tentencamping"}]},{"@type":"WebSite","@id":"https:\/\/www.campinglesdunes.fr\/nl\/#website","url":"https:\/\/www.campinglesdunes.fr\/nl\/","name":"Camping des Dunes","description":"Votre camping 5 \u00e9toiles en Vend\u00e9e","publisher":{"@id":"https:\/\/www.campinglesdunes.fr\/nl\/#organization"},"potentialAction":[{"@type":"SearchAction","target":{"@type":"EntryPoint","urlTemplate":"https:\/\/www.campinglesdunes.fr\/nl\/?s={search_term_string}"},"query-input":{"@type":"PropertyValueSpecification","valueRequired":true,"valueName":"search_term_string"}}],"inLanguage":"nl-NL"},{"@type":"Organization","@id":"https:\/\/www.campinglesdunes.fr\/nl\/#organization","name":"Camping Bretignolles sur Mer en Vend\u00e9e","url":"https:\/\/www.campinglesdunes.fr\/nl\/","logo":{"@type":"ImageObject","inLanguage":"nl-NL","@id":"https:\/\/www.campinglesdunes.fr\/nl\/#\/schema\/logo\/image\/","url":"https:\/\/www.campinglesdunes.fr\/wp-content\/uploads\/2022\/06\/logo-4.png","contentUrl":"https:\/\/www.campinglesdunes.fr\/wp-content\/uploads\/2022\/06\/logo-4.png","width":187,"height":80,"caption":"Camping Bretignolles sur Mer en Vend\u00e9e"},"image":{"@id":"https:\/\/www.campinglesdunes.fr\/nl\/#\/schema\/logo\/image\/"}}]}},"_links":{"self":[{"href":"https:\/\/www.campinglesdunes.fr\/nl\/wp-json\/wp\/v2\/pages\/18507","targetHints":{"allow":["GET"]}}],"collection":[{"href":"https:\/\/www.campinglesdunes.fr\/nl\/wp-json\/wp\/v2\/pages"}],"about":[{"href":"https:\/\/www.campinglesdunes.fr\/nl\/wp-json\/wp\/v2\/types\/page"}],"author":[{"embeddable":true,"href":"https:\/\/www.campinglesdunes.fr\/nl\/wp-json\/wp\/v2\/users\/1"}],"replies":[{"embeddable":true,"href":"https:\/\/www.campinglesdunes.fr\/nl\/wp-json\/wp\/v2\/comments?post=18507"}],"version-history":[{"count":2,"href":"https:\/\/www.campinglesdunes.fr\/nl\/wp-json\/wp\/v2\/pages\/18507\/revisions"}],"predecessor-version":[{"id":18515,"href":"https:\/\/www.campinglesdunes.fr\/nl\/wp-json\/wp\/v2\/pages\/18507\/revisions\/18515"}],"wp:featuredmedia":[{"embeddable":true,"href":"https:\/\/www.campinglesdunes.fr\/nl\/wp-json\/wp\/v2\/media\/20826"}],"wp:attachment":[{"href":"https:\/\/www.campinglesdunes.fr\/nl\/wp-json\/wp\/v2\/media?parent=18507"}],"curies":[{"name":"wp","href":"https:\/\/api.w.org\/{rel}","templated":true}]}}