{"id":18650,"date":"2021-11-29T11:33:29","date_gmt":"2021-11-29T10:33:29","guid":{"rendered":"https:\/\/www.campinglesdunes.fr\/camping-parc-aquatique-vendee\/"},"modified":"2026-01-21T11:19:27","modified_gmt":"2026-01-21T10:19:27","slug":"camping-waterpark-vendee","status":"publish","type":"page","link":"https:\/\/www.campinglesdunes.fr\/nl\/camping-waterpark-vendee\/","title":{"rendered":"Camping Vend\u00e9e met waterpark"},"content":{"rendered":"<div class=\"bloc-texte full\"><div class=\"texte center\"><p>Plongez au c\u0153ur des vacances avec le <a href=\"https:\/\/www.campinglesdunes.fr\/\">Camping en Vend\u00e9e Les Dunes,<\/a> notre <strong>camping en Vend\u00e9e avec parc aquatique<\/strong> \u00e0 deux pas de l\u2019oc\u00e9an. Ici, les petits et les grands profitent d\u2019un espace aquatique complet : <strong>piscine chauff\u00e9e, piscine couverte, toboggans aquatiques et pataugeoires<\/strong> pour les enfants.<\/p>\n<p>Vous cherchez un <strong>camping en Vend\u00e9e avec parc aquatique pour conjuguer d\u00e9tente<\/strong>, baignade et rires en famille ? D\u00e9couvrez ce qui fait du <strong>camping Les Dunes<\/strong> le lieu id\u00e9al pour profiter de votre s\u00e9jour !<\/p>\n<\/div><\/div>\n\n<div class=\"text-image-new style1 image-left\"><div class=\"text-image-new-colonne\"><H2 class=\"text-image-new-titre\">Nouveaut\u00e9s 2026 dans notre parc aquatique<\/H2><div class=\"text-image-new-content\"><p>Notre parc aquatique se r\u00e9invente pour offrir encore plus de plaisir et de d\u00e9tente \u00e0 toute la famille :<strong> baln\u00e9o, espace d\u00e9tente, toboggans et pataugeoires.<\/strong><\/p>\n<p>Profitez pleinement des joies de la baignade dans notre camping en Vend\u00e9e gr\u00e2ce \u00e0 nos <strong>bassins<\/strong><br \/>\n<strong>chauff\u00e9s<\/strong> : un <strong>bassin couvert<\/strong> et une <strong>piscine ext\u00e9rieure<\/strong>, accessibles \u00e0 tous, du matin au soir.<br \/>\nL\u2019eau \u00e0 temp\u00e9rature id\u00e9ale permet de <strong>nager, se d\u00e9tendre ou jouer avec les enfants, quelle que soit la<\/strong><br \/>\n<strong>m\u00e9t\u00e9o.<\/strong><\/p>\n<p>Le bassin couvert ouvrira le 12 avril 2026 selon avancement des travaux et restera accessible jusqu\u2019\u00e0 d\u00e9but novembre. La piscine ext\u00e9rieure ouvrira le 15 mai 2026 et vous accueillera jusqu\u2019\u00e0 d\u00e9but<br \/>\nseptembre, selon la m\u00e9t\u00e9o.<\/p>\n<p>S\u00e9journer dans notre camping \u00e0 c\u00f4t\u00e9 des Sables-d\u2019Olonne, c\u2019est la solution parfaite pour profiter \u00e0 la fois d\u2019un espace aquatique complet et des plages vend\u00e9ennes !<\/p>\n<\/div><\/div><div class=\"text-image-new-colonne\"><img decoding=\"async\" src=\"https:\/\/www.campinglesdunes.fr\/wp-content\/uploads\/2026\/01\/Vue-aerienne-exterieur-2.png\" alt=\"parc aquatique camping vend\u00e9e\" class=\"text-image-new-thumb\" \/><\/div><\/div>\n\n<div class=\"text-image-new style1 image-right background-marron\"><div class=\"text-image-new-colonne\"><H2 class=\"text-image-new-titre\">Piscine couverte : profitez de la baignade par tous les temps<\/H2><div class=\"text-image-new-content\"><p>M\u00eame quand le ciel se couvre, le plaisir de l\u2019eau continue au camping Les Dunes. Notre piscine couverte et chauff\u00e9e \u00e0 27\u00b0C vous accueille pour des moments de d\u00e9tente et de bien-\u00eatre en famille.<br \/>\nEn 2026, l\u2019espace int\u00e9rieur \u00e9volue pour encore plus de confort et d\u2019amusement :<\/p>\n<ul>\n<li>Zone baln\u00e9o agrandie avec le remplacement du toboggan par une zone d\u2019hydromassage de 15 places, en compl\u00e9ment du bain bouillonnant actuel.<\/li>\n<li>Espace jeux totalement repens\u00e9, pour des moments encore plus ludiques pour les enfants.<\/li>\n<\/ul>\n<p>Id\u00e9al pour prolonger la saison des baignades, notre camping avec piscine couverte proche de Saint-Gilles-Croix-de-Vie garantit des vacances r\u00e9ussies, quelles que soient les conditions m\u00e9t\u00e9o.<\/p>\n<\/div><\/div><div class=\"text-image-new-colonne\"><img decoding=\"async\" src=\"https:\/\/www.campinglesdunes.fr\/wp-content\/uploads\/2026\/01\/Photo-4-scaled.png\" alt=\"camping vend\u00e9e parc aquatique\" class=\"text-image-new-thumb\" \/><\/div><\/div>\n\n<div class=\"text-image-new style1 image-left\"><div class=\"text-image-new-colonne\"><H2 class=\"text-image-new-titre\">Nouveaux toboggans aquatiques en 2026<\/H2><div class=\"text-image-new-content\"><p>Le complexe aquatique propose d\u00e9sormais trois nouveaux toboggans \u00e0 sensations, install\u00e9s dans l\u2019espace ext\u00e9rieur, pour partager d\u2019agr\u00e9ables moments en famille. Pens\u00e9s pour les amateurs de glisse, ils compl\u00e8tent une offre ludique adapt\u00e9e \u00e0 tous les \u00e2ges.<\/p>\n<p>Dans ce camping avec parc aquatique en Vend\u00e9e, tout est mis en \u0153uvre pour que les vacanciers se sentent parfaitement \u00e0 l\u2019aise durant leur s\u00e9jour dans le Pays de la Loire. Une attention particuli\u00e8re est port\u00e9e aux familles et \u00e0 ce qui peut faire plaisir aux enfants.<\/p>\n<p>Les infrastructures du parc aquatique sont \u00e9galement con\u00e7ues pour les enfants, avec deux pataugeoires ludiques, dont une couverte et une ext\u00e9rieure, \u00e9quip\u00e9es de jeux d\u2019eau, permettant aux plus jeunes de d\u00e9couvrir les plaisirs aquatiques en toute s\u00e9curit\u00e9, quelles que soient les conditions m\u00e9t\u00e9o.<\/p>\n<\/div><\/div><div class=\"text-image-new-colonne\"><img decoding=\"async\" src=\"https:\/\/www.campinglesdunes.fr\/wp-content\/uploads\/2026\/01\/Photo-6.png\" alt=\"toboggans parc aquatique camping vend\u00e9e\" class=\"text-image-new-thumb\" \/><\/div><\/div>\n\n<div class=\"text-image-new style1 image-right background-marron\"><div class=\"text-image-new-colonne\"><H2 class=\"text-image-new-titre\">Pataugeoires : espaces de jeux repens\u00e9s en 2026<\/H2><div class=\"text-image-new-content\"><p>En 2026, notre camping proche de Saint-Gilles-Croix-de-Vie a tout pr\u00e9vu : les pataugeoires int\u00e9rieures et ext\u00e9rieures \u00e9voluent avec des espaces de jeux totalement repens\u00e9s. Des nouvelles structures ludiques, dont celle \u00e0 l\u2019effigie de la mascotte du camping Swaggy, pour encore plus de divertissement et de d\u00e9couvertes autour de l\u2019eau. Id\u00e9al pour initier les tout-petits aux joies de la baignade, notre camping en Vend\u00e9e avec parc aquatique promet de cr\u00e9er de beaux souvenirs en famille.<\/p>\n<h2>Espace d\u00e9tente : profitez du soleil sur les transats autour des piscines<\/h2>\n<p>Apr\u00e8s la baignade, place \u00e0 la d\u00e9tente ! En 2026, les espaces autour des piscines sont repens\u00e9s pour offrir plus de confort et une meilleure exp\u00e9rience au bord de l\u2019eau. Des transats sont dispos\u00e9s tout autour des bassins pour profiter pleinement du soleil vend\u00e9en. Installez-vous confortablement pour lire, bronzer ou simplement savourer un moment de calme entre deux plongeons. De quoi bien profiter de la journ\u00e9e avant de se reposer dans sa <a href=\"https:\/\/www.campinglesdunes.fr\/location-mobil-home-vendee\/\">location de mobil &#8211; home en Vend\u00e9e<\/a>.<\/p>\n<\/div><\/div><div class=\"text-image-new-colonne\"><img decoding=\"async\" src=\"https:\/\/www.campinglesdunes.fr\/wp-content\/uploads\/2026\/01\/Photo-5.png\" alt=\"pataugeoire camping vend\u00e9e\" class=\"text-image-new-thumb\" \/><\/div><\/div>\n\n<div class=\"faq\"><H2>Une question sur notre camping 5 \u00e9toiles avec parc aquatique en Vend\u00e9e ?<\/H2><div class=\"faq-container two-colonne\"><details itemscope itemprop=\"mainEntity\" itemtype=\"https:\/\/schema.org\/Question\"><summary itemprop=\"name\"><span>Quels sont les horaires d\u2019ouverture des piscines ?<\/span><\/summary><div itemscope itemprop=\"acceptedAnswer\" itemtype=\"https:\/\/schema.org\/Answer\"><p>La piscine int\u00e9rieure ouvrira le <strong>12 avril 2026 <\/strong>(selon l\u2019avancement des travaux)<br \/>\nLes bassins seront accessibles tous les jours<\/p>\n<ul>\n<li>de 10h30 \u00e0 20h jusqu\u2019au 30 septembre 2026,<\/li>\n<li>de 10h30 \u00e0 19h du 1er au 25 octobre 2026,<\/li>\n<li>de 10h30 \u00e0 18h du 26 octobre au 1er novembre 2026.<\/li>\n<\/ul>\n<p>La piscine ext\u00e9rieure ouvrira le 15 mai 2026 et les bassins seront accessibles tous les jours de 10h30 \u00e0 20h jusqu\u2019au 7 septembre 2026,<br \/>\n(selon la m\u00e9t\u00e9o).<\/p>\n<\/div><\/details><details itemscope itemprop=\"mainEntity\" itemtype=\"https:\/\/schema.org\/Question\"><summary itemprop=\"name\"><span>L\u2019eau des piscines est-elle chauff\u00e9e ?<\/span><\/summary><div itemscope itemprop=\"acceptedAnswer\" itemtype=\"https:\/\/schema.org\/Answer\"><p>Oui !<\/p>\n<ul>\n<li><strong>L\u2019eau de la piscine couvert<\/strong>e et de sa pataugeoire est chauff\u00e9e \u00e0 <strong>27\u00b0C<\/strong>.<\/li>\n<li>La <strong>piscine ext\u00e9rieure<\/strong> et la pataugeoire ext\u00e9rieure sont chauff\u00e9es \u00e0 <strong>24\u00b0C<\/strong>.<\/li>\n<\/ul>\n<p>&nbsp;<\/p>\n<\/div><\/details><details itemscope itemprop=\"mainEntity\" itemtype=\"https:\/\/schema.org\/Question\"><summary itemprop=\"name\"><span>Comment acc\u00e9der \u00e0 l\u2019espace aquatique ? <\/span><\/summary><div itemscope itemprop=\"acceptedAnswer\" itemtype=\"https:\/\/schema.org\/Answer\"><p>L\u2019acc\u00e8s est <strong>r\u00e9serv\u00e9 aux r\u00e9sidents du camping<\/strong>. Un <strong>bracelet<\/strong> est remis \u00e0 la r\u00e9ception en \u00e9change d\u2019une <strong>caution de 3 \u20ac<\/strong> par bracelet.<\/p>\n<\/div><\/details><details itemscope itemprop=\"mainEntity\" itemtype=\"https:\/\/schema.org\/Question\"><summary itemprop=\"name\"><span>Les shorts de bain sont-ils autoris\u00e9s ?<\/span><\/summary><div itemscope itemprop=\"acceptedAnswer\" itemtype=\"https:\/\/schema.org\/Answer\"><p>Non, les <strong>shorts de bain sont interdits<\/strong> dans l\u2019ensemble du parc aquatique. Seuls les <strong>slips de bain<\/strong> sont autoris\u00e9s, aussi bien dans la piscine couverte que dans la piscine ext\u00e9rieure.<\/p>\n<\/div><\/details><details itemscope itemprop=\"mainEntity\" itemtype=\"https:\/\/schema.org\/Question\"><summary itemprop=\"name\"><span>\u00c0 quelle distance se trouve la plage ?<\/span><\/summary><div itemscope itemprop=\"acceptedAnswer\" itemtype=\"https:\/\/schema.org\/Answer\"><p>Le <strong>Camping Les Dune<\/strong>s est situ\u00e9 \u00e0 <strong>150 m\u00e8tres du littoral<\/strong>, \u00e0 proximit\u00e9 imm\u00e9diate de la <strong>plage de sable fin<\/strong>, proche de <strong>Saint-Hilaire-de-Riez et des Sables-d\u2019Olonne<\/strong>.<\/p>\n<\/div><\/details><details itemscope itemprop=\"mainEntity\" itemtype=\"https:\/\/schema.org\/Question\"><summary itemprop=\"name\"><span>Y a-t-il des activit\u00e9s pour les enfants ?<\/span><\/summary><div itemscope itemprop=\"acceptedAnswer\" itemtype=\"https:\/\/schema.org\/Answer\"><p>Oui, notre camping propose de nombreuses animations familiales et un mini-club avec jeux, ateliers cr\u00e9atifs et chasses au tr\u00e9sor. Les enfants adorent aussi les pataugeoires et les toboggans du parc aquatique !<\/p>\n<\/div><\/details><\/div><\/div>","protected":false},"excerpt":{"rendered":"","protected":false},"author":1,"featured_media":20820,"parent":0,"menu_order":0,"comment_status":"closed","ping_status":"closed","template":"","meta":{"_acf_changed":false,"footnotes":""},"class_list":["post-18650","page","type-page","status-publish","has-post-thumbnail","hentry"],"acf":[],"yoast_head":"<!-- This site is optimized with the Yoast SEO plugin v27.3 - https:\/\/yoast.com\/product\/yoast-seo-wordpress\/ -->\n<title>Waterpark camping Vend\u00e9e: overdekt verwarmd zwembad en waterglijbanen<\/title>\n<meta name=\"description\" content=\"Laat je verleiden tot een kampeervakantie met zwembad op camping Les Dunes in de Vend\u00e9e. Dit 5-sterrenhotel ligt op slechts 150 meter van de kust.\" \/>\n<meta name=\"robots\" content=\"index, follow, max-snippet:-1, max-image-preview:large, max-video-preview:-1\" \/>\n<link rel=\"canonical\" href=\"https:\/\/www.campinglesdunes.fr\/nl\/camping-waterpark-vendee\/\" \/>\n<meta property=\"og:locale\" content=\"nl_NL\" \/>\n<meta property=\"og:type\" content=\"article\" \/>\n<meta property=\"og:title\" content=\"Waterpark camping Vend\u00e9e: overdekt verwarmd zwembad en waterglijbanen\" \/>\n<meta property=\"og:description\" content=\"Laat je verleiden tot een kampeervakantie met zwembad op camping Les Dunes in de Vend\u00e9e. Dit 5-sterrenhotel ligt op slechts 150 meter van de kust.\" \/>\n<meta property=\"og:url\" content=\"https:\/\/www.campinglesdunes.fr\/nl\/camping-waterpark-vendee\/\" \/>\n<meta property=\"og:site_name\" content=\"Camping des Dunes\" \/>\n<meta property=\"article:modified_time\" content=\"2026-01-21T10:19:27+00:00\" \/>\n<meta property=\"og:image\" content=\"https:\/\/www.campinglesdunes.fr\/wp-content\/uploads\/2026\/01\/Photo-3-1024x569.png\" \/>\n\t<meta property=\"og:image:width\" content=\"1024\" \/>\n\t<meta property=\"og:image:height\" content=\"569\" \/>\n\t<meta property=\"og:image:type\" content=\"image\/png\" \/>\n<meta name=\"twitter:card\" content=\"summary_large_image\" \/>\n<meta name=\"twitter:label1\" content=\"Geschatte leestijd\" \/>\n\t<meta name=\"twitter:data1\" content=\"1 minuut\" \/>\n<script type=\"application\/ld+json\" class=\"yoast-schema-graph\">{\"@context\":\"https:\\\/\\\/schema.org\",\"@graph\":[{\"@type\":\"WebPage\",\"@id\":\"https:\\\/\\\/www.campinglesdunes.fr\\\/nl\\\/camping-waterpark-vendee\\\/\",\"url\":\"https:\\\/\\\/www.campinglesdunes.fr\\\/nl\\\/camping-waterpark-vendee\\\/\",\"name\":\"Waterpark camping Vend\u00e9e: overdekt verwarmd zwembad en waterglijbanen\",\"isPartOf\":{\"@id\":\"https:\\\/\\\/www.campinglesdunes.fr\\\/nl\\\/#website\"},\"primaryImageOfPage\":{\"@id\":\"https:\\\/\\\/www.campinglesdunes.fr\\\/nl\\\/camping-waterpark-vendee\\\/#primaryimage\"},\"image\":{\"@id\":\"https:\\\/\\\/www.campinglesdunes.fr\\\/nl\\\/camping-waterpark-vendee\\\/#primaryimage\"},\"thumbnailUrl\":\"https:\\\/\\\/www.campinglesdunes.fr\\\/wp-content\\\/uploads\\\/2026\\\/01\\\/Photo-3.png\",\"datePublished\":\"2021-11-29T10:33:29+00:00\",\"dateModified\":\"2026-01-21T10:19:27+00:00\",\"description\":\"Laat je verleiden tot een kampeervakantie met zwembad op camping Les Dunes in de Vend\u00e9e. Dit 5-sterrenhotel ligt op slechts 150 meter van de kust.\",\"breadcrumb\":{\"@id\":\"https:\\\/\\\/www.campinglesdunes.fr\\\/nl\\\/camping-waterpark-vendee\\\/#breadcrumb\"},\"inLanguage\":\"nl-NL\",\"potentialAction\":[{\"@type\":\"ReadAction\",\"target\":[\"https:\\\/\\\/www.campinglesdunes.fr\\\/nl\\\/camping-waterpark-vendee\\\/\"]}]},{\"@type\":\"ImageObject\",\"inLanguage\":\"nl-NL\",\"@id\":\"https:\\\/\\\/www.campinglesdunes.fr\\\/nl\\\/camping-waterpark-vendee\\\/#primaryimage\",\"url\":\"https:\\\/\\\/www.campinglesdunes.fr\\\/wp-content\\\/uploads\\\/2026\\\/01\\\/Photo-3.png\",\"contentUrl\":\"https:\\\/\\\/www.campinglesdunes.fr\\\/wp-content\\\/uploads\\\/2026\\\/01\\\/Photo-3.png\",\"width\":2543,\"height\":1412},{\"@type\":\"BreadcrumbList\",\"@id\":\"https:\\\/\\\/www.campinglesdunes.fr\\\/nl\\\/camping-waterpark-vendee\\\/#breadcrumb\",\"itemListElement\":[{\"@type\":\"ListItem\",\"position\":1,\"name\":\"Camping Vend\u00e9e\",\"item\":\"https:\\\/\\\/www.campinglesdunes.fr\\\/nl\\\/accueil-2\\\/\"},{\"@type\":\"ListItem\",\"position\":2,\"name\":\"Camping Vend\u00e9e met waterpark\"}]},{\"@type\":\"WebSite\",\"@id\":\"https:\\\/\\\/www.campinglesdunes.fr\\\/nl\\\/#website\",\"url\":\"https:\\\/\\\/www.campinglesdunes.fr\\\/nl\\\/\",\"name\":\"Camping des Dunes\",\"description\":\"Votre camping 5 \u00e9toiles en Vend\u00e9e\",\"publisher\":{\"@id\":\"https:\\\/\\\/www.campinglesdunes.fr\\\/nl\\\/#organization\"},\"potentialAction\":[{\"@type\":\"SearchAction\",\"target\":{\"@type\":\"EntryPoint\",\"urlTemplate\":\"https:\\\/\\\/www.campinglesdunes.fr\\\/nl\\\/?s={search_term_string}\"},\"query-input\":{\"@type\":\"PropertyValueSpecification\",\"valueRequired\":true,\"valueName\":\"search_term_string\"}}],\"inLanguage\":\"nl-NL\"},{\"@type\":\"Organization\",\"@id\":\"https:\\\/\\\/www.campinglesdunes.fr\\\/nl\\\/#organization\",\"name\":\"Camping Bretignolles sur Mer en Vend\u00e9e\",\"url\":\"https:\\\/\\\/www.campinglesdunes.fr\\\/nl\\\/\",\"logo\":{\"@type\":\"ImageObject\",\"inLanguage\":\"nl-NL\",\"@id\":\"https:\\\/\\\/www.campinglesdunes.fr\\\/nl\\\/#\\\/schema\\\/logo\\\/image\\\/\",\"url\":\"https:\\\/\\\/www.campinglesdunes.fr\\\/wp-content\\\/uploads\\\/2022\\\/06\\\/logo-4.png\",\"contentUrl\":\"https:\\\/\\\/www.campinglesdunes.fr\\\/wp-content\\\/uploads\\\/2022\\\/06\\\/logo-4.png\",\"width\":187,\"height\":80,\"caption\":\"Camping Bretignolles sur Mer en Vend\u00e9e\"},\"image\":{\"@id\":\"https:\\\/\\\/www.campinglesdunes.fr\\\/nl\\\/#\\\/schema\\\/logo\\\/image\\\/\"}}]}<\/script>\n<!-- \/ Yoast SEO plugin. -->","yoast_head_json":{"title":"Waterpark camping Vend\u00e9e: overdekt verwarmd zwembad en waterglijbanen","description":"Laat je verleiden tot een kampeervakantie met zwembad op camping Les Dunes in de Vend\u00e9e. Dit 5-sterrenhotel ligt op slechts 150 meter van de kust.","robots":{"index":"index","follow":"follow","max-snippet":"max-snippet:-1","max-image-preview":"max-image-preview:large","max-video-preview":"max-video-preview:-1"},"canonical":"https:\/\/www.campinglesdunes.fr\/nl\/camping-waterpark-vendee\/","og_locale":"nl_NL","og_type":"article","og_title":"Waterpark camping Vend\u00e9e: overdekt verwarmd zwembad en waterglijbanen","og_description":"Laat je verleiden tot een kampeervakantie met zwembad op camping Les Dunes in de Vend\u00e9e. Dit 5-sterrenhotel ligt op slechts 150 meter van de kust.","og_url":"https:\/\/www.campinglesdunes.fr\/nl\/camping-waterpark-vendee\/","og_site_name":"Camping des Dunes","article_modified_time":"2026-01-21T10:19:27+00:00","og_image":[{"width":1024,"height":569,"url":"https:\/\/www.campinglesdunes.fr\/wp-content\/uploads\/2026\/01\/Photo-3-1024x569.png","type":"image\/png"}],"twitter_card":"summary_large_image","twitter_misc":{"Geschatte leestijd":"1 minuut"},"schema":{"@context":"https:\/\/schema.org","@graph":[{"@type":"WebPage","@id":"https:\/\/www.campinglesdunes.fr\/nl\/camping-waterpark-vendee\/","url":"https:\/\/www.campinglesdunes.fr\/nl\/camping-waterpark-vendee\/","name":"Waterpark camping Vend\u00e9e: overdekt verwarmd zwembad en waterglijbanen","isPartOf":{"@id":"https:\/\/www.campinglesdunes.fr\/nl\/#website"},"primaryImageOfPage":{"@id":"https:\/\/www.campinglesdunes.fr\/nl\/camping-waterpark-vendee\/#primaryimage"},"image":{"@id":"https:\/\/www.campinglesdunes.fr\/nl\/camping-waterpark-vendee\/#primaryimage"},"thumbnailUrl":"https:\/\/www.campinglesdunes.fr\/wp-content\/uploads\/2026\/01\/Photo-3.png","datePublished":"2021-11-29T10:33:29+00:00","dateModified":"2026-01-21T10:19:27+00:00","description":"Laat je verleiden tot een kampeervakantie met zwembad op camping Les Dunes in de Vend\u00e9e. Dit 5-sterrenhotel ligt op slechts 150 meter van de kust.","breadcrumb":{"@id":"https:\/\/www.campinglesdunes.fr\/nl\/camping-waterpark-vendee\/#breadcrumb"},"inLanguage":"nl-NL","potentialAction":[{"@type":"ReadAction","target":["https:\/\/www.campinglesdunes.fr\/nl\/camping-waterpark-vendee\/"]}]},{"@type":"ImageObject","inLanguage":"nl-NL","@id":"https:\/\/www.campinglesdunes.fr\/nl\/camping-waterpark-vendee\/#primaryimage","url":"https:\/\/www.campinglesdunes.fr\/wp-content\/uploads\/2026\/01\/Photo-3.png","contentUrl":"https:\/\/www.campinglesdunes.fr\/wp-content\/uploads\/2026\/01\/Photo-3.png","width":2543,"height":1412},{"@type":"BreadcrumbList","@id":"https:\/\/www.campinglesdunes.fr\/nl\/camping-waterpark-vendee\/#breadcrumb","itemListElement":[{"@type":"ListItem","position":1,"name":"Camping Vend\u00e9e","item":"https:\/\/www.campinglesdunes.fr\/nl\/accueil-2\/"},{"@type":"ListItem","position":2,"name":"Camping Vend\u00e9e met waterpark"}]},{"@type":"WebSite","@id":"https:\/\/www.campinglesdunes.fr\/nl\/#website","url":"https:\/\/www.campinglesdunes.fr\/nl\/","name":"Camping des Dunes","description":"Votre camping 5 \u00e9toiles en Vend\u00e9e","publisher":{"@id":"https:\/\/www.campinglesdunes.fr\/nl\/#organization"},"potentialAction":[{"@type":"SearchAction","target":{"@type":"EntryPoint","urlTemplate":"https:\/\/www.campinglesdunes.fr\/nl\/?s={search_term_string}"},"query-input":{"@type":"PropertyValueSpecification","valueRequired":true,"valueName":"search_term_string"}}],"inLanguage":"nl-NL"},{"@type":"Organization","@id":"https:\/\/www.campinglesdunes.fr\/nl\/#organization","name":"Camping Bretignolles sur Mer en Vend\u00e9e","url":"https:\/\/www.campinglesdunes.fr\/nl\/","logo":{"@type":"ImageObject","inLanguage":"nl-NL","@id":"https:\/\/www.campinglesdunes.fr\/nl\/#\/schema\/logo\/image\/","url":"https:\/\/www.campinglesdunes.fr\/wp-content\/uploads\/2022\/06\/logo-4.png","contentUrl":"https:\/\/www.campinglesdunes.fr\/wp-content\/uploads\/2022\/06\/logo-4.png","width":187,"height":80,"caption":"Camping Bretignolles sur Mer en Vend\u00e9e"},"image":{"@id":"https:\/\/www.campinglesdunes.fr\/nl\/#\/schema\/logo\/image\/"}}]}},"_links":{"self":[{"href":"https:\/\/www.campinglesdunes.fr\/nl\/wp-json\/wp\/v2\/pages\/18650","targetHints":{"allow":["GET"]}}],"collection":[{"href":"https:\/\/www.campinglesdunes.fr\/nl\/wp-json\/wp\/v2\/pages"}],"about":[{"href":"https:\/\/www.campinglesdunes.fr\/nl\/wp-json\/wp\/v2\/types\/page"}],"author":[{"embeddable":true,"href":"https:\/\/www.campinglesdunes.fr\/nl\/wp-json\/wp\/v2\/users\/1"}],"replies":[{"embeddable":true,"href":"https:\/\/www.campinglesdunes.fr\/nl\/wp-json\/wp\/v2\/comments?post=18650"}],"version-history":[{"count":10,"href":"https:\/\/www.campinglesdunes.fr\/nl\/wp-json\/wp\/v2\/pages\/18650\/revisions"}],"predecessor-version":[{"id":20855,"href":"https:\/\/www.campinglesdunes.fr\/nl\/wp-json\/wp\/v2\/pages\/18650\/revisions\/20855"}],"wp:featuredmedia":[{"embeddable":true,"href":"https:\/\/www.campinglesdunes.fr\/nl\/wp-json\/wp\/v2\/media\/20820"}],"wp:attachment":[{"href":"https:\/\/www.campinglesdunes.fr\/nl\/wp-json\/wp\/v2\/media?parent=18650"}],"curies":[{"name":"wp","href":"https:\/\/api.w.org\/{rel}","templated":true}]}}