{"id":18714,"date":"2021-08-24T10:33:49","date_gmt":"2021-08-24T08:33:49","guid":{"rendered":"https:\/\/www.campinglesdunes.fr\/activites\/"},"modified":"2024-06-04T16:38:53","modified_gmt":"2024-06-04T14:38:53","slug":"activiteiten","status":"publish","type":"page","link":"https:\/\/www.campinglesdunes.fr\/nl\/activiteiten\/","title":{"rendered":"ACTIVITEITEN"},"content":{"rendered":"<div class=\"bloc-texte full\"><div class=\"texte center\"><h2>Kampeeractiviteiten die u kunt doen tijdens uw vakantie in de Vend\u00e9e<\/h2>\n<p>Op Camping Les Dunes, een camping aan zee in de Vend\u00e9e, kunt u tijdens uw vakantie tal van activiteiten ondernemen: tennis, minigolf, jeu de boules, tafeltennis, enz. Geniet ook van het multisportterrein en de speelplaatsen voor de kinderen.Het hele campingteam biedt bovendien overdag en &#8217;s avonds entertainment voor alle leeftijden.<\/p>\n<\/div><\/div>\n\n<div class=\"text-image-new style1 image-left\"><div class=\"text-image-new-colonne\"><H2 class=\"text-image-new-titre\">Speelplekken voor kinderen<\/H2><div class=\"text-image-new-content\"><p>De kinderspeelplaatsen zijn toegankelijk van 9.00 tot 20.00 uur. Er zijn twee speelplekken toegankelijk. E\u00e9n bevindt zich vlakbij de ingang van de camping en biedt twee glijbanen, een hangbrug, een klimnet en een knikkerspel.<\/p>\n<p>Twee nieuwe speelplekken in het midden van de camping zullen kinderen van alle leeftijden tijdens de vakantie verrukken. De eerste voor kinderen van 4 tot 12 jaar met een nestschommel, een grote kleurrijke constructie met onder meer buisglijbanen, netten, hangbrug, schuifbalk&#8230;<br \/>\nDe tweede voor pitchouns van 1 tot 3 jaar oud, bestaande uit verschillende spellen: tourniquet, glijbaan, tunnel, cabine, enz.<\/p>\n<p>Kinderen moeten er echter onder begeleiding toegang toe krijgen en moeten onder toezicht van hun ouders blijven.<\/p>\n<\/div><\/div><div class=\"text-image-new-colonne\"><img decoding=\"async\" src=\"https:\/\/www.campinglesdunes.fr\/wp-content\/uploads\/2024\/04\/aire-de-jeux-camping-les-dunes.jpg\" alt=\"speeltuin camping les dunes\" class=\"text-image-new-thumb\" \/><\/div><\/div>\n\n<div class=\"text-image-new style1 image-right background-marron\"><div class=\"text-image-new-colonne\"><H2 class=\"text-image-new-titre\">Multisportveld<\/H2><div class=\"text-image-new-content\"><p>De tennisbaan, jeu de boulesbanen, tafeltennistafels en minigolf staan \u200b\u200btot uw beschikking.<\/p>\n<p>Het Multisportsveld is het ontmoetingspunt voor liefhebbers van voetbal, basketbal, handbal, volleybal&#8230; Het is op elk moment van de dag toegankelijk, maar &#8217;s avonds is het veld niet verlicht. De sportbegeleider biedt u in juli en augustus tal van toernooien aan.<\/p>\n<p>Naast het multisportterrein vindt u een beachvolleybalveld.<\/p>\n<p>Ballonnen zijn verkrijgbaar bij de receptie.<\/p>\n<\/div><\/div><div class=\"text-image-new-colonne\"><img decoding=\"async\" src=\"https:\/\/www.campinglesdunes.fr\/wp-content\/uploads\/2024\/04\/terrain-multisport-camping-les-dunes.jpg\" alt=\"multisportveld camping les dunes\" class=\"text-image-new-thumb\" \/><\/div><\/div>\n\n<div class=\"text-image-new style1 image-left\"><div class=\"text-image-new-colonne\"><H2 class=\"text-image-new-titre\">Tennis<\/H2><div class=\"text-image-new-content\"><p>De tennisbaan, jeu de boulesbanen, tafeltennistafels en minigolf staan \u200b\u200btot uw beschikking.<\/p>\n<p>Profiteer van uw vrije tijd om een \u200b\u200bpartijtje tennis te spelen. De tennisbaan van de camping is toegankelijk tijdens de openingstijden van de receptie.<\/p>\n<p>Praktische informatie :<\/p>\n<p>Het is noodzakelijk om de tennisbaan bij de receptie te reserveren. De toegang is gratis van 1 april tot 30 juni en van 1 september tot 11 november. Het is betaalbaar van 1 juli tot en met 31 augustus, d.w.z. \u20ac 5 per uur voor baanhuur. Apparatuur is tegen een borg verkrijgbaar bij de receptie.<\/p>\n<\/div><\/div><div class=\"text-image-new-colonne\"><img decoding=\"async\" src=\"https:\/\/www.campinglesdunes.fr\/wp-content\/uploads\/2024\/04\/terrain-tennis-camping-les-dunes.jpg\" alt=\"tennisbaan camping les dunes\" class=\"text-image-new-thumb\" \/><\/div><\/div>\n\n<div class=\"text-image-new style1 image-right background-marron\"><div class=\"text-image-new-colonne\"><H2 class=\"text-image-new-titre\">Minigolf<\/H2><div class=\"text-image-new-content\"><p>Een prachtig aangelegde minigolfbaan met als thema de Vend\u00e9e zal jong en oud bekoren.<\/p>\n<p>Onze minigolfbaan heeft 18 holes. Het is toegankelijk tijdens de openingstijden van de receptie. De toegang is gratis van 1 april tot 30 juni en van 1 september tot 11 november. Het is betaalbaar van 1 juli tot 31 augustus, d.w.z. \u20ac 2 per spel (ongeveer 2 uur) per persoon ouder dan 7 jaar.<\/p>\n<p>De apparatuur is verkrijgbaar bij de receptie.<\/p>\n<\/div><\/div><div class=\"text-image-new-colonne\"><img decoding=\"async\" src=\"https:\/\/www.campinglesdunes.fr\/wp-content\/uploads\/2024\/04\/minigolf-camping-les-dunes.jpg\" alt=\"minigolf kamperen in de duinen\" class=\"text-image-new-thumb\" \/><\/div><\/div>\n\n<div class=\"text-image-new style1 image-left\"><div class=\"text-image-new-colonne\"><H2 class=\"text-image-new-titre\">De petanquebaan<\/H2><div class=\"text-image-new-content\"><p>De tennisbaan, jeu de boulesbanen, tafeltennistafels en minigolf staan \u200b\u200btot uw beschikking.<\/p>\n<p>Om er veilig van te kunnen genieten, vragen wij u de regels van fysieke afstand te respecteren.<\/p>\n<p>\u201cEen spelletje jeu de boules is leuk!\u00bb<\/p>\n<p>De jeu de boulesbaan is voor iedereen op elk moment van de dag toegankelijk. Het veld is echter &#8217;s avonds niet verlicht. In juli en augustus worden er wedstrijden georganiseerd door de bowlers zelf of door de campingleiders. Ga dus gezellig naar de jeu de boulesbaan!<\/p>\n<\/div><\/div><div class=\"text-image-new-colonne\"><img decoding=\"async\" src=\"https:\/\/www.campinglesdunes.fr\/wp-content\/uploads\/2024\/04\/petanque-camping-les-dunes.jpg\" alt=\"petanquecamping de duinen\" class=\"text-image-new-thumb\" \/><\/div><\/div>\n\n<div class=\"text-image-new style1 image-right background-marron\"><div class=\"text-image-new-colonne\"><H2 class=\"text-image-new-titre\">Pingpongtafels<\/H2><div class=\"text-image-new-content\"><p>Op de camping zijn pingpongtafels aanwezig. Bij de receptie kunt u apparatuur lenen.<\/p>\n<\/div><\/div><div class=\"text-image-new-colonne\"><img decoding=\"async\" src=\"https:\/\/www.campinglesdunes.fr\/wp-content\/uploads\/2024\/04\/ping-pong-camping-les-dunes.jpg\" alt=\"pingpong kamperen in de duinen\" class=\"text-image-new-thumb\" \/><\/div><\/div>\n\n<div class=\"liste-de-page-home\"><h2 class=\"liste-de-page-home-titre\">Boek uw verblijf op camping Les Dunes!<\/h2><ul class=\"liste-de-page-articles\"><li><a href=\"https:\/\/www.campinglesdunes.fr\/nl\/nieuws\/de-mooiste-markten-van-vendee\/\"><div class=\"cta-img\"><img decoding=\"async\" src=\"https:\/\/www.campinglesdunes.fr\/wp-content\/uploads\/2021\/12\/BLOG-1-1-scaled.jpg\" alt=\"\"><\/div><div class=\"cta-titre\">De mooiste markten in de Vend\u00e9e<\/div><\/a><\/li><li><a href=\"https:\/\/www.campinglesdunes.fr\/nl\/nieuws\/ontdek-het-puy-du-fou-park\/\"><div class=\"cta-img\"><img decoding=\"async\" src=\"https:\/\/www.campinglesdunes.fr\/wp-content\/uploads\/2021\/12\/feux-follets-puy-du-fou.png\" alt=\"\"><\/div><div class=\"cta-titre\">Ontdek het Puy du Fou-park<\/div><\/a><\/li><\/ul><\/div>","protected":false},"excerpt":{"rendered":"","protected":false},"author":1,"featured_media":14423,"parent":0,"menu_order":0,"comment_status":"closed","ping_status":"closed","template":"","meta":{"_acf_changed":false,"footnotes":""},"class_list":["post-18714","page","type-page","status-publish","has-post-thumbnail","hentry"],"acf":[],"yoast_head":"<!-- This site is optimized with the Yoast SEO plugin v27.3 - https:\/\/yoast.com\/product\/yoast-seo-wordpress\/ -->\n<title>Kampeeractiviteiten in Br\u00e9tignolles | Wat zijn de activiteiten op de camping in Br\u00e9tignolles?<\/title>\n<meta name=\"description\" content=\"Wat te doen tijdens uw vakantie op 5-sterren camping Les Dunes in Br\u00e9tigolles? Ontdek de activiteiten aangeboden door camping Les Dunes in de Vend\u00e9e.\" \/>\n<meta name=\"robots\" content=\"index, follow, max-snippet:-1, max-image-preview:large, max-video-preview:-1\" \/>\n<link rel=\"canonical\" href=\"https:\/\/www.campinglesdunes.fr\/nl\/activiteiten\/\" \/>\n<meta property=\"og:locale\" content=\"nl_NL\" \/>\n<meta property=\"og:type\" content=\"article\" \/>\n<meta property=\"og:title\" content=\"Kampeeractiviteiten in Br\u00e9tignolles | Wat zijn de activiteiten op de camping in Br\u00e9tignolles?\" \/>\n<meta property=\"og:description\" content=\"Wat te doen tijdens uw vakantie op 5-sterren camping Les Dunes in Br\u00e9tigolles? Ontdek de activiteiten aangeboden door camping Les Dunes in de Vend\u00e9e.\" \/>\n<meta property=\"og:url\" content=\"https:\/\/www.campinglesdunes.fr\/nl\/activiteiten\/\" \/>\n<meta property=\"og:site_name\" content=\"Camping des Dunes\" \/>\n<meta property=\"article:modified_time\" content=\"2024-06-04T14:38:53+00:00\" \/>\n<meta property=\"og:image\" content=\"https:\/\/www.campinglesdunes.fr\/wp-content\/uploads\/2023\/01\/ACTIVITES-1-scaled.jpg\" \/>\n\t<meta property=\"og:image:width\" content=\"2560\" \/>\n\t<meta property=\"og:image:height\" content=\"1297\" \/>\n\t<meta property=\"og:image:type\" content=\"image\/jpeg\" \/>\n<meta name=\"twitter:card\" content=\"summary_large_image\" \/>\n<meta name=\"twitter:label1\" content=\"Geschatte leestijd\" \/>\n\t<meta name=\"twitter:data1\" content=\"1 minuut\" \/>\n<script type=\"application\/ld+json\" class=\"yoast-schema-graph\">{\"@context\":\"https:\\\/\\\/schema.org\",\"@graph\":[{\"@type\":\"WebPage\",\"@id\":\"https:\\\/\\\/www.campinglesdunes.fr\\\/nl\\\/activiteiten\\\/\",\"url\":\"https:\\\/\\\/www.campinglesdunes.fr\\\/nl\\\/activiteiten\\\/\",\"name\":\"Kampeeractiviteiten in Br\u00e9tignolles | Wat zijn de activiteiten op de camping in Br\u00e9tignolles?\",\"isPartOf\":{\"@id\":\"https:\\\/\\\/www.campinglesdunes.fr\\\/nl\\\/#website\"},\"primaryImageOfPage\":{\"@id\":\"https:\\\/\\\/www.campinglesdunes.fr\\\/nl\\\/activiteiten\\\/#primaryimage\"},\"image\":{\"@id\":\"https:\\\/\\\/www.campinglesdunes.fr\\\/nl\\\/activiteiten\\\/#primaryimage\"},\"thumbnailUrl\":\"https:\\\/\\\/www.campinglesdunes.fr\\\/wp-content\\\/uploads\\\/2023\\\/01\\\/ACTIVITES-1-scaled.jpg\",\"datePublished\":\"2021-08-24T08:33:49+00:00\",\"dateModified\":\"2024-06-04T14:38:53+00:00\",\"description\":\"Wat te doen tijdens uw vakantie op 5-sterren camping Les Dunes in Br\u00e9tigolles? Ontdek de activiteiten aangeboden door camping Les Dunes in de Vend\u00e9e.\",\"breadcrumb\":{\"@id\":\"https:\\\/\\\/www.campinglesdunes.fr\\\/nl\\\/activiteiten\\\/#breadcrumb\"},\"inLanguage\":\"nl-NL\",\"potentialAction\":[{\"@type\":\"ReadAction\",\"target\":[\"https:\\\/\\\/www.campinglesdunes.fr\\\/nl\\\/activiteiten\\\/\"]}]},{\"@type\":\"ImageObject\",\"inLanguage\":\"nl-NL\",\"@id\":\"https:\\\/\\\/www.campinglesdunes.fr\\\/nl\\\/activiteiten\\\/#primaryimage\",\"url\":\"https:\\\/\\\/www.campinglesdunes.fr\\\/wp-content\\\/uploads\\\/2023\\\/01\\\/ACTIVITES-1-scaled.jpg\",\"contentUrl\":\"https:\\\/\\\/www.campinglesdunes.fr\\\/wp-content\\\/uploads\\\/2023\\\/01\\\/ACTIVITES-1-scaled.jpg\",\"width\":\"2560\",\"height\":\"1297\"},{\"@type\":\"BreadcrumbList\",\"@id\":\"https:\\\/\\\/www.campinglesdunes.fr\\\/nl\\\/activiteiten\\\/#breadcrumb\",\"itemListElement\":[{\"@type\":\"ListItem\",\"position\":1,\"name\":\"Camping Vend\u00e9e\",\"item\":\"https:\\\/\\\/www.campinglesdunes.fr\\\/nl\\\/accueil-2\\\/\"},{\"@type\":\"ListItem\",\"position\":2,\"name\":\"ACTIVITEITEN\"}]},{\"@type\":\"WebSite\",\"@id\":\"https:\\\/\\\/www.campinglesdunes.fr\\\/nl\\\/#website\",\"url\":\"https:\\\/\\\/www.campinglesdunes.fr\\\/nl\\\/\",\"name\":\"Camping des Dunes\",\"description\":\"Votre camping 5 \u00e9toiles en Vend\u00e9e\",\"publisher\":{\"@id\":\"https:\\\/\\\/www.campinglesdunes.fr\\\/nl\\\/#organization\"},\"potentialAction\":[{\"@type\":\"SearchAction\",\"target\":{\"@type\":\"EntryPoint\",\"urlTemplate\":\"https:\\\/\\\/www.campinglesdunes.fr\\\/nl\\\/?s={search_term_string}\"},\"query-input\":{\"@type\":\"PropertyValueSpecification\",\"valueRequired\":true,\"valueName\":\"search_term_string\"}}],\"inLanguage\":\"nl-NL\"},{\"@type\":\"Organization\",\"@id\":\"https:\\\/\\\/www.campinglesdunes.fr\\\/nl\\\/#organization\",\"name\":\"Camping Bretignolles sur Mer en Vend\u00e9e\",\"url\":\"https:\\\/\\\/www.campinglesdunes.fr\\\/nl\\\/\",\"logo\":{\"@type\":\"ImageObject\",\"inLanguage\":\"nl-NL\",\"@id\":\"https:\\\/\\\/www.campinglesdunes.fr\\\/nl\\\/#\\\/schema\\\/logo\\\/image\\\/\",\"url\":\"https:\\\/\\\/www.campinglesdunes.fr\\\/wp-content\\\/uploads\\\/2022\\\/06\\\/logo-4.png\",\"contentUrl\":\"https:\\\/\\\/www.campinglesdunes.fr\\\/wp-content\\\/uploads\\\/2022\\\/06\\\/logo-4.png\",\"width\":187,\"height\":80,\"caption\":\"Camping Bretignolles sur Mer en Vend\u00e9e\"},\"image\":{\"@id\":\"https:\\\/\\\/www.campinglesdunes.fr\\\/nl\\\/#\\\/schema\\\/logo\\\/image\\\/\"}}]}<\/script>\n<!-- \/ Yoast SEO plugin. -->","yoast_head_json":{"title":"Kampeeractiviteiten in Br\u00e9tignolles | Wat zijn de activiteiten op de camping in Br\u00e9tignolles?","description":"Wat te doen tijdens uw vakantie op 5-sterren camping Les Dunes in Br\u00e9tigolles? Ontdek de activiteiten aangeboden door camping Les Dunes in de Vend\u00e9e.","robots":{"index":"index","follow":"follow","max-snippet":"max-snippet:-1","max-image-preview":"max-image-preview:large","max-video-preview":"max-video-preview:-1"},"canonical":"https:\/\/www.campinglesdunes.fr\/nl\/activiteiten\/","og_locale":"nl_NL","og_type":"article","og_title":"Kampeeractiviteiten in Br\u00e9tignolles | Wat zijn de activiteiten op de camping in Br\u00e9tignolles?","og_description":"Wat te doen tijdens uw vakantie op 5-sterren camping Les Dunes in Br\u00e9tigolles? Ontdek de activiteiten aangeboden door camping Les Dunes in de Vend\u00e9e.","og_url":"https:\/\/www.campinglesdunes.fr\/nl\/activiteiten\/","og_site_name":"Camping des Dunes","article_modified_time":"2024-06-04T14:38:53+00:00","og_image":[{"width":2560,"height":1297,"url":"https:\/\/www.campinglesdunes.fr\/wp-content\/uploads\/2023\/01\/ACTIVITES-1-scaled.jpg","type":"image\/jpeg"}],"twitter_card":"summary_large_image","twitter_misc":{"Geschatte leestijd":"1 minuut"},"schema":{"@context":"https:\/\/schema.org","@graph":[{"@type":"WebPage","@id":"https:\/\/www.campinglesdunes.fr\/nl\/activiteiten\/","url":"https:\/\/www.campinglesdunes.fr\/nl\/activiteiten\/","name":"Kampeeractiviteiten in Br\u00e9tignolles | Wat zijn de activiteiten op de camping in Br\u00e9tignolles?","isPartOf":{"@id":"https:\/\/www.campinglesdunes.fr\/nl\/#website"},"primaryImageOfPage":{"@id":"https:\/\/www.campinglesdunes.fr\/nl\/activiteiten\/#primaryimage"},"image":{"@id":"https:\/\/www.campinglesdunes.fr\/nl\/activiteiten\/#primaryimage"},"thumbnailUrl":"https:\/\/www.campinglesdunes.fr\/wp-content\/uploads\/2023\/01\/ACTIVITES-1-scaled.jpg","datePublished":"2021-08-24T08:33:49+00:00","dateModified":"2024-06-04T14:38:53+00:00","description":"Wat te doen tijdens uw vakantie op 5-sterren camping Les Dunes in Br\u00e9tigolles? Ontdek de activiteiten aangeboden door camping Les Dunes in de Vend\u00e9e.","breadcrumb":{"@id":"https:\/\/www.campinglesdunes.fr\/nl\/activiteiten\/#breadcrumb"},"inLanguage":"nl-NL","potentialAction":[{"@type":"ReadAction","target":["https:\/\/www.campinglesdunes.fr\/nl\/activiteiten\/"]}]},{"@type":"ImageObject","inLanguage":"nl-NL","@id":"https:\/\/www.campinglesdunes.fr\/nl\/activiteiten\/#primaryimage","url":"https:\/\/www.campinglesdunes.fr\/wp-content\/uploads\/2023\/01\/ACTIVITES-1-scaled.jpg","contentUrl":"https:\/\/www.campinglesdunes.fr\/wp-content\/uploads\/2023\/01\/ACTIVITES-1-scaled.jpg","width":"2560","height":"1297"},{"@type":"BreadcrumbList","@id":"https:\/\/www.campinglesdunes.fr\/nl\/activiteiten\/#breadcrumb","itemListElement":[{"@type":"ListItem","position":1,"name":"Camping Vend\u00e9e","item":"https:\/\/www.campinglesdunes.fr\/nl\/accueil-2\/"},{"@type":"ListItem","position":2,"name":"ACTIVITEITEN"}]},{"@type":"WebSite","@id":"https:\/\/www.campinglesdunes.fr\/nl\/#website","url":"https:\/\/www.campinglesdunes.fr\/nl\/","name":"Camping des Dunes","description":"Votre camping 5 \u00e9toiles en Vend\u00e9e","publisher":{"@id":"https:\/\/www.campinglesdunes.fr\/nl\/#organization"},"potentialAction":[{"@type":"SearchAction","target":{"@type":"EntryPoint","urlTemplate":"https:\/\/www.campinglesdunes.fr\/nl\/?s={search_term_string}"},"query-input":{"@type":"PropertyValueSpecification","valueRequired":true,"valueName":"search_term_string"}}],"inLanguage":"nl-NL"},{"@type":"Organization","@id":"https:\/\/www.campinglesdunes.fr\/nl\/#organization","name":"Camping Bretignolles sur Mer en Vend\u00e9e","url":"https:\/\/www.campinglesdunes.fr\/nl\/","logo":{"@type":"ImageObject","inLanguage":"nl-NL","@id":"https:\/\/www.campinglesdunes.fr\/nl\/#\/schema\/logo\/image\/","url":"https:\/\/www.campinglesdunes.fr\/wp-content\/uploads\/2022\/06\/logo-4.png","contentUrl":"https:\/\/www.campinglesdunes.fr\/wp-content\/uploads\/2022\/06\/logo-4.png","width":187,"height":80,"caption":"Camping Bretignolles sur Mer en Vend\u00e9e"},"image":{"@id":"https:\/\/www.campinglesdunes.fr\/nl\/#\/schema\/logo\/image\/"}}]}},"_links":{"self":[{"href":"https:\/\/www.campinglesdunes.fr\/nl\/wp-json\/wp\/v2\/pages\/18714","targetHints":{"allow":["GET"]}}],"collection":[{"href":"https:\/\/www.campinglesdunes.fr\/nl\/wp-json\/wp\/v2\/pages"}],"about":[{"href":"https:\/\/www.campinglesdunes.fr\/nl\/wp-json\/wp\/v2\/types\/page"}],"author":[{"embeddable":true,"href":"https:\/\/www.campinglesdunes.fr\/nl\/wp-json\/wp\/v2\/users\/1"}],"replies":[{"embeddable":true,"href":"https:\/\/www.campinglesdunes.fr\/nl\/wp-json\/wp\/v2\/comments?post=18714"}],"version-history":[{"count":2,"href":"https:\/\/www.campinglesdunes.fr\/nl\/wp-json\/wp\/v2\/pages\/18714\/revisions"}],"predecessor-version":[{"id":18722,"href":"https:\/\/www.campinglesdunes.fr\/nl\/wp-json\/wp\/v2\/pages\/18714\/revisions\/18722"}],"wp:featuredmedia":[{"embeddable":true,"href":"https:\/\/www.campinglesdunes.fr\/nl\/wp-json\/wp\/v2\/media\/14423"}],"wp:attachment":[{"href":"https:\/\/www.campinglesdunes.fr\/nl\/wp-json\/wp\/v2\/media?parent=18714"}],"curies":[{"name":"wp","href":"https:\/\/api.w.org\/{rel}","templated":true}]}}